{"id":1173,"date":"2023-01-31T01:39:06","date_gmt":"2023-01-31T01:39:06","guid":{"rendered":"https:\/\/holosofia.com.br\/?page_id=1173"},"modified":"2023-03-25T13:55:40","modified_gmt":"2023-03-25T13:55:40","slug":"holocoluna-0053","status":"publish","type":"page","link":"https:\/\/holosofia.com.br\/?page_id=1173","title":{"rendered":"Holocoluna &#8211; 0053"},"content":{"rendered":"<ol start=\"53\">\n<li>\n<h3>SOCIEDADE<\/h3>\n<\/li>\n<\/ol>\n<h3 style=\"text-align: right;\">Publicado em 28\/07\/2007<\/h3>\n<p>&nbsp;<\/p>\n<h4>Compreende-se como sociedade um grupo de pessoas residentes em terminado territ\u00f3rio. Temos a sociedade urbana, sociedade estadual, sociedade nacional e sociedade mundial.<\/h4>\n<h4>Nos prim\u00f3rdios o homem era n\u00f4made, portanto, n\u00e3o se fixava em nenhum lugar. Logo, n\u00e3o existia sociedade.<\/h4>\n<h4>A partir da iniciativa do homem em criar animais surgiu a necessidade da moradia fixa, dando lugar \u00e0 forma\u00e7\u00e3o de grupos, o que viria dar origem \u00e0 sociedade.<\/h4>\n<h4>Mais tarde, algumas pessoas destes grupos passariam a acumular bens, ocasionando divis\u00e3o natural dessa sociedade existente. \u00a0Uma divis\u00e3o na qual, de um lado estariam aquelas que tudo possu\u00edam e do outro aquelas que apenas trabalhavam.<\/h4>\n<h4>Portanto, os bens viriam definir a que categoria social o indiv\u00edduo passaria a pertencer, se \u00e0 classe rica (classe A) ou \u00e0 classe pobre (classe B).<\/h4>\n<h4>Com a evolu\u00e7\u00e3o s\u00f3cio-cultural e tecnol\u00f3gica a sociedade passaria a apresentar, basicamente, tr\u00eas divis\u00f5es ou classes \u2013 <em>alta, m\u00e9dia e baixa<\/em> \u2013, mas sempre contemplando o ac\u00famulo de bens materiais.<\/h4>\n<h4>A conviv\u00eancia dessas pessoas num mesmo territ\u00f3rio passaria a exigir a cria\u00e7\u00e3o de normas de comportamento.<\/h4>\n<h4>As pessoas que mais se ocuparam com a determina\u00e7\u00e3o das normas de comportamento ou moral social foram os fil\u00f3sofos, destacando-se Arist\u00f3teles.<\/h4>\n<h4>Como n\u00e3o poderia deixar de ser, as normas diziam que os pobres deveriam se comportar de forma a reconhecer a superioridade dos ricos, obedecendo-os e respeitando-os incondicionalmente.<\/h4>\n<h4>Por outro lado, era dado aos ricos o poder de punir aos pobres que viessem burlar as normas. No caso dos escravos, de acordo com a gravidade do erro cometido, eles poderiam, eticamente, pagar com a pr\u00f3pria vida.<\/h4>\n<h4>Arist\u00f3teles chegou a afirmar que apenas os ricos e brancos tinham direito \u00e0 felicidade, as mulheres e os escravos n\u00e3o. E isto era \u00e9tico.<\/h4>\n<h4>Com a melhoria das condi\u00e7\u00f5es educacionais, a sociedade moderna vem promovendo movimentos de diferentes grupos no sentido de reformular as normas antigas, adaptando-as \u00e0s realidades que se alteram de acordo com o momento hist\u00f3rico do homem.<\/h4>\n<h4>Os movimentos dos diferentes grupos sociais s\u00e3o necess\u00e1rios para desbancar os detentores do poder e, a partir de ent\u00e3o, construir-se uma nova sociedade. Numa nova sociedade as pessoas eliminar\u00e3o os sofrimentos oriundos das desigualdades sociais e viver\u00e3o de forma mais justa e digna.<\/h4>\n<h4>Pelo acima exposto, reconhece-se que o homem \u00e9 um animal social e hist\u00f3rico, o que nos leva a concluir que o caminho em dire\u00e7\u00e3o \u00e0s normas justas de comportamento da sociedade est\u00e1 diretamente relacionado ao n\u00edvel educacional das pessoas.<\/h4>\n<h4 style=\"text-align: right;\"><em>Sebasti\u00e3o Saraiva<\/em><\/h4>\n<h4 style=\"text-align: right;\"><em>M\u00e9dico e Hol\u00f3sofo<\/em><\/h4>\n","protected":false},"excerpt":{"rendered":"<p>SOCIEDADE Publicado em 28\/07\/2007 &nbsp; Compreende-se como sociedade um grupo de pessoas residentes em terminado territ\u00f3rio. Temos a sociedade urbana, sociedade estadual, sociedade nacional e sociedade mundial. Nos prim\u00f3rdios o homem era n\u00f4made, portanto, n\u00e3o se fixava em nenhum lugar. Logo, n\u00e3o existia sociedade. A partir da iniciativa do homem em criar animais surgiu a &hellip;<\/p>\n<p class=\"read-more\"> <a class=\"\" href=\"https:\/\/holosofia.com.br\/?page_id=1173\"> <span class=\"screen-reader-text\">Holocoluna &#8211; 0053<\/span> Leia mais &raquo;<\/a><\/p>\n","protected":false},"author":1,"featured_media":0,"parent":0,"menu_order":0,"comment_status":"closed","ping_status":"closed","template":"","meta":{"_bbp_topic_count":0,"_bbp_reply_count":0,"_bbp_total_topic_count":0,"_bbp_total_reply_count":0,"_bbp_voice_count":0,"_bbp_anonymous_reply_count":0,"_bbp_topic_count_hidden":0,"_bbp_reply_count_hidden":0,"_bbp_forum_subforum_count":0,"om_disable_all_campaigns":false,"_uag_custom_page_level_css":"","_mi_skip_tracking":false,"_monsterinsights_sitenote_active":false,"_monsterinsights_sitenote_note":"","_monsterinsights_sitenote_category":0,"site-sidebar-layout":"default","site-content-layout":"default","ast-global-header-display":"","ast-main-header-display":"","ast-hfb-above-header-display":"","ast-hfb-below-header-display":"","ast-hfb-mobile-header-display":"","site-post-title":"","ast-breadcrumbs-content":"","ast-featured-img":"","footer-sml-layout":"","theme-transparent-header-meta":"default","adv-header-id-meta":"","stick-header-meta":"","header-above-stick-meta":"","header-main-stick-meta":"","header-below-stick-meta":"","footnotes":""},"class_list":["post-1173","page","type-page","status-publish","hentry"],"aioseo_notices":[],"uagb_featured_image_src":{"full":false,"thumbnail":false,"medium":false,"medium_large":false,"large":false,"post-slider-thumb-size":false,"1536x1536":false,"2048x2048":false},"uagb_author_info":{"display_name":"solucaopublicidades@hotmail.com","author_link":"https:\/\/holosofia.com.br\/?author=1"},"uagb_comment_info":0,"uagb_excerpt":"SOCIEDADE Publicado em 28\/07\/2007 &nbsp; Compreende-se como sociedade um grupo de pessoas residentes em terminado territ\u00f3rio. Temos a sociedade urbana, sociedade estadual, sociedade nacional e sociedade mundial. Nos prim\u00f3rdios o homem era n\u00f4made, portanto, n\u00e3o se fixava em nenhum lugar. Logo, n\u00e3o existia sociedade. A partir da iniciativa do homem em criar animais surgiu a&hellip;","_links":{"self":[{"href":"https:\/\/holosofia.com.br\/index.php?rest_route=\/wp\/v2\/pages\/1173","targetHints":{"allow":["GET"]}}],"collection":[{"href":"https:\/\/holosofia.com.br\/index.php?rest_route=\/wp\/v2\/pages"}],"about":[{"href":"https:\/\/holosofia.com.br\/index.php?rest_route=\/wp\/v2\/types\/page"}],"author":[{"embeddable":true,"href":"https:\/\/holosofia.com.br\/index.php?rest_route=\/wp\/v2\/users\/1"}],"replies":[{"embeddable":true,"href":"https:\/\/holosofia.com.br\/index.php?rest_route=%2Fwp%2Fv2%2Fcomments&post=1173"}],"version-history":[{"count":2,"href":"https:\/\/holosofia.com.br\/index.php?rest_route=\/wp\/v2\/pages\/1173\/revisions"}],"predecessor-version":[{"id":1335,"href":"https:\/\/holosofia.com.br\/index.php?rest_route=\/wp\/v2\/pages\/1173\/revisions\/1335"}],"wp:attachment":[{"href":"https:\/\/holosofia.com.br\/index.php?rest_route=%2Fwp%2Fv2%2Fmedia&parent=1173"}],"curies":[{"name":"wp","href":"https:\/\/api.w.org\/{rel}","templated":true}]}}