{"id":1167,"date":"2023-01-31T01:37:30","date_gmt":"2023-01-31T01:37:30","guid":{"rendered":"https:\/\/holosofia.com.br\/?page_id=1167"},"modified":"2023-03-25T13:54:42","modified_gmt":"2023-03-25T13:54:42","slug":"holocoluna-0052","status":"publish","type":"page","link":"https:\/\/holosofia.com.br\/?page_id=1167","title":{"rendered":"Holocoluna &#8211; 0052"},"content":{"rendered":"<ol start=\"52\">\n<li>\n<h3><strong> Solidariedade <\/strong><\/h3>\n<\/li>\n<\/ol>\n<h3 style=\"text-align: right;\">Publicado em 14\/07\/2007<\/h3>\n<p>&nbsp;<\/p>\n<h4>Sa\u00fade, segundo a Organiza\u00e7\u00e3o Mundial de Sa\u00fade (OMS), \u00e9, al\u00e9m da aus\u00eancia de doen\u00e7a, a sensa\u00e7\u00e3o de bem-estar f\u00edsico, mental e social. O PHS acrescenta&#8230; e <strong>espiritual.<\/strong><\/h4>\n<h4>A sensa\u00e7\u00e3o de bem-estar nestes quatro planos \u00e9 sentida por aquele que assume a atitude de solidariedade, tornando-se um solid\u00e1rio.<\/h4>\n<h4>Logo, o solid\u00e1rio, quando na aus\u00eancia de doen\u00e7a, deve ser considerado uma pessoal saud\u00e1vel, com \u201csa\u00fade plena\u201d.<\/h4>\n<h4>Fazendo-se a fus\u00e3o das palavras \u201csa\u00fade plena\u201d, obt\u00e9m-se o voc\u00e1bulo \u201csaudena\u201d. O PHS cria e utiliza este voc\u00e1bulo para expressar o estado em que se encontra o Hol\u00f3sofo, por conseguinte, o solid\u00e1rio.<\/h4>\n<h4>Ser solid\u00e1rio \u00e9 manifestar-se favor\u00e1vel a situa\u00e7\u00f5es, posi\u00e7\u00f5es ou id\u00e9ias de uma pessoa ou de um grupo de pessoas, explicitando-se a\u00ed a responsabilidade m\u00fatua. Geralmente o solid\u00e1rio encontra-se em situa\u00e7\u00e3o privilegiada em rela\u00e7\u00e3o \u00e0quele a quem hipoteca solidariedade.<\/h4>\n<h4>Portanto, a constru\u00e7\u00e3o, organiza\u00e7\u00e3o e inaugura\u00e7\u00e3o da segunda Holo-biblioteca Comunit\u00e1ria em Cajuru, agora no dia 04 de julho, vem denotar o excelente grau de solidariedade da nossa gente, tornando-se um exemplo vivo de t\u00e3o nobre sentimento.<\/h4>\n<h4>Tal realidade merece, n\u00e3o apenas ser registrada, mas reconhecida como uma pr\u00e1tica a se tornar rotina no nosso meio. Este ser\u00e1 o caminho da reden\u00e7\u00e3o. O caminho para se resgatar a dignidade do ser humano que povoa os bairros da periferia de nossa cidade.<\/h4>\n<h4>Enquanto estivermos decididos a nos unir na busca de solu\u00e7\u00f5es para os problemas sociais existentes em nosso meio a esperan\u00e7a por um mundo melhor tende a aumentar.<\/h4>\n<h4>Por isso, o sentimento de solidariedade deve ser cultivado intensamente para que possamos garantir aos nossos descendentes melhores dias. Mas tamb\u00e9m, para que possamos desfrutar da felicidade interior decorrente das atitudes positivas para com o pr\u00f3ximo. Sempre que praticamos a solidariedade com algu\u00e9m, sentimo-nos imediatamente gratificados.<\/h4>\n<h4>Nunca ser\u00e1 demais ressaltar a import\u00e2ncia da solidariedade no processo de humaniza\u00e7\u00e3o da sociedade. Basta refletirmos sobre os acontecimentos de descaminhos di\u00e1rios da nossa juventude, em Cajuru e na maioria das cidades brasileiras, e do mundo.<\/h4>\n<h4>Neste momento torna-se imperativo apoiarmos todos os movimentos sociais que acenarem na dire\u00e7\u00e3o da melhoria da qualidade de vida. Este apoio \u00e9 a pr\u00f3pria solidariedade.<\/h4>\n<h4>A solidariedade brota no cora\u00e7\u00e3o bondoso de quem acredita na provid\u00eancia divina; ela \u00e9 capaz de solucionar problemas sociais e de promover grandes transforma\u00e7\u00f5es interiores nas pessoas envolvidas.<\/h4>\n<h4>A Solidariedade \u00e9 uma das vari\u00e1veis da forma concreta de amar.<\/h4>\n<h4 style=\"text-align: right;\"><em>Sebasti\u00e3o Saraiva<\/em><\/h4>\n<h4 style=\"text-align: right;\"><em>M\u00e9dico e Hol\u00f3sofo<\/em><\/h4>\n","protected":false},"excerpt":{"rendered":"<p>Solidariedade Publicado em 14\/07\/2007 &nbsp; Sa\u00fade, segundo a Organiza\u00e7\u00e3o Mundial de Sa\u00fade (OMS), \u00e9, al\u00e9m da aus\u00eancia de doen\u00e7a, a sensa\u00e7\u00e3o de bem-estar f\u00edsico, mental e social. O PHS acrescenta&#8230; e espiritual. A sensa\u00e7\u00e3o de bem-estar nestes quatro planos \u00e9 sentida por aquele que assume a atitude de solidariedade, tornando-se um solid\u00e1rio. Logo, o solid\u00e1rio, &hellip;<\/p>\n<p class=\"read-more\"> <a class=\"\" href=\"https:\/\/holosofia.com.br\/?page_id=1167\"> <span class=\"screen-reader-text\">Holocoluna &#8211; 0052<\/span> Leia mais &raquo;<\/a><\/p>\n","protected":false},"author":1,"featured_media":0,"parent":0,"menu_order":0,"comment_status":"closed","ping_status":"closed","template":"","meta":{"_bbp_topic_count":0,"_bbp_reply_count":0,"_bbp_total_topic_count":0,"_bbp_total_reply_count":0,"_bbp_voice_count":0,"_bbp_anonymous_reply_count":0,"_bbp_topic_count_hidden":0,"_bbp_reply_count_hidden":0,"_bbp_forum_subforum_count":0,"om_disable_all_campaigns":false,"_uag_custom_page_level_css":"","_mi_skip_tracking":false,"_monsterinsights_sitenote_active":false,"_monsterinsights_sitenote_note":"","_monsterinsights_sitenote_category":0,"site-sidebar-layout":"default","site-content-layout":"default","ast-global-header-display":"","ast-main-header-display":"","ast-hfb-above-header-display":"","ast-hfb-below-header-display":"","ast-hfb-mobile-header-display":"","site-post-title":"","ast-breadcrumbs-content":"","ast-featured-img":"","footer-sml-layout":"","theme-transparent-header-meta":"default","adv-header-id-meta":"","stick-header-meta":"","header-above-stick-meta":"","header-main-stick-meta":"","header-below-stick-meta":"","footnotes":""},"class_list":["post-1167","page","type-page","status-publish","hentry"],"aioseo_notices":[],"uagb_featured_image_src":{"full":false,"thumbnail":false,"medium":false,"medium_large":false,"large":false,"post-slider-thumb-size":false,"1536x1536":false,"2048x2048":false},"uagb_author_info":{"display_name":"solucaopublicidades@hotmail.com","author_link":"https:\/\/holosofia.com.br\/?author=1"},"uagb_comment_info":0,"uagb_excerpt":"Solidariedade Publicado em 14\/07\/2007 &nbsp; Sa\u00fade, segundo a Organiza\u00e7\u00e3o Mundial de Sa\u00fade (OMS), \u00e9, al\u00e9m da aus\u00eancia de doen\u00e7a, a sensa\u00e7\u00e3o de bem-estar f\u00edsico, mental e social. O PHS acrescenta&#8230; e espiritual. A sensa\u00e7\u00e3o de bem-estar nestes quatro planos \u00e9 sentida por aquele que assume a atitude de solidariedade, tornando-se um solid\u00e1rio. Logo, o solid\u00e1rio,&hellip;","_links":{"self":[{"href":"https:\/\/holosofia.com.br\/index.php?rest_route=\/wp\/v2\/pages\/1167","targetHints":{"allow":["GET"]}}],"collection":[{"href":"https:\/\/holosofia.com.br\/index.php?rest_route=\/wp\/v2\/pages"}],"about":[{"href":"https:\/\/holosofia.com.br\/index.php?rest_route=\/wp\/v2\/types\/page"}],"author":[{"embeddable":true,"href":"https:\/\/holosofia.com.br\/index.php?rest_route=\/wp\/v2\/users\/1"}],"replies":[{"embeddable":true,"href":"https:\/\/holosofia.com.br\/index.php?rest_route=%2Fwp%2Fv2%2Fcomments&post=1167"}],"version-history":[{"count":2,"href":"https:\/\/holosofia.com.br\/index.php?rest_route=\/wp\/v2\/pages\/1167\/revisions"}],"predecessor-version":[{"id":1334,"href":"https:\/\/holosofia.com.br\/index.php?rest_route=\/wp\/v2\/pages\/1167\/revisions\/1334"}],"wp:attachment":[{"href":"https:\/\/holosofia.com.br\/index.php?rest_route=%2Fwp%2Fv2%2Fmedia&parent=1167"}],"curies":[{"name":"wp","href":"https:\/\/api.w.org\/{rel}","templated":true}]}}