{"id":1162,"date":"2023-01-31T01:34:33","date_gmt":"2023-01-31T01:34:33","guid":{"rendered":"https:\/\/holosofia.com.br\/?page_id=1162"},"modified":"2023-03-25T13:53:12","modified_gmt":"2023-03-25T13:53:12","slug":"holocoluna-0051","status":"publish","type":"page","link":"https:\/\/holosofia.com.br\/?page_id=1162","title":{"rendered":"Holocoluna &#8211; 0051"},"content":{"rendered":"<ol start=\"51\">\n<li>\n<h3><strong> Holo-biblioteca Comunit\u00e1ria Rita do Prado Gon\u00e7alves<\/strong><\/h3>\n<\/li>\n<\/ol>\n<h3 style=\"text-align: right;\">Publicado em 23\/06\/2007<\/h3>\n<p>&nbsp;<\/p>\n<h4>O mundo moderno vem exigindo, progressivamente, mais conhecimento e iniciativa pessoal por parte daqueles que desejam ingressar no mercado de trabalho.<\/h4>\n<h4>Esta afirmativa tem dois grandes significados: primeiro, refere-se, fundamentalmente, aos jovens; e segundo, a obten\u00e7\u00e3o do trabalho \u2013 <em>meio atrav\u00e9s do qual a pessoa conquista dignamente o dinheiro para garantir a sua subsist\u00eancia<\/em> \u2013 torna-se poss\u00edvel pela demonstra\u00e7\u00e3o da bagagem cultural at\u00e9 ent\u00e3o adquirida.<\/h4>\n<h4>Diante do acima exposto, parece l\u00f3gica a concentra\u00e7\u00e3o dos esfor\u00e7os das autoridades constitu\u00eddas, dos segmentos sociais formadores de opini\u00e3o e dos familiares no sentido de atrair as crian\u00e7as e os adolescentes para o ambiente escolar.<\/h4>\n<h4>Este esfor\u00e7o conjunto denota maturidade individual e responsabilidade social rumo \u00e0 melhoria da qualidade de vida de uma comunidade.<\/h4>\n<h4>A melhoria da qualidade de vida de uma comunidade inclui a promo\u00e7\u00e3o cultural dos seus membros.<\/h4>\n<h4>A pessoa detentora de maior grau de cultura ter\u00e1 mais chance de se posicionar melhor diante das diversidades da vida, sentir-se-\u00e1 mais segura, saber\u00e1 planejar conscientemente o seu futuro, ter\u00e1 mais cuidado na escolha dos seus alimentos, evitar\u00e1 maus h\u00e1bitos e gozar\u00e1 de mais sa\u00fade e, certamente, ser\u00e1 mais independente e mais orgulhosa de si, como pessoa e como profissional. Dar\u00e1 ao inv\u00e9s de pedir.<\/h4>\n<h4>Isto \u00e9 tudo que os pais desejam para seus filhos.<\/h4>\n<h4>Pensando assim, O Programa Holos\u00f3fico de Sa\u00fade (PHS) contempla no seu Plano Geral de A\u00e7\u00f5es a implanta\u00e7\u00e3o da Holo-biblioteca Comunit\u00e1ria (HbC) em todos os bairros da cidade como ferramenta de promo\u00e7\u00e3o e manuten\u00e7\u00e3o da sa\u00fade (f\u00edsica, mental, social e espiritual).<\/h4>\n<h4>O PHS est\u00e1 \u00e0 frente da Coordena\u00e7\u00e3o Geral das cinco \u2013 <em>Cohab, Cruz Alta, Cruzeiro, Dom Bosco e Piscina<\/em> \u2013 equipes do Programa de Sa\u00fade da Fam\u00edlia (PSF) e, por isso, d\u00e1 prioridade \u00e0 implanta\u00e7\u00e3o da HbC , primeiramente, nesses bairros.<\/h4>\n<h4>Estabelecido o crit\u00e9rio de sorteio, a Cruz Alta foi a primeira felizarda, recebendo a sua HbC no dia 04 de julho de 2006, a Holo-biblioteca Comunit\u00e1ria Profa. Jamile Lourdes Elias.<\/h4>\n<h4>Agora, \u00e0s 18h00min do dia 04 de julho de 2007, quarta-feira, ser\u00e1 a vez do bairro Dom Bosco, ocasi\u00e3o em que se inaugurar\u00e1 a Holo-biblioteca Rita do Prado Gon\u00e7alves, \u00e0 Rua Jos\u00e9 Bernardes da Silva, n\u00famero 363. Voc\u00ea (leitor\/a) e toda a sociedade cajuruense est\u00e3o CONVIDADOS a se fazerem presentes a este ato solene.<\/h4>\n<h4>Uma das caracter\u00edsticas das atividades do PHS \u00e9 o compartilhar social. Portanto, a constru\u00e7\u00e3o do pr\u00e9dio, a aquisi\u00e7\u00e3o do acervo liter\u00e1rio e a organiza\u00e7\u00e3o desta HbC devem-se a dezenas de pessoas amigas e sens\u00edveis a uma boa causa.<\/h4>\n<h4>Assim, queremos aproveitar esta oportunidade para, tamb\u00e9m, AGRADECER aos amigos colaboradores \u2013 <em>com terreno, material de constru\u00e7\u00e3o, m\u00e3o-de-obra, equipamentos, material de consumo e livros<\/em> \u2013, que sem os quais este sonho n\u00e3o teria se realizado. Que Deus lhes retribua!<\/h4>\n<h4>Obrigado!<\/h4>\n<h4 style=\"text-align: right;\"><em>Sebasti\u00e3o Saraiva<\/em><\/h4>\n<h4 style=\"text-align: right;\"><em>M\u00e9dico e Hol\u00f3sofo<\/em><\/h4>\n","protected":false},"excerpt":{"rendered":"<p>Holo-biblioteca Comunit\u00e1ria Rita do Prado Gon\u00e7alves Publicado em 23\/06\/2007 &nbsp; O mundo moderno vem exigindo, progressivamente, mais conhecimento e iniciativa pessoal por parte daqueles que desejam ingressar no mercado de trabalho. Esta afirmativa tem dois grandes significados: primeiro, refere-se, fundamentalmente, aos jovens; e segundo, a obten\u00e7\u00e3o do trabalho \u2013 meio atrav\u00e9s do qual a pessoa &hellip;<\/p>\n<p class=\"read-more\"> <a class=\"\" href=\"https:\/\/holosofia.com.br\/?page_id=1162\"> <span class=\"screen-reader-text\">Holocoluna &#8211; 0051<\/span> Leia mais &raquo;<\/a><\/p>\n","protected":false},"author":1,"featured_media":0,"parent":0,"menu_order":0,"comment_status":"closed","ping_status":"closed","template":"","meta":{"_bbp_topic_count":0,"_bbp_reply_count":0,"_bbp_total_topic_count":0,"_bbp_total_reply_count":0,"_bbp_voice_count":0,"_bbp_anonymous_reply_count":0,"_bbp_topic_count_hidden":0,"_bbp_reply_count_hidden":0,"_bbp_forum_subforum_count":0,"om_disable_all_campaigns":false,"_uag_custom_page_level_css":"","_mi_skip_tracking":false,"_monsterinsights_sitenote_active":false,"_monsterinsights_sitenote_note":"","_monsterinsights_sitenote_category":0,"site-sidebar-layout":"default","site-content-layout":"default","ast-global-header-display":"","ast-main-header-display":"","ast-hfb-above-header-display":"","ast-hfb-below-header-display":"","ast-hfb-mobile-header-display":"","site-post-title":"","ast-breadcrumbs-content":"","ast-featured-img":"","footer-sml-layout":"","theme-transparent-header-meta":"default","adv-header-id-meta":"","stick-header-meta":"","header-above-stick-meta":"","header-main-stick-meta":"","header-below-stick-meta":"","footnotes":""},"class_list":["post-1162","page","type-page","status-publish","hentry"],"aioseo_notices":[],"uagb_featured_image_src":{"full":false,"thumbnail":false,"medium":false,"medium_large":false,"large":false,"post-slider-thumb-size":false,"1536x1536":false,"2048x2048":false},"uagb_author_info":{"display_name":"solucaopublicidades@hotmail.com","author_link":"https:\/\/holosofia.com.br\/?author=1"},"uagb_comment_info":0,"uagb_excerpt":"Holo-biblioteca Comunit\u00e1ria Rita do Prado Gon\u00e7alves Publicado em 23\/06\/2007 &nbsp; O mundo moderno vem exigindo, progressivamente, mais conhecimento e iniciativa pessoal por parte daqueles que desejam ingressar no mercado de trabalho. Esta afirmativa tem dois grandes significados: primeiro, refere-se, fundamentalmente, aos jovens; e segundo, a obten\u00e7\u00e3o do trabalho \u2013 meio atrav\u00e9s do qual a pessoa&hellip;","_links":{"self":[{"href":"https:\/\/holosofia.com.br\/index.php?rest_route=\/wp\/v2\/pages\/1162","targetHints":{"allow":["GET"]}}],"collection":[{"href":"https:\/\/holosofia.com.br\/index.php?rest_route=\/wp\/v2\/pages"}],"about":[{"href":"https:\/\/holosofia.com.br\/index.php?rest_route=\/wp\/v2\/types\/page"}],"author":[{"embeddable":true,"href":"https:\/\/holosofia.com.br\/index.php?rest_route=\/wp\/v2\/users\/1"}],"replies":[{"embeddable":true,"href":"https:\/\/holosofia.com.br\/index.php?rest_route=%2Fwp%2Fv2%2Fcomments&post=1162"}],"version-history":[{"count":2,"href":"https:\/\/holosofia.com.br\/index.php?rest_route=\/wp\/v2\/pages\/1162\/revisions"}],"predecessor-version":[{"id":1333,"href":"https:\/\/holosofia.com.br\/index.php?rest_route=\/wp\/v2\/pages\/1162\/revisions\/1333"}],"wp:attachment":[{"href":"https:\/\/holosofia.com.br\/index.php?rest_route=%2Fwp%2Fv2%2Fmedia&parent=1162"}],"curies":[{"name":"wp","href":"https:\/\/api.w.org\/{rel}","templated":true}]}}