{"id":1151,"date":"2023-01-31T01:30:46","date_gmt":"2023-01-31T01:30:46","guid":{"rendered":"https:\/\/holosofia.com.br\/?page_id=1151"},"modified":"2023-03-25T13:49:30","modified_gmt":"2023-03-25T13:49:30","slug":"holocoluna-0049","status":"publish","type":"page","link":"https:\/\/holosofia.com.br\/?page_id=1151","title":{"rendered":"Holocoluna &#8211; 0049"},"content":{"rendered":"<ol start=\"49\">\n<li>\n<h3>N\u00daCLEO DE APOIO SOCIAL AO PHS (NAS\/PHS) 19.04 C\u00e2mara<\/h3>\n<\/li>\n<\/ol>\n<h3 style=\"text-align: right;\">Publicado em 09\/06\/2007<\/h3>\n<p>&nbsp;<\/p>\n<h4>O Programa Holos\u00f3fico de Sa\u00fade (PHS) executa as suas atividades atrav\u00e9s do Programa de Valoriza\u00e7\u00e3o do Servidor (PVS) e do Programa de Valoriza\u00e7\u00e3o do Servido (PVSD).<\/h4>\n<h4>O PVSD conta com dois m\u00f3dulos de a\u00e7\u00f5es, a RISO (Rede de Integra\u00e7\u00e3o Social) e o NECES (N\u00facleo de Expans\u00e3o Cultural, Econ\u00f4mica e Social).<\/h4>\n<h4>A C\u00e2mara Municipal de Cajuru, numa postura democr\u00e1tica e \u00e9tica, concedeu um espa\u00e7o na sua Reuni\u00e3o Ordin\u00e1ria da noite de 19 de abril deste ano de 2007 para que o Dr. Sebasti\u00e3o Saraiva procedesse a apresenta\u00e7\u00e3o do PHS, como iniciativa pertinente ao prop\u00f3sito da RISO.<\/h4>\n<h4>Apesar do adiantado da hora, face \u00e0 leitura do projeto do plano de carreira dos professores municipais, objeto primeiro da pauta, todos os vereadores se fizeram presentes e atentos \u00e0 explana\u00e7\u00e3o. O apresentador teve o cuidado de ser breve ao expor o conte\u00fado de cada slide projetado, deixando a plat\u00e9ia plenamente informada a respeito desse importante, in\u00e9dito e revolucion\u00e1rio programa de sa\u00fade social, ora implantado no Munic\u00edpio.<\/h4>\n<h4>Ao t\u00e9rmino da referida apresenta\u00e7\u00e3o o casal Fabiano Lopes Gomes (t\u00e9cnico em computa\u00e7\u00e3o) e Tatiane Melo Ferreira (fisioterapeuta) se manifestou desejoso em participar do PHS.<\/h4>\n<h4>Cinco dias depois (24 de abril), nascia o N\u00facleo de Apoio Social ao PHS (NAS\/PHS). Agora com a inclus\u00e3o de mais duas pessoas \u2013 <em>K\u00e1tia parecida de Paula (agente comunit\u00e1ria de sa\u00fade) e Sabrina Cardoso dos Reis (administradora)<\/em> \u2013 identificadas com o bem-estar coletivo.<\/h4>\n<h4>A equipe NAS\/PHS rec\u00e9m formada j\u00e1 demonstra a sua capacidade empreendedora num primeiro momento, inaugurando um programa ecl\u00e9tico e informal com grande potencial de socializa\u00e7\u00e3o, denominado \u201cCh\u00e1 Holos\u00f3fico\u201d.<\/h4>\n<h4>O \u201cCh\u00e1 Holos\u00f3fico\u201d se constitui numa iniciativa com dois momentos. Primeiramente, o convidado aborda um tema e, secundariamente a plat\u00e9ia se manifesta, estabelecendo-se o debate. Os presentes ficam \u00e0 vontade para se servirem na mesa ao fundo ao longo do encontro, a qual disponibiliza ch\u00e1s, caf\u00e9 e biscoitos variados.<\/h4>\n<h4>O primeiro evento aconteceu \u00e0s 19h30min do dia 07 de maio \u2013 <em>2\u00aa feira<\/em> \u2013, na Casa da Cultura, tendo sido convidado o Dr. Sebasti\u00e3o Saraiva, para repetir a \u201cApresenta\u00e7\u00e3o Social do PHS\u201d.<\/h4>\n<h4>Os convidados mostraram-se participativos e interessados pelo tema, destacando-se alguns funcion\u00e1rios da Secretaria de Sa\u00fade, Silvio Const\u00e2ncio, Dr&#8230;,\u00a0 Jos\u00e9 Bernardes Freire Filho, &#8230;., &#8230; , &#8230;<\/h4>\n<h4>Na reuni\u00e3o de avalia\u00e7\u00e3o desta promo\u00e7\u00e3o inicial, a equipe concluiu por definir a segunda 4\u00aa feira de cada m\u00eas \u2013 <em>no mesmo hor\u00e1rio e local<\/em> \u2013 como ideal para a realiza\u00e7\u00e3o dos pr\u00f3ximos \u201cCh\u00e1s Holos\u00f3ficos\u201d.<\/h4>\n<h4>Portanto, voc\u00ea, que est\u00e1 lendo este artigo, sinta-se permanentemente convidado.<\/h4>\n<h4>O segundo \u201cCh\u00e1 Holos\u00f3fico\u201d ocorrer\u00e1 \u00e0s 19h30min do dia 13 de junho \u2013 <em>4\u00aa feira<\/em> \u2013 na Casa da Cultura. O tema \u2013 O Cidad\u00e3o no contexto jur\u00eddico \u2013 ser\u00e1 apresentado pela Dra. S\u00f4nia &#8230;Corr\u00eaa, advogada e Presidente da OAB.<\/h4>\n<h4>Convide seus amigos e venham juntos curtir uma noite fraterna festiva e cultural.<\/h4>\n<h4 style=\"text-align: right;\"><em>Sebasti\u00e3o Saraiva<\/em><\/h4>\n<h4 style=\"text-align: right;\"><em>M\u00e9dico e Hol\u00f3sofo<\/em><\/h4>\n","protected":false},"excerpt":{"rendered":"<p>N\u00daCLEO DE APOIO SOCIAL AO PHS (NAS\/PHS) 19.04 C\u00e2mara Publicado em 09\/06\/2007 &nbsp; O Programa Holos\u00f3fico de Sa\u00fade (PHS) executa as suas atividades atrav\u00e9s do Programa de Valoriza\u00e7\u00e3o do Servidor (PVS) e do Programa de Valoriza\u00e7\u00e3o do Servido (PVSD). O PVSD conta com dois m\u00f3dulos de a\u00e7\u00f5es, a RISO (Rede de Integra\u00e7\u00e3o Social) e o &hellip;<\/p>\n<p class=\"read-more\"> <a class=\"\" href=\"https:\/\/holosofia.com.br\/?page_id=1151\"> <span class=\"screen-reader-text\">Holocoluna &#8211; 0049<\/span> Leia mais &raquo;<\/a><\/p>\n","protected":false},"author":1,"featured_media":0,"parent":0,"menu_order":0,"comment_status":"closed","ping_status":"closed","template":"","meta":{"_bbp_topic_count":0,"_bbp_reply_count":0,"_bbp_total_topic_count":0,"_bbp_total_reply_count":0,"_bbp_voice_count":0,"_bbp_anonymous_reply_count":0,"_bbp_topic_count_hidden":0,"_bbp_reply_count_hidden":0,"_bbp_forum_subforum_count":0,"om_disable_all_campaigns":false,"_uag_custom_page_level_css":"","_mi_skip_tracking":false,"_monsterinsights_sitenote_active":false,"_monsterinsights_sitenote_note":"","_monsterinsights_sitenote_category":0,"site-sidebar-layout":"default","site-content-layout":"default","ast-global-header-display":"","ast-main-header-display":"","ast-hfb-above-header-display":"","ast-hfb-below-header-display":"","ast-hfb-mobile-header-display":"","site-post-title":"","ast-breadcrumbs-content":"","ast-featured-img":"","footer-sml-layout":"","theme-transparent-header-meta":"default","adv-header-id-meta":"","stick-header-meta":"","header-above-stick-meta":"","header-main-stick-meta":"","header-below-stick-meta":"","footnotes":""},"class_list":["post-1151","page","type-page","status-publish","hentry"],"aioseo_notices":[],"uagb_featured_image_src":{"full":false,"thumbnail":false,"medium":false,"medium_large":false,"large":false,"post-slider-thumb-size":false,"1536x1536":false,"2048x2048":false},"uagb_author_info":{"display_name":"solucaopublicidades@hotmail.com","author_link":"https:\/\/holosofia.com.br\/?author=1"},"uagb_comment_info":0,"uagb_excerpt":"N\u00daCLEO DE APOIO SOCIAL AO PHS (NAS\/PHS) 19.04 C\u00e2mara Publicado em 09\/06\/2007 &nbsp; O Programa Holos\u00f3fico de Sa\u00fade (PHS) executa as suas atividades atrav\u00e9s do Programa de Valoriza\u00e7\u00e3o do Servidor (PVS) e do Programa de Valoriza\u00e7\u00e3o do Servido (PVSD). O PVSD conta com dois m\u00f3dulos de a\u00e7\u00f5es, a RISO (Rede de Integra\u00e7\u00e3o Social) e o&hellip;","_links":{"self":[{"href":"https:\/\/holosofia.com.br\/index.php?rest_route=\/wp\/v2\/pages\/1151","targetHints":{"allow":["GET"]}}],"collection":[{"href":"https:\/\/holosofia.com.br\/index.php?rest_route=\/wp\/v2\/pages"}],"about":[{"href":"https:\/\/holosofia.com.br\/index.php?rest_route=\/wp\/v2\/types\/page"}],"author":[{"embeddable":true,"href":"https:\/\/holosofia.com.br\/index.php?rest_route=\/wp\/v2\/users\/1"}],"replies":[{"embeddable":true,"href":"https:\/\/holosofia.com.br\/index.php?rest_route=%2Fwp%2Fv2%2Fcomments&post=1151"}],"version-history":[{"count":2,"href":"https:\/\/holosofia.com.br\/index.php?rest_route=\/wp\/v2\/pages\/1151\/revisions"}],"predecessor-version":[{"id":1331,"href":"https:\/\/holosofia.com.br\/index.php?rest_route=\/wp\/v2\/pages\/1151\/revisions\/1331"}],"wp:attachment":[{"href":"https:\/\/holosofia.com.br\/index.php?rest_route=%2Fwp%2Fv2%2Fmedia&parent=1151"}],"curies":[{"name":"wp","href":"https:\/\/api.w.org\/{rel}","templated":true}]}}