{"id":1146,"date":"2023-01-31T01:28:06","date_gmt":"2023-01-31T01:28:06","guid":{"rendered":"https:\/\/holosofia.com.br\/?page_id=1146"},"modified":"2023-03-25T13:41:47","modified_gmt":"2023-03-25T13:41:47","slug":"holocoluna-0048","status":"publish","type":"page","link":"https:\/\/holosofia.com.br\/?page_id=1146","title":{"rendered":"Holocoluna &#8211; 0048"},"content":{"rendered":"<ol start=\"48\">\n<li>\n<h3>XII. A RELA\u00c7\u00c3O M\u00c9DICO-PACIENTE<\/h3>\n<\/li>\n<\/ol>\n<h3 style=\"text-align: right;\">Publicado em 02\/06\/2007<\/h3>\n<p>&nbsp;<\/p>\n<h4>No campo da Ci\u00eancia-Tecnologia a humanidade tem demonstrado grandes avan\u00e7os e belas conquistas, mas no movedi\u00e7o terreno das rela\u00e7\u00f5es o progresso vem acontecendo de forma muita t\u00edmida.<\/h4>\n<h4>Trabalhos cient\u00edficos t\u00eam revelado que a TV, inicialmente acolhida como excelente meio de entretenimento, atualmente vem se constituindo num fator de desagrega\u00e7\u00e3o familiar, pois a mesma apresenta uma for\u00e7a quase irresist\u00edvel de sedu\u00e7\u00e3o.<\/h4>\n<h4>Assim, aquelas ocasi\u00f5es em que os familiares se re\u00fanem circunstancialmente, isto \u00e9, pela coincid\u00eancia do retorno da escola para uns e do trabalho para outros, que poderiam representar excelente oportunidade para o compartilhar, s\u00e3o subtra\u00eddas pela maldita tela colorida.<\/h4>\n<h4>Eis a\u00ed a primeira perda de oportunidade para o aprimoramento das rela\u00e7\u00f5es. Em sendo a fam\u00edlia uma oficina onde s\u00e3o exercitadas as diferentes potencialidades individuais, a cria\u00e7\u00e3o do h\u00e1bito das boas rela\u00e7\u00f5es, a\u00ed tamb\u00e9m, se inclui.<\/h4>\n<h4>Portanto, quando nos referimos \u00e0 rela\u00e7\u00e3o m\u00e9dico-paciente, especialmente no campo da Pediatria, conv\u00e9m fazer uma reflex\u00e3o mais profunda sobre o tema, e verificar que o modo como as pessoas se relacionam sinaliza para um comportamento adquirido pela for\u00e7a do h\u00e1bito.<\/h4>\n<h4>Logo, \u00e9 aconselh\u00e1vel aos pais valorizarem todos os momentos da conviv\u00eancia familiar, exemplificando aos filhos a import\u00e2ncia das rela\u00e7\u00f5es inter-pessoais. Isto \u00e9 v\u00e1lido para todos, tanto para os pacientes como para os m\u00e9dicos.<\/h4>\n<h4>Essas crian\u00e7as de hoje n\u00e3o tardar\u00e3o a tornarem-se pais. Pais m\u00e9dicos e pais pacientes. Todos ter\u00e3o internalizado na sua personalidade a pr\u00e1tica das boas rela\u00e7\u00f5es, o que garantir\u00e1 uma boa rela\u00e7\u00e3o m\u00e9dico-paciente no futuro.<\/h4>\n<h4>Naturalmente, as rela\u00e7\u00f5es humanas n\u00e3o podem ser aprendidas de maneira espec\u00edfica, mas sim generalizada. Se voc\u00ea tem o exerc\u00edcio da boa rela\u00e7\u00e3o familiar, onde quer que voc\u00ea esteja l\u00e1 ela estar\u00e1, apenas ser\u00e1 reconhecida com a \u201ccara\u201d que o contexto lhe explicitar. No contexto m\u00e9dico-paciente o comportamento de ambos exprimir\u00e1 o exerc\u00edcio da boa rela\u00e7\u00e3o familiar anteriormente aprendida.<\/h4>\n<h4>Agora parece f\u00e1cil compreender situa\u00e7\u00f5es onde a rela\u00e7\u00e3o m\u00e9dico-paciente deixa de ser boa. Neste caso, uma das partes ou ambas foram privadas do exerc\u00edcio familiar, no aspecto das rela\u00e7\u00f5es humanas como um todo.<\/h4>\n<h4>Vejamos, pois, o conceito de sa\u00fade, segundo a Organiza\u00e7\u00e3o Mundial de Sa\u00fade (OMS): <em>\u201cSa\u00fade \u00e9, al\u00e9m da aus\u00eancia de doen\u00e7a, a sensa\u00e7\u00e3o de bem-estar f\u00edsico, mental e social\u201d.<\/em> O PHS acrescenta&#8230;<strong>e<\/strong> <strong>espiritual.<\/strong><\/h4>\n<h4>Finalmente, a l\u00f3gica nos leva \u00e0 inequ\u00edvoca conclus\u00e3o de que a boa rela\u00e7\u00e3o m\u00e9dico-paciente traduz o exerc\u00edcio da boa rela\u00e7\u00e3o familiar do m\u00e9dico, ainda crian\u00e7a, e a sua sa\u00fade pessoal, de um lado, e o mesmo, em se tratando do paciente.<\/h4>\n<h4>Encerramos assim a cole\u00e7\u00e3o \u201cCuidando do Meu Filho\u201d. Tarefa, por n\u00f3s, planejada e executada. A voc\u00ea compete a avalia\u00e7\u00e3o e a conclus\u00e3o.<\/h4>\n<h4 style=\"text-align: right;\">Sebasti\u00e3o Saraiva<\/h4>\n<h4 style=\"text-align: right;\">M\u00e9dico e Hol\u00f3sofo<\/h4>\n","protected":false},"excerpt":{"rendered":"<p>XII. A RELA\u00c7\u00c3O M\u00c9DICO-PACIENTE Publicado em 02\/06\/2007 &nbsp; No campo da Ci\u00eancia-Tecnologia a humanidade tem demonstrado grandes avan\u00e7os e belas conquistas, mas no movedi\u00e7o terreno das rela\u00e7\u00f5es o progresso vem acontecendo de forma muita t\u00edmida. Trabalhos cient\u00edficos t\u00eam revelado que a TV, inicialmente acolhida como excelente meio de entretenimento, atualmente vem se constituindo num fator &hellip;<\/p>\n<p class=\"read-more\"> <a class=\"\" href=\"https:\/\/holosofia.com.br\/?page_id=1146\"> <span class=\"screen-reader-text\">Holocoluna &#8211; 0048<\/span> Leia mais &raquo;<\/a><\/p>\n","protected":false},"author":1,"featured_media":0,"parent":0,"menu_order":0,"comment_status":"closed","ping_status":"closed","template":"","meta":{"_bbp_topic_count":0,"_bbp_reply_count":0,"_bbp_total_topic_count":0,"_bbp_total_reply_count":0,"_bbp_voice_count":0,"_bbp_anonymous_reply_count":0,"_bbp_topic_count_hidden":0,"_bbp_reply_count_hidden":0,"_bbp_forum_subforum_count":0,"om_disable_all_campaigns":false,"_uag_custom_page_level_css":"","_mi_skip_tracking":false,"_monsterinsights_sitenote_active":false,"_monsterinsights_sitenote_note":"","_monsterinsights_sitenote_category":0,"site-sidebar-layout":"default","site-content-layout":"default","ast-global-header-display":"","ast-main-header-display":"","ast-hfb-above-header-display":"","ast-hfb-below-header-display":"","ast-hfb-mobile-header-display":"","site-post-title":"","ast-breadcrumbs-content":"","ast-featured-img":"","footer-sml-layout":"","theme-transparent-header-meta":"default","adv-header-id-meta":"","stick-header-meta":"","header-above-stick-meta":"","header-main-stick-meta":"","header-below-stick-meta":"","footnotes":""},"class_list":["post-1146","page","type-page","status-publish","hentry"],"aioseo_notices":[],"uagb_featured_image_src":{"full":false,"thumbnail":false,"medium":false,"medium_large":false,"large":false,"post-slider-thumb-size":false,"1536x1536":false,"2048x2048":false},"uagb_author_info":{"display_name":"solucaopublicidades@hotmail.com","author_link":"https:\/\/holosofia.com.br\/?author=1"},"uagb_comment_info":0,"uagb_excerpt":"XII. A RELA\u00c7\u00c3O M\u00c9DICO-PACIENTE Publicado em 02\/06\/2007 &nbsp; No campo da Ci\u00eancia-Tecnologia a humanidade tem demonstrado grandes avan\u00e7os e belas conquistas, mas no movedi\u00e7o terreno das rela\u00e7\u00f5es o progresso vem acontecendo de forma muita t\u00edmida. Trabalhos cient\u00edficos t\u00eam revelado que a TV, inicialmente acolhida como excelente meio de entretenimento, atualmente vem se constituindo num fator&hellip;","_links":{"self":[{"href":"https:\/\/holosofia.com.br\/index.php?rest_route=\/wp\/v2\/pages\/1146","targetHints":{"allow":["GET"]}}],"collection":[{"href":"https:\/\/holosofia.com.br\/index.php?rest_route=\/wp\/v2\/pages"}],"about":[{"href":"https:\/\/holosofia.com.br\/index.php?rest_route=\/wp\/v2\/types\/page"}],"author":[{"embeddable":true,"href":"https:\/\/holosofia.com.br\/index.php?rest_route=\/wp\/v2\/users\/1"}],"replies":[{"embeddable":true,"href":"https:\/\/holosofia.com.br\/index.php?rest_route=%2Fwp%2Fv2%2Fcomments&post=1146"}],"version-history":[{"count":2,"href":"https:\/\/holosofia.com.br\/index.php?rest_route=\/wp\/v2\/pages\/1146\/revisions"}],"predecessor-version":[{"id":1330,"href":"https:\/\/holosofia.com.br\/index.php?rest_route=\/wp\/v2\/pages\/1146\/revisions\/1330"}],"wp:attachment":[{"href":"https:\/\/holosofia.com.br\/index.php?rest_route=%2Fwp%2Fv2%2Fmedia&parent=1146"}],"curies":[{"name":"wp","href":"https:\/\/api.w.org\/{rel}","templated":true}]}}