{"id":1141,"date":"2023-01-31T01:26:02","date_gmt":"2023-01-31T01:26:02","guid":{"rendered":"https:\/\/holosofia.com.br\/?page_id=1141"},"modified":"2023-03-25T13:40:46","modified_gmt":"2023-03-25T13:40:46","slug":"holocoluna-0047","status":"publish","type":"page","link":"https:\/\/holosofia.com.br\/?page_id=1141","title":{"rendered":"Holocoluna &#8211; 0047"},"content":{"rendered":"<ol start=\"47\">\n<li>\n<h3>XI. O CONTATO F\u00cdSICO<\/h3>\n<\/li>\n<\/ol>\n<h3 style=\"text-align: right;\">Publicado em 19\/05\/2007<\/h3>\n<p>&nbsp;<\/p>\n<h4>O ser humano \u00e9 concebido gra\u00e7as ao <u>contato f\u00edsico<\/u> entre o pai e a m\u00e3e.<\/h4>\n<h4>O embri\u00e3o\/feto mant\u00e9m com a m\u00e3e um super <u>contato f\u00edsico.<\/u><\/h4>\n<h4>Com o nascimento, a amamenta\u00e7\u00e3o materna d\u00e1 continuidade ao <u>contato f\u00edsico.<\/u><\/h4>\n<h4>O pai que acaricia o beb\u00ea lhe proporciona o <u>contato f\u00edsico.<\/u><\/h4>\n<h4>O <u>contato f\u00edsico<\/u>, pois, \u00e9 necess\u00e1rio para o desenvolvimento afetivo do indiv\u00edduo.<\/h4>\n<h4>Neste particular, queremos chamar a aten\u00e7\u00e3o dos pais para a import\u00e2ncia do contato f\u00edsico como fator de sa\u00fade, a sa\u00fade psico-emocional da crian\u00e7a.<\/h4>\n<h4>Enquanto a m\u00e3e alimenta o seu filho com o pr\u00f3prio leite, tamb\u00e9m est\u00e1 lhe fornecendo a sensa\u00e7\u00e3o de seguran\u00e7a, acolhimento, doa\u00e7\u00e3o e amor, atrav\u00e9s do abra\u00e7o envolvente e aconchegante, que se repete a cada mamada.<\/h4>\n<h4>Talvez esteja a\u00ed um dos mais relevantes ingredientes do leite materno como garantia da sa\u00fade do filho alimentado ao seio, pois o clima de serenidade proporcionado pelo contato f\u00edsico certamente influenciar\u00e1 para o pleno funcionamento do sistema imunol\u00f3gico do beb\u00ea.<\/h4>\n<h4>Reconhecendo-se a cultura machista brasileira, torna-se imperativo sublinhar o papel complementar do pai em rela\u00e7\u00e3o ao contato f\u00edsico com a crian\u00e7a, masculina ou feminina, fazendo com que haja uma expressiva melhoria da qualidade de vida futura no contexto afetivo da pessoa adulta.<\/h4>\n<h4>Observa-se, na maioria das vezes, que a fam\u00edlia estabelece com o beb\u00ea e a crian\u00e7a pequena uma rela\u00e7\u00e3o afetiva caracterizada por freq\u00fcentes abra\u00e7os, mas com o passar dos anos essa pr\u00e1tica vai se perdendo, especialmente entre o pai e a filha.<\/h4>\n<h4>A aus\u00eancia do contato f\u00edsico entre pais e filhos contribui para o distanciamento pouco percept\u00edvel, mas significativo para o enfraquecimento do la\u00e7o das rela\u00e7\u00f5es, tamb\u00e9m extra-familiares.<\/h4>\n<h4>A pessoa que desenvolve o h\u00e1bito de abra\u00e7ar torna-se mais alegre, segura e saud\u00e1vel, portanto com maior possibilidade de sucesso pessoal, familiar e profissional.<\/h4>\n<h4>O contato f\u00edsico expressa o carinho que dispensamos ao outro. Tamb\u00e9m, a coragem que temos de nos expressar. O abra\u00e7o \u00e9 terap\u00eautico.<\/h4>\n<h4>No re-encontro com as pessoas queridas o abra\u00e7o demonstra o fim da saudade gerada pela dist\u00e2ncia inevit\u00e1vel; num momento de dor, expressa o conforto e o apoio que queremos oferecer; em ocasi\u00f5es de alegrias explosivas o abra\u00e7o \u00e9 um convite ao compartilhar da mesma vibra\u00e7\u00e3o.<\/h4>\n<h4>Abra\u00e7ar uma crian\u00e7a \u00e9 comunicar-lhe a nossa prote\u00e7\u00e3o; abra\u00e7ar o amigo \u00e9 cham\u00e1-lo de irm\u00e3o; abra\u00e7ar a pessoa amada \u00e9 convid\u00e1-la \u00e0 unidade; abra\u00e7ar o idoso \u00e9 hipotecar a nossa solidariedade; abra\u00e7ar uma \u00e1rvore \u00e9 inclu\u00ed-la na nossa natureza universal.<\/h4>\n<h4>Enfim, o contato f\u00edsico \u00e9 uma necessidade humana, que torna o ser mais humanizado e enche de poesia a exist\u00eancia da pessoa desejosa em desfrutar uma vida mais alegre e compartilhada. Seu filho merece.<\/h4>\n<h4>O contato f\u00edsico \u00e9 um caminho \u00e0 sa\u00fade e \u00e0 felicidade!<\/h4>\n<h4 style=\"text-align: right;\"><em>Sebasti\u00e3o Saraiva<\/em><\/h4>\n<h4 style=\"text-align: right;\"><em>M\u00e9dico e Hol\u00f3sofo<\/em><\/h4>\n","protected":false},"excerpt":{"rendered":"<p>XI. O CONTATO F\u00cdSICO Publicado em 19\/05\/2007 &nbsp; O ser humano \u00e9 concebido gra\u00e7as ao contato f\u00edsico entre o pai e a m\u00e3e. O embri\u00e3o\/feto mant\u00e9m com a m\u00e3e um super contato f\u00edsico. Com o nascimento, a amamenta\u00e7\u00e3o materna d\u00e1 continuidade ao contato f\u00edsico. O pai que acaricia o beb\u00ea lhe proporciona o contato f\u00edsico. &hellip;<\/p>\n<p class=\"read-more\"> <a class=\"\" href=\"https:\/\/holosofia.com.br\/?page_id=1141\"> <span class=\"screen-reader-text\">Holocoluna &#8211; 0047<\/span> Leia mais &raquo;<\/a><\/p>\n","protected":false},"author":1,"featured_media":0,"parent":0,"menu_order":0,"comment_status":"closed","ping_status":"closed","template":"","meta":{"_bbp_topic_count":0,"_bbp_reply_count":0,"_bbp_total_topic_count":0,"_bbp_total_reply_count":0,"_bbp_voice_count":0,"_bbp_anonymous_reply_count":0,"_bbp_topic_count_hidden":0,"_bbp_reply_count_hidden":0,"_bbp_forum_subforum_count":0,"om_disable_all_campaigns":false,"_uag_custom_page_level_css":"","_mi_skip_tracking":false,"_monsterinsights_sitenote_active":false,"_monsterinsights_sitenote_note":"","_monsterinsights_sitenote_category":0,"site-sidebar-layout":"default","site-content-layout":"default","ast-global-header-display":"","ast-main-header-display":"","ast-hfb-above-header-display":"","ast-hfb-below-header-display":"","ast-hfb-mobile-header-display":"","site-post-title":"","ast-breadcrumbs-content":"","ast-featured-img":"","footer-sml-layout":"","theme-transparent-header-meta":"default","adv-header-id-meta":"","stick-header-meta":"","header-above-stick-meta":"","header-main-stick-meta":"","header-below-stick-meta":"","footnotes":""},"class_list":["post-1141","page","type-page","status-publish","hentry"],"aioseo_notices":[],"uagb_featured_image_src":{"full":false,"thumbnail":false,"medium":false,"medium_large":false,"large":false,"post-slider-thumb-size":false,"1536x1536":false,"2048x2048":false},"uagb_author_info":{"display_name":"solucaopublicidades@hotmail.com","author_link":"https:\/\/holosofia.com.br\/?author=1"},"uagb_comment_info":0,"uagb_excerpt":"XI. O CONTATO F\u00cdSICO Publicado em 19\/05\/2007 &nbsp; O ser humano \u00e9 concebido gra\u00e7as ao contato f\u00edsico entre o pai e a m\u00e3e. O embri\u00e3o\/feto mant\u00e9m com a m\u00e3e um super contato f\u00edsico. Com o nascimento, a amamenta\u00e7\u00e3o materna d\u00e1 continuidade ao contato f\u00edsico. O pai que acaricia o beb\u00ea lhe proporciona o contato f\u00edsico.&hellip;","_links":{"self":[{"href":"https:\/\/holosofia.com.br\/index.php?rest_route=\/wp\/v2\/pages\/1141","targetHints":{"allow":["GET"]}}],"collection":[{"href":"https:\/\/holosofia.com.br\/index.php?rest_route=\/wp\/v2\/pages"}],"about":[{"href":"https:\/\/holosofia.com.br\/index.php?rest_route=\/wp\/v2\/types\/page"}],"author":[{"embeddable":true,"href":"https:\/\/holosofia.com.br\/index.php?rest_route=\/wp\/v2\/users\/1"}],"replies":[{"embeddable":true,"href":"https:\/\/holosofia.com.br\/index.php?rest_route=%2Fwp%2Fv2%2Fcomments&post=1141"}],"version-history":[{"count":2,"href":"https:\/\/holosofia.com.br\/index.php?rest_route=\/wp\/v2\/pages\/1141\/revisions"}],"predecessor-version":[{"id":1329,"href":"https:\/\/holosofia.com.br\/index.php?rest_route=\/wp\/v2\/pages\/1141\/revisions\/1329"}],"wp:attachment":[{"href":"https:\/\/holosofia.com.br\/index.php?rest_route=%2Fwp%2Fv2%2Fmedia&parent=1141"}],"curies":[{"name":"wp","href":"https:\/\/api.w.org\/{rel}","templated":true}]}}