{"id":1130,"date":"2023-01-30T23:56:34","date_gmt":"2023-01-30T23:56:34","guid":{"rendered":"https:\/\/holosofia.com.br\/?page_id=1130"},"modified":"2023-03-25T13:38:54","modified_gmt":"2023-03-25T13:38:54","slug":"holocoluna-0045","status":"publish","type":"page","link":"https:\/\/holosofia.com.br\/?page_id=1130","title":{"rendered":"Holocoluna &#8211; 0045"},"content":{"rendered":"<ol start=\"45\">\n<li>\n<h3>IX CAP\u00cdTULO &#8211; C\u00c2NCER DE PELE<\/h3>\n<\/li>\n<\/ol>\n<h3 style=\"text-align: right;\">Publicado em 21\/04\/2007<\/h3>\n<p>&nbsp;<\/p>\n<h4>Embora o c\u00e2ncer de pele seja menos freq\u00fcente na crian\u00e7a, este artigo foi contemplado na proposta da presente forma\u00e7\u00e3o da cole\u00e7\u00e3o <strong>\u201cCuidando do Meu Filho\u201d<\/strong> como alerta para o perigo cada vez mais comprovado dos raios solares. \u00c9 prefer\u00edvel prevenir!<\/h4>\n<h4>Nos \u00faltimos cinco anos os trabalhos cient\u00edficos v\u00eam confirmando a a\u00e7\u00e3o devastadora dos raios solares sobre a pele humana.<\/h4>\n<h4>O Departamento de Dermatologia do Hospital das Cl\u00ednicas (HC) de Ribeir\u00e3o Preto tem estado alarmado com o aumento progressivo de novos casos de c\u00e2ncer de pele a cada semana, fundamentalmente, nos adultos. E esta situa\u00e7\u00e3o vem sendo veiculada, de forma exaustiva, atrav\u00e9s dos meios de comunica\u00e7\u00e3o.<\/h4>\n<h4>Contudo, julgamos oportuno tecer algumas considera\u00e7\u00f5es a respeito dos referidos raios.<\/h4>\n<h4>Poder\u00edamos classificar os raios ultravioletas em ben\u00e9ficos e mal\u00e9ficos<\/h4>\n<ol>\n<li>\n<h4><strong>a) Raios ultravioletas ben\u00e9ficos<\/strong> \u2013 como aqueles presentes no in\u00edcio do dia, do nascer do sol at\u00e9 aproximadamente \u00e0s 10 horas, e, tamb\u00e9m, depois das 16 horas. Vale lembrar que a exposi\u00e7\u00e3o, mesmo nestes hor\u00e1rios, deve merecer o uso do protetor solar.<\/h4>\n<\/li>\n<\/ol>\n<h4>Estima-se que cerca de 80% a 100% da quantidade necess\u00e1ria de vitamina D para uma pessoa venham da exposi\u00e7\u00e3o ao sol. Esta vitamina garante o bom funcionamento dos sistemas imunol\u00f3gico, card\u00edaco, neurol\u00f3gico e da musculatura em geral; ela tamb\u00e9m \u00e9 respons\u00e1vel pela concentra\u00e7\u00e3o do C\u00e1lcio no organismo. O C\u00e1lcio protege a crian\u00e7a contra o raquitismo e o idoso contra a osteoporose.<\/h4>\n<h4>Logo, o t\u00e3o recomendado banho de sol representa uma importante fonte de sa\u00fade para todos, independentemente da faixa et\u00e1ria. Tome o seu diariamente!<\/h4>\n<ol>\n<li>\n<h4><strong>b) Raios ultravioletas mal\u00e9ficos:<\/strong> s\u00e3o os causadores de danos \u00e0 sa\u00fade humana, destacando-se queimaduras, fotoalergias, envelhecimento cut\u00e2neo e c\u00e2ncer de pele (melanoma). O perigo maior da radia\u00e7\u00e3o est\u00e1 relacionado \u00e0 intensidade dos raios, o que acontece no hor\u00e1rio entre 10 e 16 horas. O protetor solar apenas diminui os efeitos.<\/h4>\n<\/li>\n<\/ol>\n<h4>Os estudiosos classificam os raios ultravioletas em tr\u00eas Tipos:<strong> A<\/strong> (UVA), <strong>B<\/strong> (UVB) e <strong>C<\/strong> (UVC).<\/h4>\n<h4>Os do tipo UVA s\u00e3o os mais severos e correspondem a 90 a 95% dos raios ultravioletas; eles podem causar c\u00e2ncer de pele.<\/h4>\n<h4>Vale a pena lembrar que nas c\u00e2maras de bronzeamento os raios UVA apresentam intensidade aumentada em aproximadamente 10x em rela\u00e7\u00e3o \u00e0 luz solar. Cuidado!<\/h4>\n<h4>Os UBA s\u00e3o os maiores causadores da doen\u00e7a em pauta, isto \u00e9, do c\u00e2ncer de pele.<\/h4>\n<h4>Os raios ultravioletas UVC s\u00e3o inofensivos.<\/h4>\n<h4>Por outro lado, vale lembrar que os raios ultravioletas contribuem para a cria\u00e7\u00e3o do efeito estufa, uma condi\u00e7\u00e3o que permite a Terra dispor de calor suficiente para garantir a continuidade da vida humana. Neste particular eles s\u00e3o indispens\u00e1veis \u00e0 vida.<\/h4>\n<h4>Entretanto, o Universo, na sua complexidade, construiu a camada de oz\u00f4nio estratosf\u00e9rico para proteger a Terra dos referidos raios ultravioletas.<\/h4>\n<h4>Assim, os pap\u00e9is se completam, gra\u00e7as a Deus! A Deus mesmo.<\/h4>\n<h4>Resta ao homem abrir o cora\u00e7\u00e3o e expandir a consci\u00eancia para se re-encontrar no contexto Universal e desfrutar de uma sa\u00fade plena.<\/h4>\n<h4 style=\"text-align: right;\">Sebasti\u00e3o Saraiva<\/h4>\n<h4 style=\"text-align: right;\">M\u00e9dico e Hol\u00f3sofo<\/h4>\n","protected":false},"excerpt":{"rendered":"<p>IX CAP\u00cdTULO &#8211; C\u00c2NCER DE PELE Publicado em 21\/04\/2007 &nbsp; Embora o c\u00e2ncer de pele seja menos freq\u00fcente na crian\u00e7a, este artigo foi contemplado na proposta da presente forma\u00e7\u00e3o da cole\u00e7\u00e3o \u201cCuidando do Meu Filho\u201d como alerta para o perigo cada vez mais comprovado dos raios solares. \u00c9 prefer\u00edvel prevenir! Nos \u00faltimos cinco anos os &hellip;<\/p>\n<p class=\"read-more\"> <a class=\"\" href=\"https:\/\/holosofia.com.br\/?page_id=1130\"> <span class=\"screen-reader-text\">Holocoluna &#8211; 0045<\/span> Leia mais &raquo;<\/a><\/p>\n","protected":false},"author":1,"featured_media":0,"parent":0,"menu_order":0,"comment_status":"closed","ping_status":"closed","template":"","meta":{"_bbp_topic_count":0,"_bbp_reply_count":0,"_bbp_total_topic_count":0,"_bbp_total_reply_count":0,"_bbp_voice_count":0,"_bbp_anonymous_reply_count":0,"_bbp_topic_count_hidden":0,"_bbp_reply_count_hidden":0,"_bbp_forum_subforum_count":0,"om_disable_all_campaigns":false,"_uag_custom_page_level_css":"","_mi_skip_tracking":false,"_monsterinsights_sitenote_active":false,"_monsterinsights_sitenote_note":"","_monsterinsights_sitenote_category":0,"site-sidebar-layout":"default","site-content-layout":"default","ast-global-header-display":"","ast-main-header-display":"","ast-hfb-above-header-display":"","ast-hfb-below-header-display":"","ast-hfb-mobile-header-display":"","site-post-title":"","ast-breadcrumbs-content":"","ast-featured-img":"","footer-sml-layout":"","theme-transparent-header-meta":"default","adv-header-id-meta":"","stick-header-meta":"","header-above-stick-meta":"","header-main-stick-meta":"","header-below-stick-meta":"","footnotes":""},"class_list":["post-1130","page","type-page","status-publish","hentry"],"aioseo_notices":[],"uagb_featured_image_src":{"full":false,"thumbnail":false,"medium":false,"medium_large":false,"large":false,"post-slider-thumb-size":false,"1536x1536":false,"2048x2048":false},"uagb_author_info":{"display_name":"solucaopublicidades@hotmail.com","author_link":"https:\/\/holosofia.com.br\/?author=1"},"uagb_comment_info":0,"uagb_excerpt":"IX CAP\u00cdTULO &#8211; C\u00c2NCER DE PELE Publicado em 21\/04\/2007 &nbsp; Embora o c\u00e2ncer de pele seja menos freq\u00fcente na crian\u00e7a, este artigo foi contemplado na proposta da presente forma\u00e7\u00e3o da cole\u00e7\u00e3o \u201cCuidando do Meu Filho\u201d como alerta para o perigo cada vez mais comprovado dos raios solares. \u00c9 prefer\u00edvel prevenir! Nos \u00faltimos cinco anos os&hellip;","_links":{"self":[{"href":"https:\/\/holosofia.com.br\/index.php?rest_route=\/wp\/v2\/pages\/1130","targetHints":{"allow":["GET"]}}],"collection":[{"href":"https:\/\/holosofia.com.br\/index.php?rest_route=\/wp\/v2\/pages"}],"about":[{"href":"https:\/\/holosofia.com.br\/index.php?rest_route=\/wp\/v2\/types\/page"}],"author":[{"embeddable":true,"href":"https:\/\/holosofia.com.br\/index.php?rest_route=\/wp\/v2\/users\/1"}],"replies":[{"embeddable":true,"href":"https:\/\/holosofia.com.br\/index.php?rest_route=%2Fwp%2Fv2%2Fcomments&post=1130"}],"version-history":[{"count":2,"href":"https:\/\/holosofia.com.br\/index.php?rest_route=\/wp\/v2\/pages\/1130\/revisions"}],"predecessor-version":[{"id":1327,"href":"https:\/\/holosofia.com.br\/index.php?rest_route=\/wp\/v2\/pages\/1130\/revisions\/1327"}],"wp:attachment":[{"href":"https:\/\/holosofia.com.br\/index.php?rest_route=%2Fwp%2Fv2%2Fmedia&parent=1130"}],"curies":[{"name":"wp","href":"https:\/\/api.w.org\/{rel}","templated":true}]}}