{"id":1125,"date":"2023-01-30T23:54:47","date_gmt":"2023-01-30T23:54:47","guid":{"rendered":"https:\/\/holosofia.com.br\/?page_id=1125"},"modified":"2023-03-25T13:35:07","modified_gmt":"2023-03-25T13:35:07","slug":"holocoluna-0044","status":"publish","type":"page","link":"https:\/\/holosofia.com.br\/?page_id=1125","title":{"rendered":"Holocoluna &#8211; 0044"},"content":{"rendered":"<ol start=\"44\">\n<li>\n<h3>VIII CAP\u00cdTULO: NUTRI\u00c7\u00c3O INFANTIL<\/h3>\n<\/li>\n<\/ol>\n<h3 style=\"text-align: right;\">Publicado em 14\/04\/2007<\/h3>\n<p>&nbsp;<\/p>\n<h4>O alimento para o lactente (29 dias a 2 anos) deve preencher tr\u00eas exig\u00eancias b\u00e1sicas: boa toler\u00e2ncia \u2013 <em>facilmente aproveitado pelo organismo<\/em> \u2013, valor nutritivo adequado \u2013 <em>satisfa\u00e7a as necessidades nutritivas<\/em> \u2013 e aus\u00eancia de bact\u00e9rias pagot\u00eanicas (causadoras de doen\u00e7as) \u2013 <em>n\u00e3o transmita doen\u00e7as<\/em>. O <strong>leite materno<\/strong> preenche plenamente estas exig\u00eancias; ele \u00e9 ideal em todos os n\u00edveis s\u00f3cio-econ\u00f4micos, e chega a ser, nas classes menos favorecidas, o \u00fanico processo digno de confian\u00e7a para alimentar o lactente (C\u00e9sar Pernetta).<\/h4>\n<h4>O leite materno, por sua melhor digestibilidade, esvazia rapidamente o est\u00f4mago e leva a m\u00e3e a pensar que o mesmo \u00e9 fraco e insuficiente. Com isto o m\u00e9dico \u00e0s vezes se apressa em complementar.<\/h4>\n<h4>A amamenta\u00e7\u00e3o produz um contexto psicol\u00f3gico valioso; ela consolida a rela\u00e7\u00e3o afetiva entre m\u00e3e-filho e proporciona equil\u00edbrio emocional a ambos. Tamb\u00e9m se reveste de importante agente preventivo contra in\u00fameras doen\u00e7as na inf\u00e2ncia e na idade adulta.<\/h4>\n<h4>Por isso o obstetra estimula a m\u00e3e \u00e0 amamenta\u00e7\u00e3o j\u00e1 nas primeiras consultas do pr\u00e9-natal, fornecendo-lhe informa\u00e7\u00f5es a respeito da composi\u00e7\u00e3o do seu leite \u2013 <em>cont\u00e9m todos os nutrientes necess\u00e1rios ao crescimento e desenvolvimento f\u00edsico e intelectual da crian\u00e7a<\/em> \u2013, dos efeitos positivos para as pr\u00f3prias mamas e de como superar as prov\u00e1veis barreiras decorrentes de orienta\u00e7\u00f5es equivocadas aprendidas com pessoas n\u00e3o adequadamente esclarecidas.<\/h4>\n<h4>Na aus\u00eancia do leite materno, o leite de vaca deve ser utilizado, mas dilu\u00eddo em partes iguais de leite e \u00e1gua, no primeiro m\u00eas; logo depois diminuindo a quantidade de \u00e1gua at\u00e9 chegar ao leite puro no 4\u00ba ou 6\u00ba m\u00eas.<\/h4>\n<h4>O leite industrializado \u2013 <em>Nan, Nestogeno<\/em> \u2013 oferece, em rela\u00e7\u00e3o ao leite de vaca \u201cin natura\u201d, a vantagem de ser acrescido de vitaminas e ferro, e ainda a praticidade no seu transporte.<\/h4>\n<h4>Algumas crian\u00e7as apresentam intoler\u00e2ncia ao leite de vaca, passando a receber o leite de origem vegetal, o leite de soja.<\/h4>\n<h4>Exauridos os per\u00edodos de seis meses com amamenta\u00e7\u00e3o e o de quatro com leite artificial, inicia-se a complementa\u00e7\u00e3o alimentar conforme esquema abaixo:<\/h4>\n<h4>06h&#8230;&#8230;&#8230;&#8230;Amamenta\u00e7\u00e3o ou mamadeira.<\/h4>\n<h4>09h&#8230;&#8230;&#8230;&#8230;Fruta (raspada ou batida, pura, sem leite ou outros ingredientes)<\/h4>\n<h4>12h&#8230;&#8230;&#8230;..Almo\u00e7o:sopinha de arroz, verduras, legumes e carne. Gema de ovo 3xsemana.<\/h4>\n<h4>\u00a0\u00a0\u00a0\u00a0\u00a0\u00a0\u00a0\u00a0\u00a0\u00a0\u00a0 \u00a0\u00a0 \u00a0\u00a0(Temperar com cebola, lim\u00e3o e tomate, evitando sal e gordura)<\/h4>\n<h4>\u00a0\u00a0\u00a0\u00a0\u00a0\u00a0\u00a0\u00a0\u00a0\u00a0\u00a0 \u00a0\u00a0\u00a0 \u00a0Fruta de sobremesa (raspada ou batida, pura, sem leite ou outros ingredientes ).<\/h4>\n<h4>15h&#8230;&#8230;&#8230;.Amamenta\u00e7\u00e3o ou mamadeira.<\/h4>\n<h4>18h&#8230;&#8230;&#8230;.Amamenta\u00e7\u00e3o ou mamadeira.<\/h4>\n<h4>21h&#8230;&#8230;&#8230;.Amamenta\u00e7\u00e3o ou mamadeira.<\/h4>\n<h4><\/h4>\n<h4><strong>NOTAS:<\/strong> Introduzir o jantar aos oito meses de idade, igual ao almo\u00e7o. Lembrando o peixe e o frango.<\/h4>\n<h4>\u00a0\u00a0\u00a0\u00a0\u00a0\u00a0\u00a0\u00a0\u00a0\u00a0\u00a0\u00a0\u00a0\u00a0\u00a0 Evitar refrigerantes (impedem a absor\u00e7\u00e3o do ferro), frituras, conservados e excesso de massa.<\/h4>\n<h4>\u00a0\u00a0\u00a0\u00a0\u00a0\u00a0\u00a0\u00a0\u00a0\u00a0\u00a0\u00a0\u00a0\u00a0\u00a0 O hor\u00e1rio da amamenta\u00e7\u00e3o \u00e9 estabelecido pelo bin\u00f4mio m\u00e3e-filho, n\u00e3o pelo m\u00e9dico.<\/h4>\n<h4>\u00a0\u00a0\u00a0\u00a0\u00a0\u00a0\u00a0\u00a0\u00a0\u00a0\u00a0\u00a0\u00a0\u00a0\u00a0 Reservar a noite para dormir, n\u00e3o h\u00e1 necessidade de oferecer alimenta\u00e7\u00e3o.<\/h4>\n<h4>\u00a0\u00a0\u00a0\u00a0\u00a0\u00a0\u00a0\u00a0\u00a0\u00a0\u00a0\u00a0\u00a0\u00a0\u00a0 Evitar o uso de liquidificador na feitura da alimenta\u00e7\u00e3o da crian\u00e7a. Preferir a peneira ou o crivo.<\/h4>\n<h4>\u00a0\u00a0\u00a0\u00a0\u00a0\u00a0\u00a0\u00a0\u00a0\u00a0\u00a0\u00a0\u00a0\u00a0\u00a0 Em cada cinco adolescentes obesos quatro receberam amamenta\u00e7\u00e3o por menos de quatro meses.<\/h4>\n<h4>\u00a0\u00a0\u00a0\u00a0\u00a0\u00a0\u00a0\u00a0\u00a0\u00a0\u00a0\u00a0\u00a0\u00a0\u00a0 ALIMENTA\u00c7\u00c3O \u00e9 uma quest\u00e3o de EDUCA\u00c7\u00c3O.<\/h4>\n<h4 style=\"text-align: right;\">Sebasti\u00e3o Saraiva<\/h4>\n<h4 style=\"text-align: right;\">M\u00e9dico e Hol\u00f3sofo<\/h4>\n","protected":false},"excerpt":{"rendered":"<p>VIII CAP\u00cdTULO: NUTRI\u00c7\u00c3O INFANTIL Publicado em 14\/04\/2007 &nbsp; O alimento para o lactente (29 dias a 2 anos) deve preencher tr\u00eas exig\u00eancias b\u00e1sicas: boa toler\u00e2ncia \u2013 facilmente aproveitado pelo organismo \u2013, valor nutritivo adequado \u2013 satisfa\u00e7a as necessidades nutritivas \u2013 e aus\u00eancia de bact\u00e9rias pagot\u00eanicas (causadoras de doen\u00e7as) \u2013 n\u00e3o transmita doen\u00e7as. O leite materno &hellip;<\/p>\n<p class=\"read-more\"> <a class=\"\" href=\"https:\/\/holosofia.com.br\/?page_id=1125\"> <span class=\"screen-reader-text\">Holocoluna &#8211; 0044<\/span> Leia mais &raquo;<\/a><\/p>\n","protected":false},"author":1,"featured_media":0,"parent":0,"menu_order":0,"comment_status":"closed","ping_status":"closed","template":"","meta":{"_bbp_topic_count":0,"_bbp_reply_count":0,"_bbp_total_topic_count":0,"_bbp_total_reply_count":0,"_bbp_voice_count":0,"_bbp_anonymous_reply_count":0,"_bbp_topic_count_hidden":0,"_bbp_reply_count_hidden":0,"_bbp_forum_subforum_count":0,"om_disable_all_campaigns":false,"_uag_custom_page_level_css":"","_mi_skip_tracking":false,"_monsterinsights_sitenote_active":false,"_monsterinsights_sitenote_note":"","_monsterinsights_sitenote_category":0,"site-sidebar-layout":"default","site-content-layout":"default","ast-global-header-display":"","ast-main-header-display":"","ast-hfb-above-header-display":"","ast-hfb-below-header-display":"","ast-hfb-mobile-header-display":"","site-post-title":"","ast-breadcrumbs-content":"","ast-featured-img":"","footer-sml-layout":"","theme-transparent-header-meta":"default","adv-header-id-meta":"","stick-header-meta":"","header-above-stick-meta":"","header-main-stick-meta":"","header-below-stick-meta":"","footnotes":""},"class_list":["post-1125","page","type-page","status-publish","hentry"],"aioseo_notices":[],"uagb_featured_image_src":{"full":false,"thumbnail":false,"medium":false,"medium_large":false,"large":false,"post-slider-thumb-size":false,"1536x1536":false,"2048x2048":false},"uagb_author_info":{"display_name":"solucaopublicidades@hotmail.com","author_link":"https:\/\/holosofia.com.br\/?author=1"},"uagb_comment_info":0,"uagb_excerpt":"VIII CAP\u00cdTULO: NUTRI\u00c7\u00c3O INFANTIL Publicado em 14\/04\/2007 &nbsp; O alimento para o lactente (29 dias a 2 anos) deve preencher tr\u00eas exig\u00eancias b\u00e1sicas: boa toler\u00e2ncia \u2013 facilmente aproveitado pelo organismo \u2013, valor nutritivo adequado \u2013 satisfa\u00e7a as necessidades nutritivas \u2013 e aus\u00eancia de bact\u00e9rias pagot\u00eanicas (causadoras de doen\u00e7as) \u2013 n\u00e3o transmita doen\u00e7as. O leite materno&hellip;","_links":{"self":[{"href":"https:\/\/holosofia.com.br\/index.php?rest_route=\/wp\/v2\/pages\/1125","targetHints":{"allow":["GET"]}}],"collection":[{"href":"https:\/\/holosofia.com.br\/index.php?rest_route=\/wp\/v2\/pages"}],"about":[{"href":"https:\/\/holosofia.com.br\/index.php?rest_route=\/wp\/v2\/types\/page"}],"author":[{"embeddable":true,"href":"https:\/\/holosofia.com.br\/index.php?rest_route=\/wp\/v2\/users\/1"}],"replies":[{"embeddable":true,"href":"https:\/\/holosofia.com.br\/index.php?rest_route=%2Fwp%2Fv2%2Fcomments&post=1125"}],"version-history":[{"count":2,"href":"https:\/\/holosofia.com.br\/index.php?rest_route=\/wp\/v2\/pages\/1125\/revisions"}],"predecessor-version":[{"id":1326,"href":"https:\/\/holosofia.com.br\/index.php?rest_route=\/wp\/v2\/pages\/1125\/revisions\/1326"}],"wp:attachment":[{"href":"https:\/\/holosofia.com.br\/index.php?rest_route=%2Fwp%2Fv2%2Fmedia&parent=1125"}],"curies":[{"name":"wp","href":"https:\/\/api.w.org\/{rel}","templated":true}]}}