{"id":1120,"date":"2023-01-30T23:51:48","date_gmt":"2023-01-30T23:51:48","guid":{"rendered":"https:\/\/holosofia.com.br\/?page_id=1120"},"modified":"2023-03-25T13:33:06","modified_gmt":"2023-03-25T13:33:06","slug":"holocoluna-0043","status":"publish","type":"page","link":"https:\/\/holosofia.com.br\/?page_id=1120","title":{"rendered":"Holocoluna &#8211; 0043"},"content":{"rendered":"<h3>43.VII CAP\u00cdTULO: DIARR\u00c9IA<\/h3>\n<p>&nbsp;<\/p>\n<h3 style=\"text-align: right;\">Publicado em 07\/04\/2007<\/h3>\n<p>&nbsp;<\/p>\n<h4>A diarr\u00e9ia \u00e9 definida como a elimina\u00e7\u00e3o de fezes com diminui\u00e7\u00e3o da consist\u00eancia e aumento da freq\u00fc\u00eancia.<\/h4>\n<h4>A diarr\u00e9ia no rec\u00e9m-nascido, alimentado ao seio, \u00e9 conhecida como Diarr\u00e9ia Benigna do Rec\u00e9m-nascido (DBRN), e n\u00e3o compromete a sa\u00fade do beb\u00ea, trata-se de uma situa\u00e7\u00e3o considerada normal. Neste particular, a m\u00e3e se convence facilmente mediante explica\u00e7\u00f5es tranq\u00fcilizadoras do pediatra, pois, apesar das perdas l\u00edquidas, a crian\u00e7a se mant\u00e9m hidratada, mamando normalmente e conservando o bom humor.<\/h4>\n<h4>A diarr\u00e9ia \u201cdoen\u00e7a\u201d se caracteriza por evacua\u00e7\u00f5es freq\u00fcentes, geralmente precedidas de c\u00f3licas, e a crian\u00e7a exibe um semblante de sofrimento, tamb\u00e9m costuma apresentar algum grau de irritabilidade e de desidrata\u00e7\u00e3o.<\/h4>\n<h4>Dentre as causas mais comuns de diarr\u00e9ia infantil, destacam-se alimenta\u00e7\u00e3o inadequada e verminose.<\/h4>\n<h4>A alimenta\u00e7\u00e3o inadequada decorre da pouca aten\u00e7\u00e3o dos pais \u00e0s in\u00fameras orienta\u00e7\u00f5es recebidas em \u201cdoses homeop\u00e1ticas\u201d no dia-a-dia. Essa avalanche de orienta\u00e7\u00f5es vindas, quase sempre, de pessoas n\u00e3o autorizadas termina por banalizar aquelas oriundas de profissionais da \u00e1rea, portanto, merecedoras de ser seguidas. Assim, forma-se uma \u201ccultura\u201d anti-cultura no contexto da Nutri\u00e7\u00e3o.<\/h4>\n<h4>A crian\u00e7a consome os alimentos adquiridos pelos pais, os quais j\u00e1 s\u00e3o v\u00edtimas cr\u00f4nicas da nutri\u00e7\u00e3o distorcida \u2013 <em>refrigerantes, enlatados, em potinhos e conservados, frituras e comidas com bastante sal.<\/em> O que \u00e9 pior, muitas das vezes os pais alegam que determinados alimentos se constituem na prefer\u00eancia da crian\u00e7a e, por isso, se sentem como que obrigados a compr\u00e1-los.<\/h4>\n<h4>Certa vez consultei uma pr\u00e9-adolescente (10 anos) obesa que ingeria habitualmente um volume considerado de refrigerantes e cachorro quente (<em>salsicha, mostarda e outros venenos<\/em>), mas se confessava interessada em emagrecer.<\/h4>\n<h4>Conversamos bastante sobre a situa\u00e7\u00e3o e o seu objetivo naquele momento; forneci as informa\u00e7\u00f5es pertinentes e inclui a redu\u00e7\u00e3o progressiva da ingest\u00e3o da \u201cmaldita\u201d coca-cola e dos sedutores \u201ccachorros\u201d, que na verdade s\u00e3o uma \u201cfria\u201d.<\/h4>\n<h4>Na consulta de retorno o peso se mantinha, e a paciente espontaneamente soltou a seguinte frase: Tio, durante as refei\u00e7\u00f5es a minha m\u00e3e fica insistindo para eu tomar refrigerante. A m\u00e3e ficou sem palavras, apenas esbo\u00e7ou um sorriso \u201camarelo\u201d.<\/h4>\n<h4>Eis um exemplo de como a contra-cultura nutricional est\u00e1 arraigada nas pessoas, tornando a re-educa\u00e7\u00e3o alimentar um desafio gigantesco a ser enfrentado com firmeza e determina\u00e7\u00e3o.<\/h4>\n<h4>Hip\u00f3crates, o Pai da Medicina, falava: \u201cO teu alimento \u00e9 o teu medicamento\u201d.<\/h4>\n<h4>O tratamento preventivo (o melhor) dessa diarr\u00e9ia se faz pela adequa\u00e7\u00e3o alimentar, conforme orienta\u00e7\u00e3o do seu pediatra, mas refor\u00e7ada pela colabora\u00e7\u00e3o dos pais.<\/h4>\n<h4>A diarr\u00e9ia decorrente da verminose exige tratamento medicamentoso e aten\u00e7\u00e3o concentrada no item higiene pessoal e ambiental. Os pais devem estimular o h\u00e1bito da limpeza individual e supervisionar os\u00a0 locais onde suas crian\u00e7as costumam brincar<\/h4>\n<h4>Considere as orienta\u00e7\u00f5es do seu m\u00e9dico!<\/h4>\n<h4 style=\"text-align: right;\">Sebasti\u00e3o Saraiva<\/h4>\n<h4 style=\"text-align: right;\">M\u00e9dico e Hol\u00f3sofo<\/h4>\n","protected":false},"excerpt":{"rendered":"<p>43.VII CAP\u00cdTULO: DIARR\u00c9IA &nbsp; Publicado em 07\/04\/2007 &nbsp; A diarr\u00e9ia \u00e9 definida como a elimina\u00e7\u00e3o de fezes com diminui\u00e7\u00e3o da consist\u00eancia e aumento da freq\u00fc\u00eancia. A diarr\u00e9ia no rec\u00e9m-nascido, alimentado ao seio, \u00e9 conhecida como Diarr\u00e9ia Benigna do Rec\u00e9m-nascido (DBRN), e n\u00e3o compromete a sa\u00fade do beb\u00ea, trata-se de uma situa\u00e7\u00e3o considerada normal. Neste particular, &hellip;<\/p>\n<p class=\"read-more\"> <a class=\"\" href=\"https:\/\/holosofia.com.br\/?page_id=1120\"> <span class=\"screen-reader-text\">Holocoluna &#8211; 0043<\/span> Leia mais &raquo;<\/a><\/p>\n","protected":false},"author":1,"featured_media":0,"parent":0,"menu_order":0,"comment_status":"closed","ping_status":"closed","template":"","meta":{"_bbp_topic_count":0,"_bbp_reply_count":0,"_bbp_total_topic_count":0,"_bbp_total_reply_count":0,"_bbp_voice_count":0,"_bbp_anonymous_reply_count":0,"_bbp_topic_count_hidden":0,"_bbp_reply_count_hidden":0,"_bbp_forum_subforum_count":0,"om_disable_all_campaigns":false,"_uag_custom_page_level_css":"","_mi_skip_tracking":false,"_monsterinsights_sitenote_active":false,"_monsterinsights_sitenote_note":"","_monsterinsights_sitenote_category":0,"site-sidebar-layout":"default","site-content-layout":"default","ast-global-header-display":"","ast-main-header-display":"","ast-hfb-above-header-display":"","ast-hfb-below-header-display":"","ast-hfb-mobile-header-display":"","site-post-title":"","ast-breadcrumbs-content":"","ast-featured-img":"","footer-sml-layout":"","theme-transparent-header-meta":"default","adv-header-id-meta":"","stick-header-meta":"","header-above-stick-meta":"","header-main-stick-meta":"","header-below-stick-meta":"","footnotes":""},"class_list":["post-1120","page","type-page","status-publish","hentry"],"aioseo_notices":[],"uagb_featured_image_src":{"full":false,"thumbnail":false,"medium":false,"medium_large":false,"large":false,"post-slider-thumb-size":false,"1536x1536":false,"2048x2048":false},"uagb_author_info":{"display_name":"solucaopublicidades@hotmail.com","author_link":"https:\/\/holosofia.com.br\/?author=1"},"uagb_comment_info":0,"uagb_excerpt":"43.VII CAP\u00cdTULO: DIARR\u00c9IA &nbsp; Publicado em 07\/04\/2007 &nbsp; A diarr\u00e9ia \u00e9 definida como a elimina\u00e7\u00e3o de fezes com diminui\u00e7\u00e3o da consist\u00eancia e aumento da freq\u00fc\u00eancia. A diarr\u00e9ia no rec\u00e9m-nascido, alimentado ao seio, \u00e9 conhecida como Diarr\u00e9ia Benigna do Rec\u00e9m-nascido (DBRN), e n\u00e3o compromete a sa\u00fade do beb\u00ea, trata-se de uma situa\u00e7\u00e3o considerada normal. Neste particular,&hellip;","_links":{"self":[{"href":"https:\/\/holosofia.com.br\/index.php?rest_route=\/wp\/v2\/pages\/1120","targetHints":{"allow":["GET"]}}],"collection":[{"href":"https:\/\/holosofia.com.br\/index.php?rest_route=\/wp\/v2\/pages"}],"about":[{"href":"https:\/\/holosofia.com.br\/index.php?rest_route=\/wp\/v2\/types\/page"}],"author":[{"embeddable":true,"href":"https:\/\/holosofia.com.br\/index.php?rest_route=\/wp\/v2\/users\/1"}],"replies":[{"embeddable":true,"href":"https:\/\/holosofia.com.br\/index.php?rest_route=%2Fwp%2Fv2%2Fcomments&post=1120"}],"version-history":[{"count":2,"href":"https:\/\/holosofia.com.br\/index.php?rest_route=\/wp\/v2\/pages\/1120\/revisions"}],"predecessor-version":[{"id":1325,"href":"https:\/\/holosofia.com.br\/index.php?rest_route=\/wp\/v2\/pages\/1120\/revisions\/1325"}],"wp:attachment":[{"href":"https:\/\/holosofia.com.br\/index.php?rest_route=%2Fwp%2Fv2%2Fmedia&parent=1120"}],"curies":[{"name":"wp","href":"https:\/\/api.w.org\/{rel}","templated":true}]}}