{"id":1112,"date":"2023-01-14T14:53:11","date_gmt":"2023-01-14T14:53:11","guid":{"rendered":"https:\/\/holosofia.com.br\/?page_id=1112"},"modified":"2023-01-14T14:53:11","modified_gmt":"2023-01-14T14:53:11","slug":"holocoluna-0029","status":"publish","type":"page","link":"https:\/\/holosofia.com.br\/?page_id=1112","title":{"rendered":"Holocoluna &#8211; 0029"},"content":{"rendered":"<h2><strong>29 \u2013 MEDITA\u00c7\u00c3O<\/strong><\/h2>\n<p>&nbsp;<\/p>\n<h3 style=\"text-align: right;\"><em>Publicado em 02.12.06<\/em><\/h3>\n<h3><\/h3>\n<h3>Jesus Cristo sempre gozou de excelente sa\u00fade. Ele desfrutava de plena paz interior, e esta foi transmitida nos \u00faltimos momentos da sua vida, quando assim se expressou: \u201cPai, perdoa-os, ele n\u00e3o sabem o que fazem\u201d.<\/h3>\n<h3>A sintonia de Jesus com o \u201cPai\u201d se dava pelo processo de interioriza\u00e7\u00e3o, denominado Medita\u00e7\u00e3o.<\/h3>\n<h3>Numa demonstra\u00e7\u00e3o pessoal da import\u00e2ncia e necessidade do exerc\u00edcio da Medita\u00e7\u00e3o como o caminho para chegar-se ao \u201cPai\u201d, Jesus enfatizava: \u201cN\u00e3o existe nenhum Deus fora, Deus est\u00e1 dentro de cada um de v\u00f3s\u201d.<\/h3>\n<h3>Foi depois de quarenta dias em Medita\u00e7\u00e3o que Jesus proferiu uma das suas mais memor\u00e1veis prega\u00e7\u00f5es, O Serm\u00e3o da Montanha.<\/h3>\n<h3>Diante destes claros, exemplares e did\u00e1ticos ensinamentos da mais singela e magn\u00e2nima criatura humana, resta-nos estabelecer crit\u00e9rios de eleva\u00e7\u00e3o espiritual nossa, de nossa fam\u00edlia e da nossa sociedade para que possamos ser dignos dessa significativa li\u00e7\u00e3o de amor ao pr\u00f3ximo, \u00e0 vida e ao Criador do Universo.<\/h3>\n<h3>Naturalmente, estamos envolvidos com as responsabilidades impostas por um estilo cruel de sobreviv\u00eancia, e, terminamos nos esquecendo das responsabilidades existenciais.<\/h3>\n<h3>Por que estamos aqui e neste momento? Qual o nosso papel enquanto seres humanos viventes?<\/h3>\n<h3>O que podemos fazer para buscar a construtiva harmonia entre n\u00f3s, criaturas e o Criador?<\/h3>\n<h3>Ser\u00e1 justo ocuparmos toda a vida com atividades que venham, fundamentalmente, alimentar o corpo e o ego, deixando para os \u00faltimos momentos o interesse pela promo\u00e7\u00e3o espiritual?<\/h3>\n<h3>Essa atitude soa como um jogo de interesse daqueles que desejam apenas colher, ignorando que esta fase \u00e9 precedida pelos est\u00e1gios do arar a terra e do plantio, os quais s\u00f3 s\u00e3o poss\u00edveis com muita dedica\u00e7\u00e3o e grandes sacrif\u00edcios, por um longo per\u00edodo.<\/h3>\n<h3>Arar a terra e plantar o amor atrav\u00e9s das a\u00e7\u00f5es di\u00e1rias se constituem numa prof\u00edcua caminhada de aproxima\u00e7\u00e3o com o Criador. Mas mesmo assim, haver\u00e1 a necessidade de elegermos ocasi\u00f5es para o \u201cEncontro\u201d, para o \u201cDi\u00e1logo\u201d.<\/h3>\n<h3>Eis a\u00ed o eficaz exerc\u00edcio da Medita\u00e7\u00e3o, uma pr\u00e1tica milenar entre os orientais, mas plenamente reconhecida pelo Ocidente nos dias atuais.<\/h3>\n<h3>O equil\u00edbrio emocional individual proporcionado pela Medita\u00e7\u00e3o influencia positivamente a sa\u00fade f\u00edsica e mental do meditador, deixando-o em estado de \u201cGra\u00e7a\u201d por um bom espa\u00e7o de tempo. A repeti\u00e7\u00e3o continuada da Medita\u00e7\u00e3o resulta em estados de \u201cGra\u00e7a\u201d cumulativos, o que se traduz em benef\u00edcios de toda ordem, tanto para o meditador como para aqueles que o cercam, nos \u00e2mbitos familiar, profissional e social.<\/h3>\n<h3>T\u00e3o logo sejamos merecedores, a Natureza conspirar\u00e1 de modo favor\u00e1vel para que tenhamos o nosso espa\u00e7o para o exerc\u00edcio da Medita\u00e7\u00e3o.<\/h3>\n<h3><\/h3>\n","protected":false},"excerpt":{"rendered":"<p>29 \u2013 MEDITA\u00c7\u00c3O &nbsp; Publicado em 02.12.06 Jesus Cristo sempre gozou de excelente sa\u00fade. Ele desfrutava de plena paz interior, e esta foi transmitida nos \u00faltimos momentos da sua vida, quando assim se expressou: \u201cPai, perdoa-os, ele n\u00e3o sabem o que fazem\u201d. A sintonia de Jesus com o \u201cPai\u201d se dava pelo processo de interioriza\u00e7\u00e3o, &hellip;<\/p>\n<p class=\"read-more\"> <a class=\"\" href=\"https:\/\/holosofia.com.br\/?page_id=1112\"> <span class=\"screen-reader-text\">Holocoluna &#8211; 0029<\/span> Leia mais &raquo;<\/a><\/p>\n","protected":false},"author":1,"featured_media":0,"parent":0,"menu_order":0,"comment_status":"closed","ping_status":"closed","template":"","meta":{"_bbp_topic_count":0,"_bbp_reply_count":0,"_bbp_total_topic_count":0,"_bbp_total_reply_count":0,"_bbp_voice_count":0,"_bbp_anonymous_reply_count":0,"_bbp_topic_count_hidden":0,"_bbp_reply_count_hidden":0,"_bbp_forum_subforum_count":0,"om_disable_all_campaigns":false,"_uag_custom_page_level_css":"","_mi_skip_tracking":false,"_monsterinsights_sitenote_active":false,"_monsterinsights_sitenote_note":"","_monsterinsights_sitenote_category":0,"site-sidebar-layout":"default","site-content-layout":"default","ast-global-header-display":"","ast-main-header-display":"","ast-hfb-above-header-display":"","ast-hfb-below-header-display":"","ast-hfb-mobile-header-display":"","site-post-title":"","ast-breadcrumbs-content":"","ast-featured-img":"","footer-sml-layout":"","theme-transparent-header-meta":"default","adv-header-id-meta":"","stick-header-meta":"","header-above-stick-meta":"","header-main-stick-meta":"","header-below-stick-meta":"","footnotes":""},"class_list":["post-1112","page","type-page","status-publish","hentry"],"aioseo_notices":[],"uagb_featured_image_src":{"full":false,"thumbnail":false,"medium":false,"medium_large":false,"large":false,"post-slider-thumb-size":false,"1536x1536":false,"2048x2048":false},"uagb_author_info":{"display_name":"solucaopublicidades@hotmail.com","author_link":"https:\/\/holosofia.com.br\/?author=1"},"uagb_comment_info":0,"uagb_excerpt":"29 \u2013 MEDITA\u00c7\u00c3O &nbsp; Publicado em 02.12.06 Jesus Cristo sempre gozou de excelente sa\u00fade. Ele desfrutava de plena paz interior, e esta foi transmitida nos \u00faltimos momentos da sua vida, quando assim se expressou: \u201cPai, perdoa-os, ele n\u00e3o sabem o que fazem\u201d. A sintonia de Jesus com o \u201cPai\u201d se dava pelo processo de interioriza\u00e7\u00e3o,&hellip;","_links":{"self":[{"href":"https:\/\/holosofia.com.br\/index.php?rest_route=\/wp\/v2\/pages\/1112","targetHints":{"allow":["GET"]}}],"collection":[{"href":"https:\/\/holosofia.com.br\/index.php?rest_route=\/wp\/v2\/pages"}],"about":[{"href":"https:\/\/holosofia.com.br\/index.php?rest_route=\/wp\/v2\/types\/page"}],"author":[{"embeddable":true,"href":"https:\/\/holosofia.com.br\/index.php?rest_route=\/wp\/v2\/users\/1"}],"replies":[{"embeddable":true,"href":"https:\/\/holosofia.com.br\/index.php?rest_route=%2Fwp%2Fv2%2Fcomments&post=1112"}],"version-history":[{"count":1,"href":"https:\/\/holosofia.com.br\/index.php?rest_route=\/wp\/v2\/pages\/1112\/revisions"}],"predecessor-version":[{"id":1113,"href":"https:\/\/holosofia.com.br\/index.php?rest_route=\/wp\/v2\/pages\/1112\/revisions\/1113"}],"wp:attachment":[{"href":"https:\/\/holosofia.com.br\/index.php?rest_route=%2Fwp%2Fv2%2Fmedia&parent=1112"}],"curies":[{"name":"wp","href":"https:\/\/api.w.org\/{rel}","templated":true}]}}