{"id":1101,"date":"2023-01-11T11:24:31","date_gmt":"2023-01-11T11:24:31","guid":{"rendered":"https:\/\/holosofia.com.br\/?page_id=1101"},"modified":"2023-03-25T13:30:42","modified_gmt":"2023-03-25T13:30:42","slug":"holocoluna-0042","status":"publish","type":"page","link":"https:\/\/holosofia.com.br\/?page_id=1101","title":{"rendered":"Holocoluna &#8211; 0042"},"content":{"rendered":"<h2>42 \u2013 VI CAP\u00cdTULO: INTESTINO PRESO<\/h2>\n<h3 style=\"text-align: right;\">Publicado em 31\/03\/2007<\/h3>\n<p>&nbsp;<\/p>\n<h3>Quando a m\u00e3e refere que a crian\u00e7a est\u00e1 com o intestino preso, o pediatra logo entende que se trata de constipa\u00e7\u00e3o intestinal\u2013 <em>elimina\u00e7\u00e3o com esfor\u00e7o (ou at\u00e9 sofrimento) de fezes duras (ressecadas) geralmente em freq\u00fc\u00eancia menor que o habitual.<\/em><\/h3>\n<h3>O rec\u00e9m-nascido <em>(0 a 28 dias)<\/em> e o lactente <em>(29 dias a 2 anos)<\/em> no primeiro trimestre de vida podem apresentar dificuldade para evacuar, mesmo se alimentando exclusivamente de leite materno. A esta situa\u00e7\u00e3o atribui-se \u00e0 incoordena\u00e7\u00e3o do esf\u00edncter anal por imaturidade do sistema nervoso, cabendo ao pediatra a tarefa de tranq\u00fcilizar a m\u00e3e com explica\u00e7\u00f5es mais detalhadas.<\/h3>\n<h3>O tratamento consiste em massagens e gin\u00e1sticas abdominais, for\u00e7ando as coxas fletidas sobre o abdome. Aos beb\u00eas alimentados ao seio <strong>N\u00c3O<\/strong> oferecer suco, ameixa, mel ou laxantes; quando em uso de leite artificial (vaca) puro, a m\u00e3e deve dilui-lo (<em>2 partes de leite para 1 de \u00e1gua<\/em>) ou mudar para o Nanon.<\/h3>\n<h3>No pr\u00e9-escolar <em>(2 a 7 anos) <\/em>a constipa\u00e7\u00e3o cr\u00f4nica pode estar associada ao excesso de atividades e brincadeiras que contribuem para a crian\u00e7a esquecer o seu hor\u00e1rio habitual de evacuar. O segundo fator recai sobre uma dieta inadequada \u2013 <em>\u00e0 base de leite e alimentos sem res\u00edduos e sem fibras.<\/em><\/h3>\n<h3>Portanto, o tratamento compreende uma s\u00e9rie de medidas.<\/h3>\n<h3><strong>Primeiro,<\/strong> seguir rigorosamente a dieta proposta pelo pediatra, incluindo a\u00ed frutas, verduras e legumes.<\/h3>\n<h3><strong>Segundo,<\/strong> oferecer l\u00edquido com freq\u00fc\u00eancia, destacando-se aqueles que apresentam a\u00e7\u00e3o laxante \u2013 <em>laranja, tamarindo e mam\u00e3o.<\/em><\/h3>\n<h3><strong>Terceiro,<\/strong> estabelecer um hor\u00e1rio fixo para evacuar diariamente, a partir dessa pr\u00f3xima evacua\u00e7\u00e3o, preferindo-se o momento correspondente a 20 minutos ap\u00f3s uma das refei\u00e7\u00f5es.<\/h3>\n<h3><strong>Quarto,<\/strong> diante do insucesso das medidas anteriores, o m\u00e9dico costuma prescrever \u00f3leo mineral (Nujol), conforme o peso corporal da crian\u00e7a, variando entre 2 a 5ml\/kg\/dia, em duas tomadas \u2013 <em>manh\u00e3 e noite<\/em> \u2013, por um per\u00edodo de 15 a 30 dias, diminuindo gradualmente at\u00e9 completa suspens\u00e3o da medica\u00e7\u00e3o.<\/h3>\n<h3><strong>Quinto,<\/strong> proporcionar \u00e0 crian\u00e7a um clima de tranq\u00fcilidade, paci\u00eancia e compreens\u00e3o do problema que ela est\u00e1 vivendo. Este apoio psicol\u00f3gico \u00e9 um ato de amor significativo.<\/h3>\n<h3>Como podemos verificar pelo acima exposto, o objetivo maior desta abordagem \u00e9 tranq\u00fcilizar a m\u00e3e a respeito da inexist\u00eancia de gravidade a cerca da constipa\u00e7\u00e3o Intestinal, enquanto ela pr\u00f3pria passa a dispor de informa\u00e7\u00f5es preliminares para resolver a situa\u00e7\u00e3o com medidas n\u00e3o medicamentosas, mas sim com a corre\u00e7\u00e3o alimentar, a oferta h\u00eddrica e o estabelecimento de hor\u00e1rio para a crian\u00e7a esvaziar o intestino. Vale ressaltar que tais procedimentos s\u00e3o extensivos ao adulto tamb\u00e9m.<\/h3>\n<h3>Naturalmente, o papel do m\u00e9dico torna-se preponderante na resolu\u00e7\u00e3o de qualquer problema de sa\u00fade, mas a seq\u00fc\u00eancia destes artigos \u2013 <em>total de 12<\/em> \u2013 visa oferecer o m\u00ednimo de informa\u00e7\u00f5es b\u00e1sicas necess\u00e1rias a tranq\u00fcilizar as m\u00e3es diante das mais freq\u00fcentes amea\u00e7as \u00e0 sa\u00fade do seu filho.<\/h3>\n<h3>Lembramos a voc\u00ea que estamos concluindo a metade da sua cole\u00e7\u00e3o, intitulada \u201cCuidando do Meu Filho\u201d. A isto n\u00f3s denominamos <strong>democratiza\u00e7\u00e3o do conhecimento cient\u00edfico.<\/strong><\/h3>\n<h3 style=\"text-align: right;\"><em>Sebasti\u00e3o Saraiva<\/em><\/h3>\n<p style=\"text-align: right;\"><em>M\u00e9dico e Hol\u00f3sofo<\/em><\/p>\n","protected":false},"excerpt":{"rendered":"<p>42 \u2013 VI CAP\u00cdTULO: INTESTINO PRESO Publicado em 31\/03\/2007 &nbsp; Quando a m\u00e3e refere que a crian\u00e7a est\u00e1 com o intestino preso, o pediatra logo entende que se trata de constipa\u00e7\u00e3o intestinal\u2013 elimina\u00e7\u00e3o com esfor\u00e7o (ou at\u00e9 sofrimento) de fezes duras (ressecadas) geralmente em freq\u00fc\u00eancia menor que o habitual. O rec\u00e9m-nascido (0 a 28 dias) &hellip;<\/p>\n<p class=\"read-more\"> <a class=\"\" href=\"https:\/\/holosofia.com.br\/?page_id=1101\"> <span class=\"screen-reader-text\">Holocoluna &#8211; 0042<\/span> Leia mais &raquo;<\/a><\/p>\n","protected":false},"author":1,"featured_media":0,"parent":0,"menu_order":0,"comment_status":"closed","ping_status":"closed","template":"","meta":{"_bbp_topic_count":0,"_bbp_reply_count":0,"_bbp_total_topic_count":0,"_bbp_total_reply_count":0,"_bbp_voice_count":0,"_bbp_anonymous_reply_count":0,"_bbp_topic_count_hidden":0,"_bbp_reply_count_hidden":0,"_bbp_forum_subforum_count":0,"om_disable_all_campaigns":false,"_uag_custom_page_level_css":"","_mi_skip_tracking":false,"_monsterinsights_sitenote_active":false,"_monsterinsights_sitenote_note":"","_monsterinsights_sitenote_category":0,"site-sidebar-layout":"default","site-content-layout":"default","ast-global-header-display":"","ast-main-header-display":"","ast-hfb-above-header-display":"","ast-hfb-below-header-display":"","ast-hfb-mobile-header-display":"","site-post-title":"","ast-breadcrumbs-content":"","ast-featured-img":"","footer-sml-layout":"","theme-transparent-header-meta":"default","adv-header-id-meta":"","stick-header-meta":"","header-above-stick-meta":"","header-main-stick-meta":"","header-below-stick-meta":"","footnotes":""},"class_list":["post-1101","page","type-page","status-publish","hentry"],"aioseo_notices":[],"uagb_featured_image_src":{"full":false,"thumbnail":false,"medium":false,"medium_large":false,"large":false,"post-slider-thumb-size":false,"1536x1536":false,"2048x2048":false},"uagb_author_info":{"display_name":"solucaopublicidades@hotmail.com","author_link":"https:\/\/holosofia.com.br\/?author=1"},"uagb_comment_info":0,"uagb_excerpt":"42 \u2013 VI CAP\u00cdTULO: INTESTINO PRESO Publicado em 31\/03\/2007 &nbsp; Quando a m\u00e3e refere que a crian\u00e7a est\u00e1 com o intestino preso, o pediatra logo entende que se trata de constipa\u00e7\u00e3o intestinal\u2013 elimina\u00e7\u00e3o com esfor\u00e7o (ou at\u00e9 sofrimento) de fezes duras (ressecadas) geralmente em freq\u00fc\u00eancia menor que o habitual. O rec\u00e9m-nascido (0 a 28 dias)&hellip;","_links":{"self":[{"href":"https:\/\/holosofia.com.br\/index.php?rest_route=\/wp\/v2\/pages\/1101","targetHints":{"allow":["GET"]}}],"collection":[{"href":"https:\/\/holosofia.com.br\/index.php?rest_route=\/wp\/v2\/pages"}],"about":[{"href":"https:\/\/holosofia.com.br\/index.php?rest_route=\/wp\/v2\/types\/page"}],"author":[{"embeddable":true,"href":"https:\/\/holosofia.com.br\/index.php?rest_route=\/wp\/v2\/users\/1"}],"replies":[{"embeddable":true,"href":"https:\/\/holosofia.com.br\/index.php?rest_route=%2Fwp%2Fv2%2Fcomments&post=1101"}],"version-history":[{"count":2,"href":"https:\/\/holosofia.com.br\/index.php?rest_route=\/wp\/v2\/pages\/1101\/revisions"}],"predecessor-version":[{"id":1324,"href":"https:\/\/holosofia.com.br\/index.php?rest_route=\/wp\/v2\/pages\/1101\/revisions\/1324"}],"wp:attachment":[{"href":"https:\/\/holosofia.com.br\/index.php?rest_route=%2Fwp%2Fv2%2Fmedia&parent=1101"}],"curies":[{"name":"wp","href":"https:\/\/api.w.org\/{rel}","templated":true}]}}