{"id":1083,"date":"2023-01-11T01:22:19","date_gmt":"2023-01-11T01:22:19","guid":{"rendered":"https:\/\/holosofia.com.br\/?page_id=1083"},"modified":"2023-03-25T13:27:20","modified_gmt":"2023-03-25T13:27:20","slug":"holocoluna-0039","status":"publish","type":"page","link":"https:\/\/holosofia.com.br\/?page_id=1083","title":{"rendered":"Holocoluna &#8211; 0039"},"content":{"rendered":"<h2>39 &#8211; III Cap\u00edtulo: \u201cCONVULS\u00c3O\u201d<\/h2>\n<h3 style=\"text-align: right;\">Publicado em 10\/03\/2007<\/h3>\n<p>&nbsp;<\/p>\n<h3>A pr\u00e1tica pedi\u00e1trica ao longo de quase 34 anos faz com que o profissional se conven\u00e7a da import\u00e2ncia de repassar \u00e0s m\u00e3es o m\u00ednimo de informa\u00e7\u00f5es poss\u00edveis para proteger a crian\u00e7a contra repercuss\u00f5es indesejadas de algumas doen\u00e7as, mas sempre com o objetivo de ajudar, jamais de alarmar ou promover preocupa\u00e7\u00e3o exacerbada aos familiares. A isto chamamos de \u201cdemocratiza\u00e7\u00e3o do conhecimento cient\u00edfico\u201d.<\/h3>\n<h3>A convuls\u00e3o se caracteriza principalmente por movimentos involunt\u00e1rios generalizados ou limitados a uma parte do corpo, perda da consci\u00eancia, rigidez muscular.<\/h3>\n<h3>Para voc\u00ea, caro(a) leitor(a), entender melhor vale detalhar as tr\u00eas ocorr\u00eancias acima. Movimentos involunt\u00e1rios generalizados ou limitados a uma parte do corpo se traduzem por tremores, podendo atingir os membros superiores e inferiores e ainda os olhos (revirando os olhos), ou apenas um dos bra\u00e7os ou um p\u00e9, ou mesmo um \u00fanico dedo polegar da m\u00e3o direita ou esquerda. Mesmo que voc\u00ea tente segurar para impedir os movimentos dessas partes n\u00e3o \u00e9 poss\u00edvel.<\/h3>\n<h3>A perda da consci\u00eancia a m\u00e3e ou a acompanhante percebe e relata que a crian\u00e7a ficou parada, \u201capaga\u201d ou \u201cdesligada\u201d.<\/h3>\n<h3>A rigidez muscular atinge a \u00e1rea afetada, chamando a aten\u00e7\u00e3o pelo seu endurecimento ou estiramento, especialmente, do pesco\u00e7o ou dos membros.<\/h3>\n<h3>Em algumas situa\u00e7\u00f5es, observam-se secre\u00e7\u00f5es salivares aumentadas (baba), relaxamento esfincteriano (a crian\u00e7a faz xixi ou coc\u00f4), cianose (crian\u00e7a roxa) ou palidez.<\/h3>\n<h3>A convuls\u00e3o acomete mais as crian\u00e7as nos seus primeiros dois e quatro anos de idade.<\/h3>\n<h3>As causas s\u00e3o variadas. No rec\u00e9m-nascido \u2013 <em>menos de 30 dias de vida<\/em> \u2013, principalmente nas primeiras horas, a convuls\u00e3o pode estar ligada ao sofrimento fetal, quando o beb\u00ea nasce banhado de mec\u00f4nio (\u00e1gua esverdeada) e com dificuldade respirat\u00f3ria, independente de um fator etiol\u00f3gico (raz\u00e3o espec\u00edfica). Mas tamb\u00e9m pode ocorrer pela hipoglicemia (a\u00e7\u00facar baixo no sangue), em filhos de diab\u00e9ticas; pela alimenta\u00e7\u00e3o precoce com leite de vaca; e ainda pelos germes capazes de provocar meningite e convuls\u00e3o. Vale lembrar que os rec\u00e9m-nascidos apresentam movimentos musculares normalmente exagerados, sem ser convuls\u00e3o, especialmente quando se espantam. Portanto, cuidado para evitar alarme falso.<\/h3>\n<h3>Depois deste per\u00edodo a convuls\u00e3o febril \u00e9 a mais freq\u00fcente. As c\u00e9lulas do c\u00e9rebro da crian\u00e7a n\u00e3o suportam bem a eleva\u00e7\u00e3o r\u00e1pida da temperatura corporal.<\/h3>\n<h3>Aqui vai uma sugest\u00e3o pr\u00e1tica para voc\u00ea: quando estiver diante de uma crian\u00e7a febril, cuja temperatura esteja acima de 37,8\u00baC, d\u00ea uma dose de Dipirona (uma gota por quilo), e banho at\u00e9 baixar a febre, a\u00ed ent\u00e3o leve ao m\u00e9dico. Esta pr\u00e1tica evita que a febre venha aumentar enquanto voc\u00ea se encaminha ao doutor, e a crian\u00e7a entre em convuls\u00e3o neste \u00ednterim.<\/h3>\n<h3>Diante do acima exposto torna-se importante ressaltar dois pontos:<\/h3>\n<h3>Primeiro, onde houver crian\u00e7a que haja um term\u00f4metro e uma pessoa capaz de medir a sua temperatura (pe\u00e7a ao seu m\u00e9dico para lhe ensinar).<\/h3>\n<h3>Segundo, em caso de suspeita de convuls\u00e3o, preste aten\u00e7\u00e3o ao fato para explicar corretamente ao pediatra o que aconteceu. Ele saber\u00e1 cuidar adequadamente da crian\u00e7a, e lhe orientar\u00e1 como proceder a partir de ent\u00e3o. Confie no seu m\u00e9dico!<\/h3>\n<h3 style=\"text-align: right;\"><em>Sebasti\u00e3o Saraiva<\/em><\/h3>\n<h3 style=\"text-align: right;\"><em>M\u00e9dico e Hol\u00f3sofo<\/em><\/h3>\n","protected":false},"excerpt":{"rendered":"<p>39 &#8211; III Cap\u00edtulo: \u201cCONVULS\u00c3O\u201d Publicado em 10\/03\/2007 &nbsp; A pr\u00e1tica pedi\u00e1trica ao longo de quase 34 anos faz com que o profissional se conven\u00e7a da import\u00e2ncia de repassar \u00e0s m\u00e3es o m\u00ednimo de informa\u00e7\u00f5es poss\u00edveis para proteger a crian\u00e7a contra repercuss\u00f5es indesejadas de algumas doen\u00e7as, mas sempre com o objetivo de ajudar, jamais de &hellip;<\/p>\n<p class=\"read-more\"> <a class=\"\" href=\"https:\/\/holosofia.com.br\/?page_id=1083\"> <span class=\"screen-reader-text\">Holocoluna &#8211; 0039<\/span> Leia mais &raquo;<\/a><\/p>\n","protected":false},"author":1,"featured_media":0,"parent":0,"menu_order":0,"comment_status":"closed","ping_status":"closed","template":"","meta":{"_bbp_topic_count":0,"_bbp_reply_count":0,"_bbp_total_topic_count":0,"_bbp_total_reply_count":0,"_bbp_voice_count":0,"_bbp_anonymous_reply_count":0,"_bbp_topic_count_hidden":0,"_bbp_reply_count_hidden":0,"_bbp_forum_subforum_count":0,"om_disable_all_campaigns":false,"_uag_custom_page_level_css":"","_mi_skip_tracking":false,"_monsterinsights_sitenote_active":false,"_monsterinsights_sitenote_note":"","_monsterinsights_sitenote_category":0,"site-sidebar-layout":"default","site-content-layout":"default","ast-global-header-display":"","ast-main-header-display":"","ast-hfb-above-header-display":"","ast-hfb-below-header-display":"","ast-hfb-mobile-header-display":"","site-post-title":"","ast-breadcrumbs-content":"","ast-featured-img":"","footer-sml-layout":"","theme-transparent-header-meta":"default","adv-header-id-meta":"","stick-header-meta":"","header-above-stick-meta":"","header-main-stick-meta":"","header-below-stick-meta":"","footnotes":""},"class_list":["post-1083","page","type-page","status-publish","hentry"],"aioseo_notices":[],"uagb_featured_image_src":{"full":false,"thumbnail":false,"medium":false,"medium_large":false,"large":false,"post-slider-thumb-size":false,"1536x1536":false,"2048x2048":false},"uagb_author_info":{"display_name":"solucaopublicidades@hotmail.com","author_link":"https:\/\/holosofia.com.br\/?author=1"},"uagb_comment_info":0,"uagb_excerpt":"39 &#8211; III Cap\u00edtulo: \u201cCONVULS\u00c3O\u201d Publicado em 10\/03\/2007 &nbsp; A pr\u00e1tica pedi\u00e1trica ao longo de quase 34 anos faz com que o profissional se conven\u00e7a da import\u00e2ncia de repassar \u00e0s m\u00e3es o m\u00ednimo de informa\u00e7\u00f5es poss\u00edveis para proteger a crian\u00e7a contra repercuss\u00f5es indesejadas de algumas doen\u00e7as, mas sempre com o objetivo de ajudar, jamais de&hellip;","_links":{"self":[{"href":"https:\/\/holosofia.com.br\/index.php?rest_route=\/wp\/v2\/pages\/1083","targetHints":{"allow":["GET"]}}],"collection":[{"href":"https:\/\/holosofia.com.br\/index.php?rest_route=\/wp\/v2\/pages"}],"about":[{"href":"https:\/\/holosofia.com.br\/index.php?rest_route=\/wp\/v2\/types\/page"}],"author":[{"embeddable":true,"href":"https:\/\/holosofia.com.br\/index.php?rest_route=\/wp\/v2\/users\/1"}],"replies":[{"embeddable":true,"href":"https:\/\/holosofia.com.br\/index.php?rest_route=%2Fwp%2Fv2%2Fcomments&post=1083"}],"version-history":[{"count":2,"href":"https:\/\/holosofia.com.br\/index.php?rest_route=\/wp\/v2\/pages\/1083\/revisions"}],"predecessor-version":[{"id":1321,"href":"https:\/\/holosofia.com.br\/index.php?rest_route=\/wp\/v2\/pages\/1083\/revisions\/1321"}],"wp:attachment":[{"href":"https:\/\/holosofia.com.br\/index.php?rest_route=%2Fwp%2Fv2%2Fmedia&parent=1083"}],"curies":[{"name":"wp","href":"https:\/\/api.w.org\/{rel}","templated":true}]}}