{"id":1072,"date":"2023-01-11T01:18:44","date_gmt":"2023-01-11T01:18:44","guid":{"rendered":"https:\/\/holosofia.com.br\/?page_id=1072"},"modified":"2023-03-25T13:25:12","modified_gmt":"2023-03-25T13:25:12","slug":"holocoluna-0037","status":"publish","type":"page","link":"https:\/\/holosofia.com.br\/?page_id=1072","title":{"rendered":"Holocoluna &#8211; 0037"},"content":{"rendered":"<h4>(uma cole\u00e7\u00e3o em cap\u00edtulo \u201cCuidando do Meu Filho\u201d).<\/h4>\n<h2>37 \u2013 I CAP\u00cdTULO: AMAMENTA\u00c7\u00c3O<\/h2>\n<h3 style=\"text-align: right;\">Publicado em 17\/02\/2007<\/h3>\n<p>&nbsp;<\/p>\n<h3>Durante a vida intrauterina o feto se alimenta dos nutrientes contidos no sangue da m\u00e3e, que s\u00e3o transportados atrav\u00e9s do cord\u00e3o umbilical, a partir da placenta.<\/h3>\n<h3>Ap\u00f3s o nascimento, j\u00e1 na sala de parto, o beb\u00ea passa a se alimentar do leite materno.<\/h3>\n<h3>Eis a\u00ed uma maravilha da natureza, uma provid\u00eancia divina. Aquele sangue vermelho que garantia a vida, agora \u00e9 substitu\u00eddo por um \u201csangue\u201d branco com a mesma finalidade.<\/h3>\n<h3>Inicialmente, \u00e9 importante frisar que o intestino do rec\u00e9m-nascido \u00e9 est\u00e9ril, isto \u00e9, sem as bact\u00e9rias que formam a flora intestinal.<\/h3>\n<h3>A alimenta\u00e7\u00e3o exclusiva com o leite materno coloniza o intestino fundamentalmente com baterias chamadas bifidobact\u00e9rias, as quais conferem ao beb\u00ea grande resist\u00eancia \u00e0s infec\u00e7\u00f5es, diferente do que acontece quando se oferece o leite artificial (vaca, em saquinho, em caixa ou em lata, em p\u00f3), que produz uma flora intestinal \u00e0 base de colibacilos.<\/h3>\n<h3>Por isso, Morquio (1867-1935) dizia: O beb\u00ea alimentado ao seio raramente adoece e quase nunca morre.<\/h3>\n<h3>Obviamente, alimentar o feto com o pr\u00f3prio sangue \u00e9 uma imposi\u00e7\u00e3o da natureza, independe da vontade da m\u00e3e, mas amamentar \u00e9 sua op\u00e7\u00e3o, portanto, uma pr\u00e1tica sujeita a v\u00e1rios fatores \u2013 <em>educa\u00e7\u00e3o, tradi\u00e7\u00e3o familiar, influ\u00eancia social e orienta\u00e7\u00e3o m\u00e9dica \u2013<\/em>, excetuando-se os impedimentos por quest\u00e3o de sa\u00fade da m\u00e3e e\/ou pelo uso de alguns medicamentos.<\/h3>\n<h3>Neste particular o obstetra \u2013 <em>ao longo do pr\u00e9-natal<\/em> \u2013, e o pediatra \u2013 <em>nas consultas de rotina<\/em> \u2013 t\u00eam um papel decisivo na amamenta\u00e7\u00e3o.<\/h3>\n<h3>Toda gestante, por for\u00e7a hormonal, \u00e9 preparada para produzir leite. O leite materno \u00e9 plenamente rico dos nutrientes necess\u00e1rios ao bom desenvolvimento do beb\u00ea, dispensando complementa\u00e7\u00e3o nos seus primeiros seis meses de vida.<\/h3>\n<h3>Assim, as informa\u00e7\u00f5es equivocadas adquiridas pela m\u00e3e precisam ser substitu\u00eddas por conhecimento cient\u00edfico oferecido pelo m\u00e9dico, especialmente em rela\u00e7\u00e3o \u00e0 capacidade do leite suprir \u00e0s necessidades nutricionais e emocionais da crian\u00e7a e proporcionar a sa\u00fade das mamas da m\u00e3e.<\/h3>\n<h3>\u00c9 comum a m\u00e3e solicitar leite complementar ao pediatra, alegando que o seu leite n\u00e3o sustenta, \u00e9 pouco, \u00e9 fraco, e que o beb\u00ea chora com fome.<\/h3>\n<h3>Neste instante, o m\u00e9dico informa que o leite materno, por ser um leite do animal da mesma esp\u00e9cie, apresenta excelente digestibilidade, esvaziando o est\u00f4mago rapidamente, portanto, exigindo uma nova mamada; o leite artificial (vaca), pr\u00f3prio para alimentar um animal maior (bezerro), \u00e9 muito indigesto para a crian\u00e7a, permanecendo por mais tempo no est\u00f4mago e dando a falsa no\u00e7\u00e3o de saciar a sua fome.<\/h3>\n<h3>A aten\u00e7\u00e3o do m\u00e9dico e esta explica\u00e7\u00e3o deixam a m\u00e3e segura, confiante e tranq\u00fcila, fazendo com que haja aumento do leite por conta da maior freq\u00fc\u00eancia das mamadas.<\/h3>\n<h3>Sob o aspecto psicol\u00f3gico, a amamenta\u00e7\u00e3o representa a aceita\u00e7\u00e3o do filho e a oferta de mamadeira a sua rejei\u00e7\u00e3o.<\/h3>\n<h3>Logo, \u00e9 f\u00e1cil compreender o desdobramento positivo da amamenta\u00e7\u00e3o. O beb\u00ea recebe uma carga de afeto a ser utilizada ao longo da sua vida adulta.<\/h3>\n<h3>Enfim, a amamenta\u00e7\u00e3o se constitui num ato sublime de compreens\u00e3o da natureza e amor.<\/h3>\n<h3><em>Sebasti\u00e3o Saraiva<\/em><\/h3>\n<h3><em>M\u00e9dico e Hol\u00f3sofo<\/em><\/h3>\n","protected":false},"excerpt":{"rendered":"<p>(uma cole\u00e7\u00e3o em cap\u00edtulo \u201cCuidando do Meu Filho\u201d). 37 \u2013 I CAP\u00cdTULO: AMAMENTA\u00c7\u00c3O Publicado em 17\/02\/2007 &nbsp; Durante a vida intrauterina o feto se alimenta dos nutrientes contidos no sangue da m\u00e3e, que s\u00e3o transportados atrav\u00e9s do cord\u00e3o umbilical, a partir da placenta. Ap\u00f3s o nascimento, j\u00e1 na sala de parto, o beb\u00ea passa a &hellip;<\/p>\n<p class=\"read-more\"> <a class=\"\" href=\"https:\/\/holosofia.com.br\/?page_id=1072\"> <span class=\"screen-reader-text\">Holocoluna &#8211; 0037<\/span> Leia mais &raquo;<\/a><\/p>\n","protected":false},"author":1,"featured_media":0,"parent":0,"menu_order":0,"comment_status":"closed","ping_status":"closed","template":"","meta":{"_bbp_topic_count":0,"_bbp_reply_count":0,"_bbp_total_topic_count":0,"_bbp_total_reply_count":0,"_bbp_voice_count":0,"_bbp_anonymous_reply_count":0,"_bbp_topic_count_hidden":0,"_bbp_reply_count_hidden":0,"_bbp_forum_subforum_count":0,"om_disable_all_campaigns":false,"_uag_custom_page_level_css":"","_mi_skip_tracking":false,"_monsterinsights_sitenote_active":false,"_monsterinsights_sitenote_note":"","_monsterinsights_sitenote_category":0,"site-sidebar-layout":"default","site-content-layout":"default","ast-global-header-display":"","ast-main-header-display":"","ast-hfb-above-header-display":"","ast-hfb-below-header-display":"","ast-hfb-mobile-header-display":"","site-post-title":"","ast-breadcrumbs-content":"","ast-featured-img":"","footer-sml-layout":"","theme-transparent-header-meta":"default","adv-header-id-meta":"","stick-header-meta":"","header-above-stick-meta":"","header-main-stick-meta":"","header-below-stick-meta":"","footnotes":""},"class_list":["post-1072","page","type-page","status-publish","hentry"],"aioseo_notices":[],"uagb_featured_image_src":{"full":false,"thumbnail":false,"medium":false,"medium_large":false,"large":false,"post-slider-thumb-size":false,"1536x1536":false,"2048x2048":false},"uagb_author_info":{"display_name":"solucaopublicidades@hotmail.com","author_link":"https:\/\/holosofia.com.br\/?author=1"},"uagb_comment_info":0,"uagb_excerpt":"(uma cole\u00e7\u00e3o em cap\u00edtulo \u201cCuidando do Meu Filho\u201d). 37 \u2013 I CAP\u00cdTULO: AMAMENTA\u00c7\u00c3O Publicado em 17\/02\/2007 &nbsp; Durante a vida intrauterina o feto se alimenta dos nutrientes contidos no sangue da m\u00e3e, que s\u00e3o transportados atrav\u00e9s do cord\u00e3o umbilical, a partir da placenta. Ap\u00f3s o nascimento, j\u00e1 na sala de parto, o beb\u00ea passa a&hellip;","_links":{"self":[{"href":"https:\/\/holosofia.com.br\/index.php?rest_route=\/wp\/v2\/pages\/1072","targetHints":{"allow":["GET"]}}],"collection":[{"href":"https:\/\/holosofia.com.br\/index.php?rest_route=\/wp\/v2\/pages"}],"about":[{"href":"https:\/\/holosofia.com.br\/index.php?rest_route=\/wp\/v2\/types\/page"}],"author":[{"embeddable":true,"href":"https:\/\/holosofia.com.br\/index.php?rest_route=\/wp\/v2\/users\/1"}],"replies":[{"embeddable":true,"href":"https:\/\/holosofia.com.br\/index.php?rest_route=%2Fwp%2Fv2%2Fcomments&post=1072"}],"version-history":[{"count":3,"href":"https:\/\/holosofia.com.br\/index.php?rest_route=\/wp\/v2\/pages\/1072\/revisions"}],"predecessor-version":[{"id":1319,"href":"https:\/\/holosofia.com.br\/index.php?rest_route=\/wp\/v2\/pages\/1072\/revisions\/1319"}],"wp:attachment":[{"href":"https:\/\/holosofia.com.br\/index.php?rest_route=%2Fwp%2Fv2%2Fmedia&parent=1072"}],"curies":[{"name":"wp","href":"https:\/\/api.w.org\/{rel}","templated":true}]}}