{"id":1063,"date":"2023-01-11T01:04:56","date_gmt":"2023-01-11T01:04:56","guid":{"rendered":"https:\/\/holosofia.com.br\/?page_id=1063"},"modified":"2023-03-25T13:22:28","modified_gmt":"2023-03-25T13:22:28","slug":"holocoluna-0036","status":"publish","type":"page","link":"https:\/\/holosofia.com.br\/?page_id=1063","title":{"rendered":"Holocoluna &#8211; 0036"},"content":{"rendered":"<h2><strong>36 \u2013 CEMEC<\/strong><\/h2>\n<h3 style=\"text-align: right;\"><strong>\u00a0Publicado em 10\/02\/2007<\/strong><\/h3>\n<p>&nbsp;<\/p>\n<h3>A maneira de como o povo \u00e9 tratado, especialmente na sa\u00fade, traduz o zelo e a responsabilidade do seu representante maior, o Prefeito. Tamb\u00e9m recai sobre si o \u00f4nus pela escolha da sua Equipe.<\/h3>\n<h3>Por isso, queremos, nesta oportunidade, congratular-nos com o nosso prefeito Jo\u00e3o Batista Ruggeri R\u00e9 e sua Equipe de Sa\u00fade, na pessoa da Secret\u00e1ria Cl\u00e1udia Orzi Zacharias Beihy Menta, pela implanta\u00e7\u00e3o do rec\u00e9m inaugurado Centro de Especialidades M\u00e9dicas de Cajuru \u2013 CEMEC.<\/h3>\n<h3>Essa \u201cUnidade de Aten\u00e7\u00e3o \u00e0 Sa\u00fade\u201d se constitui no modelo daquilo que a atual Administra\u00e7\u00e3o Municipal almeja para o nosso povo, tamb\u00e9m nos demais setores.<\/h3>\n<h3>Com o CEMEC os pacientes agendados, at\u00e9 ent\u00e3o atendidos no Pronto Socorro Central, passaram a dispor de um local verdadeiramente apropriado.<\/h3>\n<h3>Ali eles contam com um ambiente arejado, iluminado e higienizado; com uma ampla sala de espera com cadeiras novas e confort\u00e1veis; com atividades realizadas por funcion\u00e1rios treinados e adequadamente uniformizados, e sob a coordena\u00e7\u00e3o de uma pessoa reconhecidamente competente e dedicada, a Sra. Eliana Bastos do Carmo Nascimento.<\/h3>\n<h3>Tamb\u00e9m, verifica-se no semblante dos servidores \u2013 <em>m\u00e9dicos, servi\u00e7o de enfermagem, recep\u00e7\u00e3o e servi\u00e7os gerais<\/em> \u2013 vis\u00edvel estado de contentamento e orgulho pelas condi\u00e7\u00f5es ideais de trabalho \u2013 <em>tudo novo, limpo e bem arrumado.<\/em><\/h3>\n<h3>O bom ambiente de trabalho, tanto no aspecto material como relacional, induz o funcion\u00e1rio a assumir postura cada vez mais profissional \u2013 <em>presteza, dedica\u00e7\u00e3o, aten\u00e7\u00e3o, equil\u00edbrio emocional e \u00e9tica<\/em> \u2013, oferecendo melhor qualidade \u00e0s suas atividades e produzindo os resultados esperados. Isto equivale dizer que o bom ambiente de trabalho realiza o profissional e dignifica a clientela.<\/h3>\n<h3>Por esta raz\u00e3o, n\u00e3o raro, pacientes de cidades vizinhas s\u00e3o vistos consultando no CEMEC. Isto, at\u00e9 certo ponto, \u00e9 motivo de orgulho para a nossa gente.<\/h3>\n<h3>Este sentimento \u2013 <em>orgulho<\/em> \u2013 deve ser a m\u00e1quina propulsora do desenvolvimento potencial de cada servidor municipal.<\/h3>\n<h3>Quem se orgulha do que faz comunica felicidade pessoal e realiza\u00e7\u00e3o profissional.<\/h3>\n<h3>Portanto, apesar de Cajuru ser uma cidade de pequeno porte \u2013 <em>aproximadamente 25.000 habitantes <\/em>\u2013 e com poucas fontes geradoras de renda, a Sa\u00fade da popula\u00e7\u00e3o \u00e9 muito bem cuidada, superando at\u00e9 mesmo munic\u00edpios mais desenvolvidos. Um outro motivo de orgulho.<\/h3>\n<h3>Entretanto, julgamos oportuno lembrar a import\u00e2ncia do comparecimento do paciente \u00e0 consulta agendada, uma vez que a procura \u00e9 maior que a oferta. A falta de um paciente \u00e0 consulta tira a oportunidade de um outro e resulta em preju\u00edzo aos cofres p\u00fablicos, pois os honor\u00e1rios dos profissionais s\u00e3o baseados num determinado n\u00famero de consultas.<\/h3>\n<h3>Finalmente, queremos chamar a aten\u00e7\u00e3o para o fato positivo na constru\u00e7\u00e3o de uma sociedade mais amorosa, a partir de atitudes de elogio. Elogiarmos o nosso semelhante \u00e9 demonstrar amor ao pr\u00f3ximo, na pr\u00e1tica.<\/h3>\n<h3>O amor \u00e9 o \u00fanico caminho em dire\u00e7\u00e3o \u00e0 paz interior individual, familiar, social e universal. Para isso \u00e9 necess\u00e1rio despir-se do Ego\u00edsmo, modernamente hipertrofiado, e alinhar-se aos ensinamentos milenares do filho de Maria.<\/h3>\n<h3><em>Sebasti\u00e3o Saraiva<\/em><\/h3>\n<h3><em>M\u00e9dico e Hol\u00f3sofo<\/em><\/h3>\n","protected":false},"excerpt":{"rendered":"<p>36 \u2013 CEMEC \u00a0Publicado em 10\/02\/2007 &nbsp; A maneira de como o povo \u00e9 tratado, especialmente na sa\u00fade, traduz o zelo e a responsabilidade do seu representante maior, o Prefeito. Tamb\u00e9m recai sobre si o \u00f4nus pela escolha da sua Equipe. Por isso, queremos, nesta oportunidade, congratular-nos com o nosso prefeito Jo\u00e3o Batista Ruggeri R\u00e9 &hellip;<\/p>\n<p class=\"read-more\"> <a class=\"\" href=\"https:\/\/holosofia.com.br\/?page_id=1063\"> <span class=\"screen-reader-text\">Holocoluna &#8211; 0036<\/span> Leia mais &raquo;<\/a><\/p>\n","protected":false},"author":1,"featured_media":0,"parent":0,"menu_order":0,"comment_status":"closed","ping_status":"closed","template":"","meta":{"_bbp_topic_count":0,"_bbp_reply_count":0,"_bbp_total_topic_count":0,"_bbp_total_reply_count":0,"_bbp_voice_count":0,"_bbp_anonymous_reply_count":0,"_bbp_topic_count_hidden":0,"_bbp_reply_count_hidden":0,"_bbp_forum_subforum_count":0,"om_disable_all_campaigns":false,"_uag_custom_page_level_css":"","_mi_skip_tracking":false,"_monsterinsights_sitenote_active":false,"_monsterinsights_sitenote_note":"","_monsterinsights_sitenote_category":0,"site-sidebar-layout":"default","site-content-layout":"default","ast-global-header-display":"","ast-main-header-display":"","ast-hfb-above-header-display":"","ast-hfb-below-header-display":"","ast-hfb-mobile-header-display":"","site-post-title":"","ast-breadcrumbs-content":"","ast-featured-img":"","footer-sml-layout":"","theme-transparent-header-meta":"default","adv-header-id-meta":"","stick-header-meta":"","header-above-stick-meta":"","header-main-stick-meta":"","header-below-stick-meta":"","footnotes":""},"class_list":["post-1063","page","type-page","status-publish","hentry"],"aioseo_notices":[],"uagb_featured_image_src":{"full":false,"thumbnail":false,"medium":false,"medium_large":false,"large":false,"post-slider-thumb-size":false,"1536x1536":false,"2048x2048":false},"uagb_author_info":{"display_name":"solucaopublicidades@hotmail.com","author_link":"https:\/\/holosofia.com.br\/?author=1"},"uagb_comment_info":0,"uagb_excerpt":"36 \u2013 CEMEC \u00a0Publicado em 10\/02\/2007 &nbsp; A maneira de como o povo \u00e9 tratado, especialmente na sa\u00fade, traduz o zelo e a responsabilidade do seu representante maior, o Prefeito. Tamb\u00e9m recai sobre si o \u00f4nus pela escolha da sua Equipe. Por isso, queremos, nesta oportunidade, congratular-nos com o nosso prefeito Jo\u00e3o Batista Ruggeri R\u00e9&hellip;","_links":{"self":[{"href":"https:\/\/holosofia.com.br\/index.php?rest_route=\/wp\/v2\/pages\/1063","targetHints":{"allow":["GET"]}}],"collection":[{"href":"https:\/\/holosofia.com.br\/index.php?rest_route=\/wp\/v2\/pages"}],"about":[{"href":"https:\/\/holosofia.com.br\/index.php?rest_route=\/wp\/v2\/types\/page"}],"author":[{"embeddable":true,"href":"https:\/\/holosofia.com.br\/index.php?rest_route=\/wp\/v2\/users\/1"}],"replies":[{"embeddable":true,"href":"https:\/\/holosofia.com.br\/index.php?rest_route=%2Fwp%2Fv2%2Fcomments&post=1063"}],"version-history":[{"count":2,"href":"https:\/\/holosofia.com.br\/index.php?rest_route=\/wp\/v2\/pages\/1063\/revisions"}],"predecessor-version":[{"id":1317,"href":"https:\/\/holosofia.com.br\/index.php?rest_route=\/wp\/v2\/pages\/1063\/revisions\/1317"}],"wp:attachment":[{"href":"https:\/\/holosofia.com.br\/index.php?rest_route=%2Fwp%2Fv2%2Fmedia&parent=1063"}],"curies":[{"name":"wp","href":"https:\/\/api.w.org\/{rel}","templated":true}]}}