{"id":1054,"date":"2023-01-11T01:01:21","date_gmt":"2023-01-11T01:01:21","guid":{"rendered":"https:\/\/holosofia.com.br\/?page_id=1054"},"modified":"2023-03-25T13:09:49","modified_gmt":"2023-03-25T13:09:49","slug":"holocoluna-0034","status":"publish","type":"page","link":"https:\/\/holosofia.com.br\/?page_id=1054","title":{"rendered":"Holocoluna &#8211; 0034"},"content":{"rendered":"<p><strong>1\u00ba Artigo de 2007.<\/strong><\/p>\n<h2><strong>\u00a0\u00a0\u00a0\u00a0\u00a0\u00a0\u00a0\u00a0\u00a0\u00a0\u00a0 34 \u2013 CONVERSANDO COM VOC\u00ca<\/strong><\/h2>\n<h3 style=\"text-align: right;\">Publicado em 27\/01\/2007<\/h3>\n<p><strong>\u00a0<\/strong><\/p>\n<h3>Meu caro leitor e distinta leitora, espero que tenha tido um saldo positivo ao fazer um balan\u00e7o do ano de 2006. Talvez isto n\u00e3o aconte\u00e7a se voc\u00ea olhar fixamente para frente, mas ao completar o seu campo de vis\u00e3o, olhando para tr\u00e1s, concluir\u00e1 por uma bendita positividade. Deus assim o permitiu!<\/h3>\n<h3>\u00c9 com esta consci\u00eancia e o reconhecimento de tamanha generosidade do Universo que voc\u00ea deve desfrutar os 365 dias deste Novo Ano. A gratid\u00e3o consciente \u00e9 a rainha das virtudes!<\/h3>\n<h3>Dando continuidade \u00e0 nossa caminhada em dire\u00e7\u00e3o \u00e0 constru\u00e7\u00e3o de um Mundo melhor, estamos inaugurando o ano de 2007 com esta Holo-coluna especialmente dedicada a voc\u00ea, tamb\u00e9m especial.<\/h3>\n<h3>Agora, com mais experi\u00eancia de vida, portanto, com mais sabedoria, devemos compartilhar com nossos irm\u00e3os, a cada novo dia, todos os bons sentimentos do Natal e as grandes esperan\u00e7as da Passagem de Ano que soubemos acumular nos nossos cora\u00e7\u00f5es. Esta ser\u00e1 a pr\u00e1tica da verdadeira religi\u00e3o, da nossa re-liga\u00e7\u00e3o com Deus.<\/h3>\n<h3>Este ano estarei enfatizando o <strong>livro<\/strong> como o caminho mais seguro e digno rumo \u00e0 realiza\u00e7\u00e3o e ao sucesso das pessoas, essencialmente da nossa juventude.<\/h3>\n<h3>Desenvolver o h\u00e1bito da leitura \u00e9 perseguir o exterm\u00ednio da ignor\u00e2ncia pelo poder do conhecimento. Os jovens de Cajuru s\u00e3o inteligentes e merecedores dos nossos esfor\u00e7os.<\/h3>\n<h3>Com esta convic\u00e7\u00e3o convido voc\u00ea a estimular os amigos e as amigas na organiza\u00e7\u00e3o de grupos para ler semanalmente o Holo-coluna e, com senso cr\u00edtico, oferecer-me um feed back de presente, pessoalmente ou por telefone. Tal iniciativa poder\u00e1 resultar brevemente na forma\u00e7\u00e3o de um grupo de pessoas interessadas em aprimorar-se intelectualmente atrav\u00e9s de debates sobre assuntos palpitantes, do ponto de vista s\u00f3cio-cultural. A essas ocasi\u00f5es denominaremos \u201cCaf\u00e9 Holos\u00f3fico\u201d.<\/h3>\n<h3>Precisamos proporcionar inova\u00e7\u00f5es construtivas para os nossos jovens e, ao mesmo tempo, resgatar os valores vivos da literatura de Cajuru. Para n\u00e3o cometer injusti\u00e7a, opto por omitir nomes, mas prometo entrar em contato com alguns escritores da Terra para dar in\u00edcio a este movimento que, certamente, trar\u00e1 sensa\u00e7\u00f5es de bem-estar f\u00edsico, mental, social e espiritual, o que, em \u00faltima inst\u00e2ncia, \u00e9 SA\u00daDE.<\/h3>\n<h3>Poupando voc\u00ea de repetir para os(as) amigos(as) aquela defini\u00e7\u00e3o de Sa\u00fade segundo a Organiza\u00e7\u00e3o Mundial de Sa\u00fade, e complementada pelo PHS, venho transcreve-la: <em>Sa\u00fade \u00e9, al\u00e9m da aus\u00eancia de doen\u00e7a, a sensa\u00e7\u00e3o de bem-estar f\u00edsico, mental e social.<\/em> O PHS acrescenta&#8230; e <strong><em>espiritual<\/em><\/strong><em>.<\/em><\/h3>\n<h3>Assim, a \u201cgalera\u201d facilmente concluir\u00e1 a raz\u00e3o pela qual o <strong>livro<\/strong> faz parte do contexto <strong>Sa\u00fade<\/strong>.<\/h3>\n<h3>\u00c9 nosso prop\u00f3sito formar uma \u201ccorrente-cultural\u201d em nossa cidade, a partir da valiosa participa\u00e7\u00e3o da Secretaria da Educa\u00e7\u00e3o, da Cultura, Esporte e Lazer, do Turismo e a Promo\u00e7\u00e3o Social, assim como os v\u00e1rios segmentos da sociedade cajuruense. A uni\u00e3o \u00e9 um modelo exemplar a ser seguido por todos, mas principal e fundamentalmente pelos nossos jovens.<\/h3>\n<h3>Finalmente, quero agradecer a voc\u00ea e a todos que nos acompanharam ao longo do ano que passou, e dizer da minha alegria em poder contar com o mesmo carinho e aten\u00e7\u00e3o neste 2007.<\/h3>\n<h3>Falar algo positivo, pensar bem das pessoas e fazer o bem \u00e9 cultivar o nosso Deus interior.<\/h3>\n<h3 style=\"text-align: right;\"><em>Sebasti\u00e3o Saraiva<\/em><\/h3>\n<h3 style=\"text-align: right;\"><em>M\u00e9dico e Hol\u00f3sofo<\/em><\/h3>\n<p>&nbsp;<\/p>\n","protected":false},"excerpt":{"rendered":"<p>1\u00ba Artigo de 2007. \u00a0\u00a0\u00a0\u00a0\u00a0\u00a0\u00a0\u00a0\u00a0\u00a0\u00a0 34 \u2013 CONVERSANDO COM VOC\u00ca Publicado em 27\/01\/2007 \u00a0 Meu caro leitor e distinta leitora, espero que tenha tido um saldo positivo ao fazer um balan\u00e7o do ano de 2006. Talvez isto n\u00e3o aconte\u00e7a se voc\u00ea olhar fixamente para frente, mas ao completar o seu campo de vis\u00e3o, olhando para &hellip;<\/p>\n<p class=\"read-more\"> <a class=\"\" href=\"https:\/\/holosofia.com.br\/?page_id=1054\"> <span class=\"screen-reader-text\">Holocoluna &#8211; 0034<\/span> Leia mais &raquo;<\/a><\/p>\n","protected":false},"author":1,"featured_media":0,"parent":0,"menu_order":0,"comment_status":"closed","ping_status":"closed","template":"","meta":{"_bbp_topic_count":0,"_bbp_reply_count":0,"_bbp_total_topic_count":0,"_bbp_total_reply_count":0,"_bbp_voice_count":0,"_bbp_anonymous_reply_count":0,"_bbp_topic_count_hidden":0,"_bbp_reply_count_hidden":0,"_bbp_forum_subforum_count":0,"om_disable_all_campaigns":false,"_uag_custom_page_level_css":"","_mi_skip_tracking":false,"_monsterinsights_sitenote_active":false,"_monsterinsights_sitenote_note":"","_monsterinsights_sitenote_category":0,"site-sidebar-layout":"default","site-content-layout":"default","ast-global-header-display":"","ast-main-header-display":"","ast-hfb-above-header-display":"","ast-hfb-below-header-display":"","ast-hfb-mobile-header-display":"","site-post-title":"","ast-breadcrumbs-content":"","ast-featured-img":"","footer-sml-layout":"","theme-transparent-header-meta":"default","adv-header-id-meta":"","stick-header-meta":"","header-above-stick-meta":"","header-main-stick-meta":"","header-below-stick-meta":"","footnotes":""},"class_list":["post-1054","page","type-page","status-publish","hentry"],"aioseo_notices":[],"uagb_featured_image_src":{"full":false,"thumbnail":false,"medium":false,"medium_large":false,"large":false,"post-slider-thumb-size":false,"1536x1536":false,"2048x2048":false},"uagb_author_info":{"display_name":"solucaopublicidades@hotmail.com","author_link":"https:\/\/holosofia.com.br\/?author=1"},"uagb_comment_info":0,"uagb_excerpt":"1\u00ba Artigo de 2007. \u00a0\u00a0\u00a0\u00a0\u00a0\u00a0\u00a0\u00a0\u00a0\u00a0\u00a0 34 \u2013 CONVERSANDO COM VOC\u00ca Publicado em 27\/01\/2007 \u00a0 Meu caro leitor e distinta leitora, espero que tenha tido um saldo positivo ao fazer um balan\u00e7o do ano de 2006. Talvez isto n\u00e3o aconte\u00e7a se voc\u00ea olhar fixamente para frente, mas ao completar o seu campo de vis\u00e3o, olhando para&hellip;","_links":{"self":[{"href":"https:\/\/holosofia.com.br\/index.php?rest_route=\/wp\/v2\/pages\/1054","targetHints":{"allow":["GET"]}}],"collection":[{"href":"https:\/\/holosofia.com.br\/index.php?rest_route=\/wp\/v2\/pages"}],"about":[{"href":"https:\/\/holosofia.com.br\/index.php?rest_route=\/wp\/v2\/types\/page"}],"author":[{"embeddable":true,"href":"https:\/\/holosofia.com.br\/index.php?rest_route=\/wp\/v2\/users\/1"}],"replies":[{"embeddable":true,"href":"https:\/\/holosofia.com.br\/index.php?rest_route=%2Fwp%2Fv2%2Fcomments&post=1054"}],"version-history":[{"count":4,"href":"https:\/\/holosofia.com.br\/index.php?rest_route=\/wp\/v2\/pages\/1054\/revisions"}],"predecessor-version":[{"id":1315,"href":"https:\/\/holosofia.com.br\/index.php?rest_route=\/wp\/v2\/pages\/1054\/revisions\/1315"}],"wp:attachment":[{"href":"https:\/\/holosofia.com.br\/index.php?rest_route=%2Fwp%2Fv2%2Fmedia&parent=1054"}],"curies":[{"name":"wp","href":"https:\/\/api.w.org\/{rel}","templated":true}]}}