{"id":1048,"date":"2023-01-10T23:41:56","date_gmt":"2023-01-10T23:41:56","guid":{"rendered":"https:\/\/holosofia.com.br\/?page_id=1048"},"modified":"2023-01-11T01:00:15","modified_gmt":"2023-01-11T01:00:15","slug":"holocoluna-0033","status":"publish","type":"page","link":"https:\/\/holosofia.com.br\/?page_id=1048","title":{"rendered":"Holocoluna &#8211; 0033"},"content":{"rendered":"<h2>33 \u2013\u00a0 ENTREVISTA, parte 2<\/h2>\n<p>&nbsp;<\/p>\n<h3 style=\"text-align: right;\">Publicado em 30.12.06<\/h3>\n<h3><strong>\u00a0<\/strong><\/h3>\n<h3><strong>Jornalz\u00e3o<\/strong> \u2013 Como congregar tanta gente numa \u00fanica frente de trabalho?<\/h3>\n<h3><strong>Dr. Sebasti\u00e3o Saraiva<\/strong> \u2013 A metodologia consistir\u00e1, inicialmente, na forma\u00e7\u00e3o de grupos que estar\u00e3o apresentando e debatendo id\u00e9ias para a concep\u00e7\u00e3o de um Plano Piloto, o qual indicar\u00e1 as a\u00e7\u00f5es e as metas da Campanha. Haver\u00e1 a necessidade de muita dedica\u00e7\u00e3o, enorme disciplina e grande esfor\u00e7o de todos n\u00f3s.<\/h3>\n<h3><strong>Jornalz\u00e3o<\/strong> \u2013 A quem mais as DROGAS prejudicam?<\/h3>\n<h3><strong>Dr. Sebasti\u00e3o Saraiva<\/strong> \u2013 O PHS entende que as DROGAS ocasionam dois tipos de v\u00edtimas, as prim\u00e1rias \u2013 <em>os usu\u00e1rios<\/em> \u2013 e as secund\u00e1rias \u2013 <em>familiares, amigos e a sociedade como um todo. <\/em>A nossa indiferen\u00e7a \u00e0s DROGAS pode resultar num ato de viol\u00eancia a n\u00f3s ou a um familiar nosso. O nosso pr\u00f3prio estado de inseguran\u00e7a pessoal atual j\u00e1 \u00e9 um sinal de como nos transformamos, sutilmente, em v\u00edtimas reais secund\u00e1rias.<\/h3>\n<h3><strong>Jornalz\u00e3o<\/strong> \u2013 Quais as sementes s\u00f3cio-culturais j\u00e1 plantadas pelo PVS e PVSD em Cajuru?<\/h3>\n<h3><strong>Dr. Sebasti\u00e3o Saraiva<\/strong> \u2013 O PVS ofereceu Workshop a 212 servidores e o 1\u00ba Curso de Aprimoramento Profissional (CAP I) aos servidores do Centro de Sa\u00fade e da Secretaria de Sa\u00fade; agora est\u00e1 na coordena\u00e7\u00e3o geral das Equipes dos PSFs (<em>Cohab, Cruz Alta, Cruzeiro, D.Bosco e Piscina<\/em>), estimulando a\u00e7\u00f5es did\u00e1tico-pedag\u00f3gicas entre seus membros, com Banco Holos\u00f3fico de Dados (BHD) e outros. O PVSD conta com Holo-coluna semanalmente neste jornal, com as cinco Bibliotecas Comunit\u00e1rias (a primeira j\u00e1 inaugurada e a segunda em constru\u00e7\u00e3o), com os Holo-cinemas, com a forma\u00e7\u00e3o dos Holo-conselhos Comunit\u00e1rios (<em>Cruz Alta e Dom Bosco<\/em>) e com o Holo-motos Cajuru Clube.<\/h3>\n<h3><strong>Jornalz\u00e3o<\/strong> \u2013 Onde o senhor encontra tempo para realizar tantas atividades?<\/h3>\n<h3><strong>Dr. Sebasti\u00e3o Saraiva<\/strong> \u2013 O PHS \u00e9 um ideal, portanto, est\u00e1 na cabe\u00e7a e no esp\u00edrito 24 horas por dia, o ano inteiro. N\u00e3o trabalhamos como funcion\u00e1rio, mas como mission\u00e1rio. Em termos pr\u00e1ticos trabalhamos em m\u00e9dia 18 horas por dia, de 2\u00aa a 5\u00aa feira (2\u00aa feira, 12 horas de plant\u00e3o de Pediatria no Centro de Sa\u00fade, e 3\u00aa, agendamento at\u00e9 \u00e0s 12 horas). Mas contamos com muitos colaboradores competentes e dedicados. O pessoal ajuda muito. Mas haja energia, pois o desafio \u00e9 grande!<\/h3>\n<h3><strong>Jornalz\u00e3o<\/strong> \u2013 O seu sogro (Jos\u00e9 Bernardino) foi prefeito, o senhor pensa em pol\u00edtica?<\/h3>\n<h3><strong>Dr. Sebasti\u00e3o Saraiva<\/strong> \u2013 A palavra \u201cpol\u00edtica\u201d vem de polis, cidade. Todo aquele que se ocupa com o bem-estar comum \u00e9 Pol\u00edtico. O PHS \u00e9 um aut\u00eantico programa pol\u00edtico, <strong>n\u00e3o<\/strong> pol\u00edtico-partid\u00e1rio. A pol\u00edtico-partid\u00e1ria, isto que o senhor quer se referir, \u00e9 outra coisa. Eu, pessoalmente, n\u00e3o tenho voca\u00e7\u00e3o, desejo nem habilidade para a pol\u00edtica-partid\u00e1ria, al\u00e9m do que os princ\u00edpios da Holosofia, pelos quais eu me conduzo, impedem a minha filia\u00e7\u00e3o a qualquer partido pol\u00edtico.<\/h3>\n<h3><strong>Jornalz\u00e3o<\/strong> \u2013 O senhor poderia citar algum pol\u00edtico, nessa sua vis\u00e3o holos\u00f3fica?<\/h3>\n<h3><strong>Dr. Sebasti\u00e3o Saraiva<\/strong> \u2013 Sim. Tivemos Sidharta Guathama (Buda), S\u00f3crates, Pit\u00e1goras, Jesus Cristo, Thomas Morus, Freud, Gandhi, Bhagwan Shree Rajneesh, Luther King e alguns poucos.<\/h3>\n<h3><strong>Jornalz\u00e3o<\/strong> \u2013 E o que o senhor pretende fazer com o prest\u00edgio s\u00f3cio-pol\u00edtico adquirido em Cajuru?<\/h3>\n<h3><strong>Dr. Sebasti\u00e3o Saraiva<\/strong> \u2013 Eu prefiro considerar este prest\u00edgio como conquista de bons amigos. Entendo que a pol\u00edtica-partid\u00e1ria deva ser exercida com a legitimidade plena, isto \u00e9, por quem nasceu e reside em Cajuru, e tem desejo pelo Poder. Eu sou eleitor de Ribeir\u00e3o, o Poder n\u00e3o me atrai e fico feliz em ser apenas amigo dos pol\u00edticos-partid\u00e1rios de Cajuru. Meus amigos me bastam!<\/h3>\n<h3><strong>Jornalz\u00e3o<\/strong> \u2013 O que levou o senhor a escolher Cajuru para implantar o PHS?<\/h3>\n<h3><strong>Dr. Sebasti\u00e3o Saraiva<\/strong> \u2013 Eu <strong>n\u00e3o<\/strong> escolhi, o Universo escolheu. Eu n\u00e3o sei nem porque existo. Apenas sei que estou aqui para servir, transformar o meu amor sentimento em amor comportamento, ou seja, promover a\u00e7\u00f5es construtivas em prol da comunidade. Por enquanto, em Cajuru, depois, s\u00f3 Deus sabe. Eu estou aberto para o meu destino. E isto me faz sentir uma pessoa feliz e realizada.<\/h3>\n<h3><strong>Jornalz\u00e3o <\/strong>\u2013 Quem \u00e9 o senhor?<\/h3>\n<h3><strong>Dr. Sebasti\u00e3o Saraiva<\/strong> \u2013 Eu sou uma criatura que, em passagem por este Planeta, tenho vivido a vida com muita consci\u00eancia e responsabilidade, mas desfrutando momentos de alegrias e descontra\u00e7\u00f5es. Tenho uma linda fam\u00edlia, gosto de ler, aprender coisas novas e fazer amigos, al\u00e9m de passear de moto e saborear um bom vinho, com modera\u00e7\u00e3o. Fa\u00e7o restri\u00e7\u00e3o a um bom n\u00famero de alimentos com a inten\u00e7\u00e3o de chegar aos 117 anos ainda inteiro. Dedico momentos especiais para me deleitar em di\u00e1logos com o meu Deus interior, quando me sinto dissolvido no todo, de forma hol\u00edstica, Universal.<\/h3>\n<p>&nbsp;<\/p>\n","protected":false},"excerpt":{"rendered":"<p>33 \u2013\u00a0 ENTREVISTA, parte 2 &nbsp; Publicado em 30.12.06 \u00a0 Jornalz\u00e3o \u2013 Como congregar tanta gente numa \u00fanica frente de trabalho? Dr. Sebasti\u00e3o Saraiva \u2013 A metodologia consistir\u00e1, inicialmente, na forma\u00e7\u00e3o de grupos que estar\u00e3o apresentando e debatendo id\u00e9ias para a concep\u00e7\u00e3o de um Plano Piloto, o qual indicar\u00e1 as a\u00e7\u00f5es e as metas da &hellip;<\/p>\n<p class=\"read-more\"> <a class=\"\" href=\"https:\/\/holosofia.com.br\/?page_id=1048\"> <span class=\"screen-reader-text\">Holocoluna &#8211; 0033<\/span> Leia mais &raquo;<\/a><\/p>\n","protected":false},"author":1,"featured_media":0,"parent":0,"menu_order":0,"comment_status":"closed","ping_status":"closed","template":"","meta":{"_bbp_topic_count":0,"_bbp_reply_count":0,"_bbp_total_topic_count":0,"_bbp_total_reply_count":0,"_bbp_voice_count":0,"_bbp_anonymous_reply_count":0,"_bbp_topic_count_hidden":0,"_bbp_reply_count_hidden":0,"_bbp_forum_subforum_count":0,"om_disable_all_campaigns":false,"_uag_custom_page_level_css":"","_mi_skip_tracking":false,"_monsterinsights_sitenote_active":false,"_monsterinsights_sitenote_note":"","_monsterinsights_sitenote_category":0,"site-sidebar-layout":"default","site-content-layout":"default","ast-global-header-display":"","ast-main-header-display":"","ast-hfb-above-header-display":"","ast-hfb-below-header-display":"","ast-hfb-mobile-header-display":"","site-post-title":"","ast-breadcrumbs-content":"","ast-featured-img":"","footer-sml-layout":"","theme-transparent-header-meta":"default","adv-header-id-meta":"","stick-header-meta":"","header-above-stick-meta":"","header-main-stick-meta":"","header-below-stick-meta":"","footnotes":""},"class_list":["post-1048","page","type-page","status-publish","hentry"],"aioseo_notices":[],"uagb_featured_image_src":{"full":false,"thumbnail":false,"medium":false,"medium_large":false,"large":false,"post-slider-thumb-size":false,"1536x1536":false,"2048x2048":false},"uagb_author_info":{"display_name":"solucaopublicidades@hotmail.com","author_link":"https:\/\/holosofia.com.br\/?author=1"},"uagb_comment_info":0,"uagb_excerpt":"33 \u2013\u00a0 ENTREVISTA, parte 2 &nbsp; Publicado em 30.12.06 \u00a0 Jornalz\u00e3o \u2013 Como congregar tanta gente numa \u00fanica frente de trabalho? Dr. Sebasti\u00e3o Saraiva \u2013 A metodologia consistir\u00e1, inicialmente, na forma\u00e7\u00e3o de grupos que estar\u00e3o apresentando e debatendo id\u00e9ias para a concep\u00e7\u00e3o de um Plano Piloto, o qual indicar\u00e1 as a\u00e7\u00f5es e as metas da&hellip;","_links":{"self":[{"href":"https:\/\/holosofia.com.br\/index.php?rest_route=\/wp\/v2\/pages\/1048","targetHints":{"allow":["GET"]}}],"collection":[{"href":"https:\/\/holosofia.com.br\/index.php?rest_route=\/wp\/v2\/pages"}],"about":[{"href":"https:\/\/holosofia.com.br\/index.php?rest_route=\/wp\/v2\/types\/page"}],"author":[{"embeddable":true,"href":"https:\/\/holosofia.com.br\/index.php?rest_route=\/wp\/v2\/users\/1"}],"replies":[{"embeddable":true,"href":"https:\/\/holosofia.com.br\/index.php?rest_route=%2Fwp%2Fv2%2Fcomments&post=1048"}],"version-history":[{"count":1,"href":"https:\/\/holosofia.com.br\/index.php?rest_route=\/wp\/v2\/pages\/1048\/revisions"}],"predecessor-version":[{"id":1049,"href":"https:\/\/holosofia.com.br\/index.php?rest_route=\/wp\/v2\/pages\/1048\/revisions\/1049"}],"wp:attachment":[{"href":"https:\/\/holosofia.com.br\/index.php?rest_route=%2Fwp%2Fv2%2Fmedia&parent=1048"}],"curies":[{"name":"wp","href":"https:\/\/api.w.org\/{rel}","templated":true}]}}