{"id":1041,"date":"2023-01-10T23:39:00","date_gmt":"2023-01-10T23:39:00","guid":{"rendered":"https:\/\/holosofia.com.br\/?page_id=1041"},"modified":"2023-01-10T23:40:36","modified_gmt":"2023-01-10T23:40:36","slug":"holocoluna-32","status":"publish","type":"page","link":"https:\/\/holosofia.com.br\/?page_id=1041","title":{"rendered":"Holocoluna &#8211; 0032"},"content":{"rendered":"<h2>32 \u2013\u00a0 ENTREVISTA, parte 1<\/h2>\n<p>&nbsp;<\/p>\n<h3 style=\"text-align: right;\">Publicado em 23.12.06<\/h3>\n<h3><strong>\u00a0<\/strong><\/h3>\n<h3>O Dr. Sebasti\u00e3o Saraiva, 59 anos, m\u00e9dico, com algumas especialidades, dentre as quais Pediatria, Medicina do Trabalho e Administra\u00e7\u00e3o Hospitalar e Sa\u00fade P\u00fablica. Tamb\u00e9m \u00e9 Terapeuta pela Osho Multiversity, Poona, \u00cdndia.<\/h3>\n<h3>J<strong>ornalz\u00e3o<\/strong> &#8211;\u00a0 Dr. Saraiva, qual \u00e9 o seu trabalho aqui em Cajuru?<\/h3>\n<h3><strong>Dr. Sebasti\u00e3o Saraiva<\/strong> \u2013 Essencialmente um trabalho m\u00e9dico-social hol\u00edstico.<\/h3>\n<h3><strong>Jornalz\u00e3o<\/strong> \u2013 Como o senhor vem implementando este trabalho na cidade?<\/h3>\n<h3><strong>Dr. Sebasti\u00e3o Saraiva<\/strong> \u2013 Atrav\u00e9s do Programa Holos\u00f3fico de Sa\u00fade (PHS).<\/h3>\n<h3><strong>Jornalz\u00e3o<\/strong> \u2013 O que \u00e9 o PHS?<\/h3>\n<h3><strong>Dr. Sebasti\u00e3o Saraiva<\/strong> \u2013 O PHS \u00e9 conjunto de a\u00e7\u00f5es hol\u00edsticas destinado ao tratamento das doen\u00e7as, \u00e0 manuten\u00e7\u00e3o da sa\u00fade e \u00e0 promo\u00e7\u00e3o do indiv\u00edduo no contexto social, e \u00e0 racionaliza\u00e7\u00e3o dos investimentos, com a melhoria dos servi\u00e7os prestados, atrav\u00e9s do Programa de Valoriza\u00e7\u00e3o do Servidor (PVS) e do Programa de Valoriza\u00e7\u00e3o do Servido (PVSD). Ele \u00e9 concebido a partir da Holosofia<\/h3>\n<h3><strong>Jornalz\u00e3o <\/strong>\u2013 A Holosofia \u00e9 uma Nova Ci\u00eancia?<\/h3>\n<h3><strong>Dr. Sebasti\u00e3o Saraiva<\/strong> \u2013 Sim, n\u00f3s a criamos em 1994, quando est\u00e1vamos na \u00cdndia. Foi um insight, uma id\u00e9ia, um ideal. Holosofia (Gr. holos, inteiro, completo; Sofia, sabedoria) \u00e9 a ci\u00eancia\/arte cujos princ\u00edpios proporcionam uma vida \u00e9tico-existencial plena, mediante a expans\u00e3o da consci\u00eancia pela medita\u00e7\u00e3o.<\/h3>\n<h3><strong>Jornalz\u00e3o<\/strong> \u2013 Como funcionam o PVS?<\/h3>\n<h3><strong>Dr. Sebasti\u00e3o Saraiva<\/strong> \u2013 O PVS prev\u00ea aten\u00e7\u00e3o espec\u00edfica ao servidor p\u00fablico municipal como um todo, n\u00e3o apenas aos da Secretaria de Sa\u00fade. Esta aten\u00e7\u00e3o se concentra na promo\u00e7\u00e3o da sa\u00fade do servidor e no seu aprimoramento profissional, incluindo a elabora\u00e7\u00e3o e\/ou atualiza\u00e7\u00e3o de Organogramas nos diferentes \u00f3rg\u00e3os municipais, objetivando a realiza\u00e7\u00e3o do servidor, a satisfa\u00e7\u00e3o do servido e a racionaliza\u00e7\u00e3o dos investimentos p\u00fablicos.<\/h3>\n<h3><strong>Jornalz\u00e3o<\/strong> \u2013 E qual o alcance do PVSD?<\/h3>\n<h3><strong>Dr. Sebasti\u00e3o Saraiva<\/strong> \u2013 O PVSD compreende todas as atividades destinadas a curar e a prevenir doen\u00e7as, assim como promover o cidad\u00e3o sob os aspectos s\u00f3cio-cultural e profissional, visando\u00a0 integr\u00e1-lo na sociedade e no mercado de trabalho.<\/h3>\n<h3><strong>Jornalz\u00e3o<\/strong> \u2013 Considerando a faixa et\u00e1ria, qual o cidad\u00e3o que mais lhe preocupa?<\/h3>\n<h3><strong>Dr. Sebasti\u00e3o Saraiva<\/strong> \u2013 Fundamentalmente as crian\u00e7as e os adolescentes. As primeiras necessitam de cuidados, proximidade e muito afeto; e os segundos, exigem modelos positivos para a constru\u00e7\u00e3o positiva de sua identidade adulta. Mas os adultos e os idosos, por sua vez, est\u00e3o merecendo medidas mais eficazes para se diminuir a preval\u00eancia da hipertens\u00e3o arterial, da diabetes e da depress\u00e3o.<\/h3>\n<h3><strong>Jornalz\u00e3o<\/strong> \u2013 Como o PHS espera encarar o problema das DROGAS em nossa cidade?<\/h3>\n<h3><strong>Dr. Sebasti\u00e3o Saraiva<\/strong> \u2013 Reconhecidamente, as DROGAS representam o inimigo n\u00famero UM da juventude no mundo inteiro. O PHS prev\u00ea para o in\u00edcio de 2007 uma campanha anti-drogas permanente, denominada CAJURUS (<strong>Ca<\/strong>mpanha da <strong>Ju<\/strong>ventude <strong>R<\/strong>ural e <strong>U<\/strong>rbana de <strong>S<\/strong>a\u00fade).<\/h3>\n<h3><strong>Jornalz\u00e3o<\/strong> \u2013 Como ser\u00e1 desenvolvida esta Campanha?<\/h3>\n<h3><strong>Dr. Sebasti\u00e3o Saraiva<\/strong> \u2013 Em sendo as DROGAS um problema social, compete \u00e1 sociedade a sua solu\u00e7\u00e3o. Eu sou uma pessoa otimista quanto \u00e0 solidariedade do povo de Cajuru, por isso, sinto-me motivado a conclamar, oportunamente, a todos \u2013 <em>Todas as Secretarias Municipais, incluindo o Pessoal da Sa\u00fade (M\u00e9dicos, Enfermeiros, Auxiliares de Enfermagem, Dentistas, Psic\u00f3logos, Assistentes Sociais e Terapeutas em Geral),<\/em> <em>Professores, Promotoria, Conselho Tutelar, Pol\u00edcias Civil e Militar, Guarda Municipal, Clubes de Servi\u00e7o (Lions, Ma\u00e7onaria e Rotary), Empres\u00e1rios e Comerciantes, Pol\u00edticos-partid\u00e1rios, Igrejas, Familiares de usu\u00e1rios e Jovens a partir de 12 anos de idade<\/em> \u2013 para a forma\u00e7\u00e3o de um \u201cGrande Batalh\u00e3o do Bem\u201d \u2013 GBB.<\/h3>\n<p><strong>\u00a0<\/strong><\/p>\n<p>&nbsp;<\/p>\n","protected":false},"excerpt":{"rendered":"<p>32 \u2013\u00a0 ENTREVISTA, parte 1 &nbsp; Publicado em 23.12.06 \u00a0 O Dr. Sebasti\u00e3o Saraiva, 59 anos, m\u00e9dico, com algumas especialidades, dentre as quais Pediatria, Medicina do Trabalho e Administra\u00e7\u00e3o Hospitalar e Sa\u00fade P\u00fablica. Tamb\u00e9m \u00e9 Terapeuta pela Osho Multiversity, Poona, \u00cdndia. Jornalz\u00e3o &#8211;\u00a0 Dr. Saraiva, qual \u00e9 o seu trabalho aqui em Cajuru? Dr. Sebasti\u00e3o &hellip;<\/p>\n<p class=\"read-more\"> <a class=\"\" href=\"https:\/\/holosofia.com.br\/?page_id=1041\"> <span class=\"screen-reader-text\">Holocoluna &#8211; 0032<\/span> Leia mais &raquo;<\/a><\/p>\n","protected":false},"author":1,"featured_media":0,"parent":0,"menu_order":0,"comment_status":"closed","ping_status":"closed","template":"","meta":{"_bbp_topic_count":0,"_bbp_reply_count":0,"_bbp_total_topic_count":0,"_bbp_total_reply_count":0,"_bbp_voice_count":0,"_bbp_anonymous_reply_count":0,"_bbp_topic_count_hidden":0,"_bbp_reply_count_hidden":0,"_bbp_forum_subforum_count":0,"om_disable_all_campaigns":false,"_uag_custom_page_level_css":"","_mi_skip_tracking":false,"_monsterinsights_sitenote_active":false,"_monsterinsights_sitenote_note":"","_monsterinsights_sitenote_category":0,"site-sidebar-layout":"default","site-content-layout":"default","ast-global-header-display":"","ast-main-header-display":"","ast-hfb-above-header-display":"","ast-hfb-below-header-display":"","ast-hfb-mobile-header-display":"","site-post-title":"","ast-breadcrumbs-content":"","ast-featured-img":"","footer-sml-layout":"","theme-transparent-header-meta":"default","adv-header-id-meta":"","stick-header-meta":"","header-above-stick-meta":"","header-main-stick-meta":"","header-below-stick-meta":"","footnotes":""},"class_list":["post-1041","page","type-page","status-publish","hentry"],"aioseo_notices":[],"uagb_featured_image_src":{"full":false,"thumbnail":false,"medium":false,"medium_large":false,"large":false,"post-slider-thumb-size":false,"1536x1536":false,"2048x2048":false},"uagb_author_info":{"display_name":"solucaopublicidades@hotmail.com","author_link":"https:\/\/holosofia.com.br\/?author=1"},"uagb_comment_info":0,"uagb_excerpt":"32 \u2013\u00a0 ENTREVISTA, parte 1 &nbsp; Publicado em 23.12.06 \u00a0 O Dr. Sebasti\u00e3o Saraiva, 59 anos, m\u00e9dico, com algumas especialidades, dentre as quais Pediatria, Medicina do Trabalho e Administra\u00e7\u00e3o Hospitalar e Sa\u00fade P\u00fablica. Tamb\u00e9m \u00e9 Terapeuta pela Osho Multiversity, Poona, \u00cdndia. Jornalz\u00e3o &#8211;\u00a0 Dr. Saraiva, qual \u00e9 o seu trabalho aqui em Cajuru? Dr. Sebasti\u00e3o&hellip;","_links":{"self":[{"href":"https:\/\/holosofia.com.br\/index.php?rest_route=\/wp\/v2\/pages\/1041","targetHints":{"allow":["GET"]}}],"collection":[{"href":"https:\/\/holosofia.com.br\/index.php?rest_route=\/wp\/v2\/pages"}],"about":[{"href":"https:\/\/holosofia.com.br\/index.php?rest_route=\/wp\/v2\/types\/page"}],"author":[{"embeddable":true,"href":"https:\/\/holosofia.com.br\/index.php?rest_route=\/wp\/v2\/users\/1"}],"replies":[{"embeddable":true,"href":"https:\/\/holosofia.com.br\/index.php?rest_route=%2Fwp%2Fv2%2Fcomments&post=1041"}],"version-history":[{"count":2,"href":"https:\/\/holosofia.com.br\/index.php?rest_route=\/wp\/v2\/pages\/1041\/revisions"}],"predecessor-version":[{"id":1044,"href":"https:\/\/holosofia.com.br\/index.php?rest_route=\/wp\/v2\/pages\/1041\/revisions\/1044"}],"wp:attachment":[{"href":"https:\/\/holosofia.com.br\/index.php?rest_route=%2Fwp%2Fv2%2Fmedia&parent=1041"}],"curies":[{"name":"wp","href":"https:\/\/api.w.org\/{rel}","templated":true}]}}