{"id":1014,"date":"2023-01-10T22:37:09","date_gmt":"2023-01-10T22:37:09","guid":{"rendered":"https:\/\/holosofia.com.br\/?page_id=1014"},"modified":"2023-01-10T22:37:09","modified_gmt":"2023-01-10T22:37:09","slug":"holocoluna-0030","status":"publish","type":"page","link":"https:\/\/holosofia.com.br\/?page_id=1014","title":{"rendered":"Holocoluna &#8211; 0030"},"content":{"rendered":"<h2>30 \u2013 A SEGUNDA HOLO-BIBLIOTECA COMUNIT\u00c1RIA<\/h2>\n<p>&nbsp;<\/p>\n<h3 style=\"text-align: right;\">Publicado em 09.12.06<\/h3>\n<h3><\/h3>\n<h3>Sa\u00fade, segundo a Organiza\u00e7\u00e3o Mundial de Sa\u00fade (OMS), \u00e9, al\u00e9m da aus\u00eancia de doen\u00e7a, a sensa\u00e7\u00e3o de bem-estar f\u00edsico, mental e social. A Holosofia acrescenta&#8230; <strong>e espiritual<\/strong>.<\/h3>\n<h3>Com esta compreens\u00e3o o Programa Holos\u00f3fico de Sa\u00fade (PHS) estabelece no seu Cronograma a inaugura\u00e7\u00e3o de uma Holo-biblioteca Comunit\u00e1ria a cada tr\u00eas (03) meses, a partir do dia 04.07.06, contemplando os cinco (05) \u2013 <em>Cohab, Cruz Alta, Cruzeiro, Dom Bosco e Piscina<\/em> \u2013 bairros da cidade, onde est\u00e3o implantados o Programa de Sa\u00fade da Fam\u00edlia (PSF).<\/h3>\n<h3>A contempla\u00e7\u00e3o se d\u00e1 atrav\u00e9s de sorteios por ocasi\u00e3o das Reuni\u00f5es Gerais das equipes do PSF. O primeiro bairro sorteado foi a Cruz Alta, tendo recebido a Holo-biblioteca Comunit\u00e1ria Prof\u00aa Jamile Lourdes Elias, cuja inaugura\u00e7\u00e3o ocorreu no dia 04.07.06.<\/h3>\n<h3>O segundo sorteio privilegiou o bairro Dom Bosco. A partir de ent\u00e3o a equipe do PSF se mobilizou \u00e0 cata de um local apropriado, o que n\u00e3o tardou.<\/h3>\n<h3>A boa receptividade daquela gente foi traduzida na imediata disposi\u00e7\u00e3o do casal Jo\u00e3o Carlos da Silva e Maria Rita em oferecer parte do seu patrim\u00f4nio, sob a forma de um Contrato de Comodato, para a constru\u00e7\u00e3o da almejada Biblioteca Comunit\u00e1ria.<\/h3>\n<h3>O sentimento de gratid\u00e3o diante dessa a\u00e7\u00e3o de amor ao pr\u00f3ximo se revelou na indica\u00e7\u00e3o do nome da genitora (falecida) do Sr. Jo\u00e3o Carlos para a Biblioteca, ficando assim denominada: <strong>Holo-biblioteca Comunit\u00e1ria Rita do Prado Gon\u00e7alves.<\/strong><\/h3>\n<h3>Apesar do in\u00edcio da obra ter ocorrido logo no m\u00eas de agosto, a necessidade de concluir o Anel Vi\u00e1rio fez com que o nosso Prefeito concentrasse ali todos os oper\u00e1rios da constru\u00e7\u00e3o civil dispon\u00edveis.<\/h3>\n<h3>Assim, a constru\u00e7\u00e3o da Biblioteca sofreu uma pequena solu\u00e7\u00e3o de continuidade, voltando agora a ocupar a lista de prioridades dos pr\u00f3ximos meses. O Prefeito, atrav\u00e9s do Secret\u00e1rio de Obras j\u00e1 autorizou a retomada da constru\u00e7\u00e3o, o que ocorreu desde o dia 07 deste.<\/h3>\n<h3>O empenho conjunto dos membros da equipe do PSF do Dom Bosco no sentido de adquirir o material de constru\u00e7\u00e3o junto aos doadores volunt\u00e1rios tem o prop\u00f3sito de viabilizar a inaugura\u00e7\u00e3o do referida Biblioteca no dia 04 de janeiro pr\u00f3ximo, quando, segundo o Cronograma do PHS, estaria sendo inaugurada a terceira Biblioteca Comunit\u00e1ria.<\/h3>\n<h3>Portanto, esta not\u00edcia tamb\u00e9m se reveste do papel de fator sensibilizante \u00e0 doa\u00e7\u00e3o volunt\u00e1ria. Isto significa alertar voc\u00ea, caro leitor, sobre a prov\u00e1vel presen\u00e7a de um dos nossos membros \u00e0 sua porta a qualquer momento, solicitando a sua participa\u00e7\u00e3o na constru\u00e7\u00e3o desta l\u00edcita ferramenta de promo\u00e7\u00e3o s\u00f3cio-cultural de nossos jovens.<\/h3>\n<h3>Estamos pedindo tudo \u00e0quilo que est\u00e1 no contexto do \u201cmaterial de constru\u00e7\u00e3o\u201d, mediante apresenta\u00e7\u00e3o de um <strong>\u201cLivro de Ouro\u201d.<\/strong> Voc\u00ea tamb\u00e9m pode ligar, a cobrar, para o celular (16) 9962.7813 e falar com escritor desta Holo-coluna ou no telefone 3667.6653, com C\u00e1ssia Freire Cardoso.<\/h3>\n<h3>A bondade de in\u00fameros volunt\u00e1rios j\u00e1 resultou em mais de trezentos t\u00edtulos, todos devidamente catalogados pela nossa bibliotec\u00e1ria volunt\u00e1ria \u201coficial\u201d, Alice Oliveira. Tamb\u00e9m fomos presenteados com um computador (est\u00e1 faltando a impressora e o estabilizador), material el\u00e9trico, parte dos tijolos, areia, telhas, caibros e ripas.<\/h3>\n<h3>Queremos aproveitar o ensejo para agradecer \u00e0queles que j\u00e1 contribu\u00edram, assim como antecipar os nossos agradecimentos a voc\u00ea, que ainda vai colaborar. Que Deus lhes retribuam!<\/h3>\n<h3>A Secretaria Municipal de Sa\u00fade n\u00e3o p\u00e1ra de trabalhar, e, os resultados positivos estar\u00e3o por vir.<\/h3>\n<h3>Esta grande obra s\u00f3 ser\u00e1 poss\u00edvel com a uni\u00e3o de pessoas grandes, em prol de pequenos seres que precisam crescer.<\/h3>\n<h3><\/h3>\n<p>&nbsp;<\/p>\n","protected":false},"excerpt":{"rendered":"<p>30 \u2013 A SEGUNDA HOLO-BIBLIOTECA COMUNIT\u00c1RIA &nbsp; Publicado em 09.12.06 Sa\u00fade, segundo a Organiza\u00e7\u00e3o Mundial de Sa\u00fade (OMS), \u00e9, al\u00e9m da aus\u00eancia de doen\u00e7a, a sensa\u00e7\u00e3o de bem-estar f\u00edsico, mental e social. A Holosofia acrescenta&#8230; e espiritual. Com esta compreens\u00e3o o Programa Holos\u00f3fico de Sa\u00fade (PHS) estabelece no seu Cronograma a inaugura\u00e7\u00e3o de uma Holo-biblioteca &hellip;<\/p>\n<p class=\"read-more\"> <a class=\"\" href=\"https:\/\/holosofia.com.br\/?page_id=1014\"> <span class=\"screen-reader-text\">Holocoluna &#8211; 0030<\/span> Leia mais &raquo;<\/a><\/p>\n","protected":false},"author":1,"featured_media":0,"parent":0,"menu_order":0,"comment_status":"closed","ping_status":"closed","template":"","meta":{"_bbp_topic_count":0,"_bbp_reply_count":0,"_bbp_total_topic_count":0,"_bbp_total_reply_count":0,"_bbp_voice_count":0,"_bbp_anonymous_reply_count":0,"_bbp_topic_count_hidden":0,"_bbp_reply_count_hidden":0,"_bbp_forum_subforum_count":0,"om_disable_all_campaigns":false,"_uag_custom_page_level_css":"","_mi_skip_tracking":false,"_monsterinsights_sitenote_active":false,"_monsterinsights_sitenote_note":"","_monsterinsights_sitenote_category":0,"site-sidebar-layout":"default","site-content-layout":"default","ast-global-header-display":"","ast-main-header-display":"","ast-hfb-above-header-display":"","ast-hfb-below-header-display":"","ast-hfb-mobile-header-display":"","site-post-title":"","ast-breadcrumbs-content":"","ast-featured-img":"","footer-sml-layout":"","theme-transparent-header-meta":"default","adv-header-id-meta":"","stick-header-meta":"","header-above-stick-meta":"","header-main-stick-meta":"","header-below-stick-meta":"","footnotes":""},"class_list":["post-1014","page","type-page","status-publish","hentry"],"aioseo_notices":[],"uagb_featured_image_src":{"full":false,"thumbnail":false,"medium":false,"medium_large":false,"large":false,"post-slider-thumb-size":false,"1536x1536":false,"2048x2048":false},"uagb_author_info":{"display_name":"solucaopublicidades@hotmail.com","author_link":"https:\/\/holosofia.com.br\/?author=1"},"uagb_comment_info":0,"uagb_excerpt":"30 \u2013 A SEGUNDA HOLO-BIBLIOTECA COMUNIT\u00c1RIA &nbsp; Publicado em 09.12.06 Sa\u00fade, segundo a Organiza\u00e7\u00e3o Mundial de Sa\u00fade (OMS), \u00e9, al\u00e9m da aus\u00eancia de doen\u00e7a, a sensa\u00e7\u00e3o de bem-estar f\u00edsico, mental e social. A Holosofia acrescenta&#8230; e espiritual. Com esta compreens\u00e3o o Programa Holos\u00f3fico de Sa\u00fade (PHS) estabelece no seu Cronograma a inaugura\u00e7\u00e3o de uma Holo-biblioteca&hellip;","_links":{"self":[{"href":"https:\/\/holosofia.com.br\/index.php?rest_route=\/wp\/v2\/pages\/1014","targetHints":{"allow":["GET"]}}],"collection":[{"href":"https:\/\/holosofia.com.br\/index.php?rest_route=\/wp\/v2\/pages"}],"about":[{"href":"https:\/\/holosofia.com.br\/index.php?rest_route=\/wp\/v2\/types\/page"}],"author":[{"embeddable":true,"href":"https:\/\/holosofia.com.br\/index.php?rest_route=\/wp\/v2\/users\/1"}],"replies":[{"embeddable":true,"href":"https:\/\/holosofia.com.br\/index.php?rest_route=%2Fwp%2Fv2%2Fcomments&post=1014"}],"version-history":[{"count":1,"href":"https:\/\/holosofia.com.br\/index.php?rest_route=\/wp\/v2\/pages\/1014\/revisions"}],"predecessor-version":[{"id":1015,"href":"https:\/\/holosofia.com.br\/index.php?rest_route=\/wp\/v2\/pages\/1014\/revisions\/1015"}],"wp:attachment":[{"href":"https:\/\/holosofia.com.br\/index.php?rest_route=%2Fwp%2Fv2%2Fmedia&parent=1014"}],"curies":[{"name":"wp","href":"https:\/\/api.w.org\/{rel}","templated":true}]}}