{"id":1008,"date":"2023-01-10T22:35:11","date_gmt":"2023-01-10T22:35:11","guid":{"rendered":"https:\/\/holosofia.com.br\/?page_id=1008"},"modified":"2023-01-10T22:36:20","modified_gmt":"2023-01-10T22:36:20","slug":"holocoluna-0028","status":"publish","type":"page","link":"https:\/\/holosofia.com.br\/?page_id=1008","title":{"rendered":"Holocoluna &#8211; 0028"},"content":{"rendered":"<h2>28 \u2013 DIABETES<\/h2>\n<p>&nbsp;<\/p>\n<h3 style=\"text-align: right;\">Publicado em 25.11.06<\/h3>\n<h3><\/h3>\n<h3>A Prefeitura Municipal de Cajuru contou com a Secretaria de Sa\u00fade para efetivar os eventos comemorativos da 9\u00aa Campanha Nacional Gratuita em Diabetes de Detec\u00e7\u00e3o, Orienta\u00e7\u00e3o, Educa\u00e7\u00e3o e Preven\u00e7\u00e3o das Complica\u00e7\u00f5es \u201cCuidados para Todos\u201d. Esta campanha se alinha ao movimento de comemora\u00e7\u00e3o do Dia Mundial do Diabetes, no dia 14 de novembro.<\/h3>\n<h3>Para tanto, foram acionados o Programa Holos\u00f3fico de Sa\u00fade (PHS) e as cinco Equipes do Programa de Sa\u00fade da Fam\u00edlia (PSF), os quais estenderam as atividades at\u00e9 do dia 22 deste, ocasi\u00e3o em que o Dr. F\u00e1bio Vasconcelos Pereira proferiu, com brilhantismo, uma palestra sob o tema \u201cDiabetes e suas conseq\u00fc\u00eancias\u201d.<\/h3>\n<h3>A referida palestra preencheu as expectativas dos coordenadores e da plat\u00e9ia, esta constitu\u00edda por m\u00e9dicos, dentistas, enfermeiras, auxiliares de enfermagem, agentes comunit\u00e1rias de sa\u00fade, alunas da Escola de Enfermagem, portadores de Diabetes e pessoas da comunidade. A exposi\u00e7\u00e3o foi seguida de debate extremamente esclarecedor.<\/h3>\n<h3>Todos foram un\u00e2nimes em reconhecer a necessidade de se saber a respeito das principais medidas preventivas \u2013 <em>alimenta\u00e7\u00e3o inteligente, exerc\u00edcios f\u00edsicos regulares, exames m\u00e9dicos anuais<\/em> \u2013 e dos fatores de risco \u2013 <em>estresse, obesidade, ociosidade, ingesta exagerada de a\u00e7\u00facar <\/em>\u2013 dessa doen\u00e7a.<\/h3>\n<h3>Por tudo que ali ouvimos, \u00e9 f\u00e1cil concluir que a Diabetes \u00e9 uma doen\u00e7a que desperta na pessoa uma vontade incontida de ingerir alimentos doces ou a\u00e7ucarados, ou seja, transforma o indiv\u00edduo num verdadeiro \u201cdo\u00e7\u00f3latra\u201d. (<em>Que o Aur\u00e9lio Buarque de Holanda inclua este voc\u00e1bulo no seu dicion\u00e1rio<\/em>). Portanto, a compuls\u00e3o em comer alimentos doces se assemelha \u00e0 compuls\u00e3o pelo uso das diferentes subst\u00e2ncias que provocam depend\u00eancia nos usu\u00e1rios.<\/h3>\n<h3>Com esta afirmativa, queremos chamar a aten\u00e7\u00e3o para a import\u00e2ncia da participa\u00e7\u00e3o familiar no tratamento e na manuten\u00e7\u00e3o do diab\u00e9tico compensado, especialmente em nossa cultura cajuruense, onde saborear variedades de doces de uma s\u00f3 \u201csentada\u201d \u00e9 uma pr\u00e1tica secular.<\/h3>\n<h3>Naturalmente, o portador de Diabetes Tipo II poder\u00e1 ingerir alimentos doces ocasionalmente e em pequenas quantidades desde que reconhecidamente compensado, pois esta doen\u00e7a requer bom senso e disciplina, al\u00e9m das informa\u00e7\u00f5es b\u00e1sicas sobre a si.<\/h3>\n<h3>Por falar em Diabetes Tipo II, entendemos oportuno repassar aquilo que o Dr. F\u00e1bio considerou importante esclarecer aos presentes no primeiro momento da sua fala: a diferen\u00e7a entre Diabetes Tipo I e Tipo II.<\/h3>\n<h3>A Diabetes Tipo I decorre da falta de produ\u00e7\u00e3o de insulina pelo p\u00e2ncreas da pessoa, e acomete fundamentalmente as crian\u00e7as e adolescentes; o tratamento exige a aplica\u00e7\u00e3o de \u201cinsulina-rem\u00e9dio\u201d e um regime alimentar espec\u00edfico. A Diabetes Tipo II se caracteriza pela produ\u00e7\u00e3o diminu\u00edda de insulina pelo p\u00e2ncreas do doente ou pela a\u00e7\u00e3o pouco eficaz da insulina produzida, e, atinge os indiv\u00edduos depois da terceira d\u00e9cada; o tratamento se baseia na adequa\u00e7\u00e3o alimentar, exerc\u00edcios f\u00edsicos regulares e acompanhamento m\u00e9dico rotineiro. Em alguns casos a indica\u00e7\u00e3o de medicamentos hipoglicemiantes se faz necess\u00e1ria.<\/h3>\n<h3>Para finalizar, queremos agradecer a gentileza daqueles que gentilmente adentraram o acolhedor sal\u00e3o da Casa da Cultura naquela noite para tomar parte num acontecimento did\u00e1tico-cient\u00edfico significativo para a melhoria da de vida da nossa gente.<\/h3>\n","protected":false},"excerpt":{"rendered":"<p>28 \u2013 DIABETES &nbsp; Publicado em 25.11.06 A Prefeitura Municipal de Cajuru contou com a Secretaria de Sa\u00fade para efetivar os eventos comemorativos da 9\u00aa Campanha Nacional Gratuita em Diabetes de Detec\u00e7\u00e3o, Orienta\u00e7\u00e3o, Educa\u00e7\u00e3o e Preven\u00e7\u00e3o das Complica\u00e7\u00f5es \u201cCuidados para Todos\u201d. Esta campanha se alinha ao movimento de comemora\u00e7\u00e3o do Dia Mundial do Diabetes, no &hellip;<\/p>\n<p class=\"read-more\"> <a class=\"\" href=\"https:\/\/holosofia.com.br\/?page_id=1008\"> <span class=\"screen-reader-text\">Holocoluna &#8211; 0028<\/span> Leia mais &raquo;<\/a><\/p>\n","protected":false},"author":1,"featured_media":0,"parent":0,"menu_order":0,"comment_status":"closed","ping_status":"closed","template":"","meta":{"_bbp_topic_count":0,"_bbp_reply_count":0,"_bbp_total_topic_count":0,"_bbp_total_reply_count":0,"_bbp_voice_count":0,"_bbp_anonymous_reply_count":0,"_bbp_topic_count_hidden":0,"_bbp_reply_count_hidden":0,"_bbp_forum_subforum_count":0,"om_disable_all_campaigns":false,"_uag_custom_page_level_css":"","_mi_skip_tracking":false,"_monsterinsights_sitenote_active":false,"_monsterinsights_sitenote_note":"","_monsterinsights_sitenote_category":0,"site-sidebar-layout":"default","site-content-layout":"default","ast-global-header-display":"","ast-main-header-display":"","ast-hfb-above-header-display":"","ast-hfb-below-header-display":"","ast-hfb-mobile-header-display":"","site-post-title":"","ast-breadcrumbs-content":"","ast-featured-img":"","footer-sml-layout":"","theme-transparent-header-meta":"default","adv-header-id-meta":"","stick-header-meta":"","header-above-stick-meta":"","header-main-stick-meta":"","header-below-stick-meta":"","footnotes":""},"class_list":["post-1008","page","type-page","status-publish","hentry"],"aioseo_notices":[],"uagb_featured_image_src":{"full":false,"thumbnail":false,"medium":false,"medium_large":false,"large":false,"post-slider-thumb-size":false,"1536x1536":false,"2048x2048":false},"uagb_author_info":{"display_name":"solucaopublicidades@hotmail.com","author_link":"https:\/\/holosofia.com.br\/?author=1"},"uagb_comment_info":0,"uagb_excerpt":"28 \u2013 DIABETES &nbsp; Publicado em 25.11.06 A Prefeitura Municipal de Cajuru contou com a Secretaria de Sa\u00fade para efetivar os eventos comemorativos da 9\u00aa Campanha Nacional Gratuita em Diabetes de Detec\u00e7\u00e3o, Orienta\u00e7\u00e3o, Educa\u00e7\u00e3o e Preven\u00e7\u00e3o das Complica\u00e7\u00f5es \u201cCuidados para Todos\u201d. Esta campanha se alinha ao movimento de comemora\u00e7\u00e3o do Dia Mundial do Diabetes, no&hellip;","_links":{"self":[{"href":"https:\/\/holosofia.com.br\/index.php?rest_route=\/wp\/v2\/pages\/1008","targetHints":{"allow":["GET"]}}],"collection":[{"href":"https:\/\/holosofia.com.br\/index.php?rest_route=\/wp\/v2\/pages"}],"about":[{"href":"https:\/\/holosofia.com.br\/index.php?rest_route=\/wp\/v2\/types\/page"}],"author":[{"embeddable":true,"href":"https:\/\/holosofia.com.br\/index.php?rest_route=\/wp\/v2\/users\/1"}],"replies":[{"embeddable":true,"href":"https:\/\/holosofia.com.br\/index.php?rest_route=%2Fwp%2Fv2%2Fcomments&post=1008"}],"version-history":[{"count":1,"href":"https:\/\/holosofia.com.br\/index.php?rest_route=\/wp\/v2\/pages\/1008\/revisions"}],"predecessor-version":[{"id":1010,"href":"https:\/\/holosofia.com.br\/index.php?rest_route=\/wp\/v2\/pages\/1008\/revisions\/1010"}],"wp:attachment":[{"href":"https:\/\/holosofia.com.br\/index.php?rest_route=%2Fwp%2Fv2%2Fmedia&parent=1008"}],"curies":[{"name":"wp","href":"https:\/\/api.w.org\/{rel}","templated":true}]}}