{"id":1003,"date":"2023-01-10T22:32:56","date_gmt":"2023-01-10T22:32:56","guid":{"rendered":"https:\/\/holosofia.com.br\/?page_id=1003"},"modified":"2023-01-10T22:34:22","modified_gmt":"2023-01-10T22:34:22","slug":"holocoluna-0027","status":"publish","type":"page","link":"https:\/\/holosofia.com.br\/?page_id=1003","title":{"rendered":"Holocoluna &#8211; 0027"},"content":{"rendered":"<h2>27 \u2013 AGRADECIMENTOS<\/h2>\n<p>&nbsp;<\/p>\n<h3 style=\"text-align: right;\">Publicado em 18.11.06<\/h3>\n<h3><\/h3>\n<h3>Uma das mais belas virtudes do ser humano \u00e9 a gratid\u00e3o.<\/h3>\n<h3>Por isso, optamos por interromper a seq\u00fc\u00eancia dos temas previamente planejados para a publica\u00e7\u00e3o semanal, contemplando este espa\u00e7o com o t\u00edtulo \u201cAgradecimentos\u201d, e, assim, podermos retribuir, com o mesmo carinho, a todos que t\u00eam nos telefonado para enaltecer o nosso trabalho e os artigos publicados nesta Holo-coluna, at\u00e9 ent\u00e3o.<\/h3>\n<h3>Inicialmente, queremos agradecer a Deus por ainda estarmos neste Planeta e, de forma altru\u00edsta, ocupados com a\u00e7\u00f5es que visam \u00e0 melhoria da sa\u00fade e das rela\u00e7\u00f5es entre as pessoas.<\/h3>\n<h3>Em segundo lugar, queremos, por quest\u00e3o de justi\u00e7a, afirmar que o nosso trabalho n\u00e3o se constitui em atividades de uma pessoa s\u00f3, mas de milhares de amigos desta hospitaleira Cajuru que, direta ou indiretamente, t\u00eam contribu\u00eddo para o prosseguimento da execu\u00e7\u00e3o daquilo que prev\u00ea o Programa Holos\u00f3fico de Sa\u00fade (PHS).<\/h3>\n<h3>Assim, vimos, publicamente, dividir com todos os nossos colegas de trabalho e os membros das comunidades com quem nos relacionamos essas palavras de reconhecimento, de afeto e de incentivo que temos recebido. E, mesmo sabendo do risco de omitir alguns membros da \u201cGrande Equipe\u201d, nos aventuramos na \u00e1rdua tarefa de mencionar os principais respons\u00e1veis por este grande desafio, mas j\u00e1 antecipando as nossas desculpas.<\/h3>\n<h3><strong>O<\/strong> ilustre prefeito Jo\u00e3o Batista Ruggeri R\u00e9 que, com a sua lucidez, intelig\u00eancia e esp\u00edrito empreendedor foi capaz de escolher o PHS como instrumento de reconstru\u00e7\u00e3o social e de\u00a0 consolida\u00e7\u00e3o da moderna filosofia do SUS, atrav\u00e9s das a\u00e7\u00f5es de sa\u00fade desenvolvidas pelo Programa de Sa\u00fade da Fam\u00edlia (PSF). S\u00e3o cinco equipes \u2013 <em>Cohab, Cruz Alta, Cruzeiro, Dom Bosco e Piscina <\/em>\u2013 em nossa cidade.<\/h3>\n<h3>Esta escolha s\u00f3 foi poss\u00edvel mediante iniciativa da brilhante Secret\u00e1ria Municipal de Sa\u00fade, <strong>a<\/strong> enfermeira Cl\u00e1udia Orsi Z. B. Menta, quando ousou acreditar no sonho de um profissional n\u00e3o apenas comprometido com a possibilidade de mudan\u00e7as hol\u00edsticas no campo da sa\u00fade, mas tamb\u00e9m convicto e determinado nessa dire\u00e7\u00e3o.<\/h3>\n<h3><strong>O<\/strong> primeiro escal\u00e3o do governo municipal e demais servidores pela ades\u00e3o ao Workshop, evento preliminar do PHS levado a 212 colegas de trabalho.<\/h3>\n<h3><strong>Os<\/strong> m\u00e9dicos da cidade, tanto os das unidades municipais quanto os da Santa Casa, incluindo-se a\u00ed as enfermeiras, suas auxiliares e o pessoal administrativo.<\/h3>\n<h3><strong>Os<\/strong> dentistas e seus auxiliares; os farmac\u00eauticos e todo o pessoal do laborat\u00f3rio; os profissionais das diversas Unidades de Sa\u00fade, especialmente o Pronto Socorro Central; os servidores da pr\u00f3pria prefeitura, destacando-se a equipe do Jur\u00eddico e o pessoal do Setor de Obras; os nossos amigos da Casa da Cultura e da Guarda Municipal.<\/h3>\n<h3><strong>Os<\/strong> membros das cinco equipes \u2013 <em>m\u00e9dicos, enfermeiras, agentes comunit\u00e1rias de sa\u00fade e auxiliares de enfermagem <\/em>\u2013 do PSF.<\/h3>\n<h3><strong>Os<\/strong> amigos da Cruz Alta: Luiz, sua esposa Tereza e sua filha Rose, os quais cedem parte da pr\u00f3pria casa para\u00a0 o funcionamento do Holo-cinema, nas noites de ter\u00e7a-feira, com direito a pipoca; os nossos ass\u00edduos assistentes \u2013 <em>crian\u00e7as, adultos e idosos<\/em>; o Jos\u00e9 Am\u00e2ncio, cedendo o local de funcionamento da Holo-biblioteca Comunit\u00e1ria Prof\u00aa Jamile Lourdes Elias (Esta nos honrou com o seu nome); Ded\u00e9, C\u00e9lia, Dinoel, Sandra, Aparecido, Ol\u00edvia, Valda\u00a0 e Pedro, participantes efetivos das reuni\u00f5es do Holo-conselho Comunit\u00e1rio, nas noites de segunda-feira, aquecidas com os bingos mensais.<\/h3>\n<h3><strong>Os<\/strong> amigos do Dom Bosco: Jo\u00e3o Carlos e Maria Rita que cederam parte do seu patrim\u00f4nio para a constru\u00e7\u00e3o da Holo-biblioteca Comunit\u00e1ria Rita do Prado Gon\u00e7alves.<\/h3>\n<h3>A bibliotec\u00e1ria volunt\u00e1ria, nossa querida amiga Alice Oliveira e seu assessor o J\u00falio; os nossos an\u00f4nimos colaboradores de material de constru\u00e7\u00e3o.<\/h3>\n<h3><strong>Os<\/strong> nossos companheiros do Holo-motos Cajuru Clube, lembrando o Adilson Cajuru; os nossos colegas da Secretaria de Sa\u00fade; o amigo Homero, oferecendo o espa\u00e7o para a Holo-coluna; a amiga Eliana Pereira, apoio jornal\u00edstico; as amigas e auxiliares do PHS Eliana Bastos Nascimento, Din\u00e1lia e C\u00e1ssia Freire; os amigos S\u00f4nia Regina \u00c1lvares e Zez\u00e9, apoio log\u00edstico.<\/h3>\n<h3><strong>As<\/strong> nossas crian\u00e7as da APAE e do Pronto Socorro Central que nos permitindo o gratificante exerc\u00edcio da Pediatria.<\/h3>\n<h3><strong>Os<\/strong> amigos do Rotary e dos Col\u00e9gios Geraldo Torrano e do Galdino e da APAE, pelo interesse em conhecer o PHS atrav\u00e9s de palestras.<\/h3>\n<h3><strong>Os <\/strong>amigos e leitores ass\u00edduos da Holo-coluna, Vitor do Foto Luz e Sandrinha.<\/h3>\n<h3><strong>Os <\/strong>nossos familiares, tamb\u00e9m amigos, que nos garantem ancorados em nossas ra\u00edzes psico-emocionais, estas indispens\u00e1veis para as nossas demais realiza\u00e7\u00f5es. Neste item queremos englobar aqueles que n\u00e3o foram inclu\u00eddos.<\/h3>\n<h3><strong>Os<\/strong> amigos de momentos: Luis\u00e3o <em>(um belo encontro um dia antes de partir)<\/em> e Mateusinho <em>(curtimos a inaugura\u00e7\u00e3o do Holo-motos em clima de adolescentes, moleque alegre!).<\/em><\/h3>\n<h3>Como \u00e9 gostoso, significante e surpreendente pararmos para relacionar pessoas que fazem parte da nossa vida em algum momento, transformando-se em grandes amigos!<\/h3>\n<h3>Finalmente, queremos ratificar os nossos agradecimentos, confessando que a manifesta\u00e7\u00e3o de carinho e reconhecimento dos nossos esfor\u00e7os na execu\u00e7\u00e3o das nossas tarefas di\u00e1rias nos motivam a continuar com o mesmo entusiasmo e determina\u00e7\u00e3o.<\/h3>\n<h3>Voc\u00eas s\u00e3o nossos amigos. Uma riqueza.<\/h3>\n<h3>Muito Obrigado!<\/h3>\n<p>&nbsp;<\/p>\n<p>&nbsp;<\/p>\n","protected":false},"excerpt":{"rendered":"<p>27 \u2013 AGRADECIMENTOS &nbsp; Publicado em 18.11.06 Uma das mais belas virtudes do ser humano \u00e9 a gratid\u00e3o. Por isso, optamos por interromper a seq\u00fc\u00eancia dos temas previamente planejados para a publica\u00e7\u00e3o semanal, contemplando este espa\u00e7o com o t\u00edtulo \u201cAgradecimentos\u201d, e, assim, podermos retribuir, com o mesmo carinho, a todos que t\u00eam nos telefonado para &hellip;<\/p>\n<p class=\"read-more\"> <a class=\"\" href=\"https:\/\/holosofia.com.br\/?page_id=1003\"> <span class=\"screen-reader-text\">Holocoluna &#8211; 0027<\/span> Leia mais &raquo;<\/a><\/p>\n","protected":false},"author":1,"featured_media":0,"parent":0,"menu_order":0,"comment_status":"closed","ping_status":"closed","template":"","meta":{"_bbp_topic_count":0,"_bbp_reply_count":0,"_bbp_total_topic_count":0,"_bbp_total_reply_count":0,"_bbp_voice_count":0,"_bbp_anonymous_reply_count":0,"_bbp_topic_count_hidden":0,"_bbp_reply_count_hidden":0,"_bbp_forum_subforum_count":0,"om_disable_all_campaigns":false,"_uag_custom_page_level_css":"","_mi_skip_tracking":false,"_monsterinsights_sitenote_active":false,"_monsterinsights_sitenote_note":"","_monsterinsights_sitenote_category":0,"site-sidebar-layout":"default","site-content-layout":"default","ast-global-header-display":"","ast-main-header-display":"","ast-hfb-above-header-display":"","ast-hfb-below-header-display":"","ast-hfb-mobile-header-display":"","site-post-title":"","ast-breadcrumbs-content":"","ast-featured-img":"","footer-sml-layout":"","theme-transparent-header-meta":"default","adv-header-id-meta":"","stick-header-meta":"","header-above-stick-meta":"","header-main-stick-meta":"","header-below-stick-meta":"","footnotes":""},"class_list":["post-1003","page","type-page","status-publish","hentry"],"aioseo_notices":[],"uagb_featured_image_src":{"full":false,"thumbnail":false,"medium":false,"medium_large":false,"large":false,"post-slider-thumb-size":false,"1536x1536":false,"2048x2048":false},"uagb_author_info":{"display_name":"solucaopublicidades@hotmail.com","author_link":"https:\/\/holosofia.com.br\/?author=1"},"uagb_comment_info":0,"uagb_excerpt":"27 \u2013 AGRADECIMENTOS &nbsp; Publicado em 18.11.06 Uma das mais belas virtudes do ser humano \u00e9 a gratid\u00e3o. Por isso, optamos por interromper a seq\u00fc\u00eancia dos temas previamente planejados para a publica\u00e7\u00e3o semanal, contemplando este espa\u00e7o com o t\u00edtulo \u201cAgradecimentos\u201d, e, assim, podermos retribuir, com o mesmo carinho, a todos que t\u00eam nos telefonado para&hellip;","_links":{"self":[{"href":"https:\/\/holosofia.com.br\/index.php?rest_route=\/wp\/v2\/pages\/1003","targetHints":{"allow":["GET"]}}],"collection":[{"href":"https:\/\/holosofia.com.br\/index.php?rest_route=\/wp\/v2\/pages"}],"about":[{"href":"https:\/\/holosofia.com.br\/index.php?rest_route=\/wp\/v2\/types\/page"}],"author":[{"embeddable":true,"href":"https:\/\/holosofia.com.br\/index.php?rest_route=\/wp\/v2\/users\/1"}],"replies":[{"embeddable":true,"href":"https:\/\/holosofia.com.br\/index.php?rest_route=%2Fwp%2Fv2%2Fcomments&post=1003"}],"version-history":[{"count":1,"href":"https:\/\/holosofia.com.br\/index.php?rest_route=\/wp\/v2\/pages\/1003\/revisions"}],"predecessor-version":[{"id":1004,"href":"https:\/\/holosofia.com.br\/index.php?rest_route=\/wp\/v2\/pages\/1003\/revisions\/1004"}],"wp:attachment":[{"href":"https:\/\/holosofia.com.br\/index.php?rest_route=%2Fwp%2Fv2%2Fmedia&parent=1003"}],"curies":[{"name":"wp","href":"https:\/\/api.w.org\/{rel}","templated":true}]}}